{"id":93331,"date":"2021-02-21T21:44:37","date_gmt":"2021-02-21T21:44:37","guid":{"rendered":"https:\/\/www.autonvaraosahaku.fi\/?product=meyle-314-498-0011-vetoakseli"},"modified":"2021-02-21T21:44:37","modified_gmt":"2021-02-21T21:44:37","slug":"meyle-314-498-0011-vetoakseli","status":"publish","type":"product","link":"https:\/\/www.autonvaraosahaku.fi\/?product=meyle-314-498-0011-vetoakseli","title":{"rendered":"MEYLE 314 498 0011 Vetoakseli"},"content":{"rendered":"<p>Asennuspuoli: Etuakseli, oikea; Ulkohammastus, py\u00f6r\u00e4npuoli: 30; Sis\u00e4hammastus, py\u00f6r\u00e4npuoli: 27; Pituus (mm): 970; Tiivisteen l\u00e4pimitta [mm]: 64,8; Ulkohammastus tasauspy\u00f6r\u00e4st\u00f6puoli: 27; Pantiton uusi osa: ; parilliset tuotenumerot: 314 498 0009; lis\u00e4tieto: ORIGINAL Quality; BMW: X5 E53; 31607505004, 31607505006, 31607561342, 31607565314<\/p>\n","protected":false},"excerpt":{"rendered":"<p>MEYLE Vetoakseli 314 498 0011  BMW,X5 E53<\/p>\n","protected":false},"featured_media":0,"template":"","meta":{"site-sidebar-layout":"default","site-content-layout":"default","ast-global-header-display":"","ast-main-header-display":"","ast-hfb-above-header-display":"","ast-hfb-below-header-display":"","ast-hfb-mobile-header-display":"","site-post-title":"","ast-breadcrumbs-content":"","ast-featured-img":"","footer-sml-layout":"","theme-transparent-header-meta":"","adv-header-id-meta":"","stick-header-meta":"","header-above-stick-meta":"","header-main-stick-meta":"","header-below-stick-meta":""},"pwb-brand":[84],"product_cat":[215],"product_tag":[],"class_list":{"0":"post-93331","1":"product","2":"type-product","3":"status-publish","5":"pwb-brand-meyle","6":"product_cat-vetoakseli","7":"desktop-align-left","8":"tablet-align-left","9":"mobile-align-left","11":"first","12":"instock","13":"product-type-external"},"brands":[{"id":84,"name":"MEYLE","slug":"meyle"}],"_links":{"self":[{"href":"https:\/\/www.autonvaraosahaku.fi\/index.php?rest_route=\/wp\/v2\/product\/93331","targetHints":{"allow":["GET"]}}],"collection":[{"href":"https:\/\/www.autonvaraosahaku.fi\/index.php?rest_route=\/wp\/v2\/product"}],"about":[{"href":"https:\/\/www.autonvaraosahaku.fi\/index.php?rest_route=\/wp\/v2\/types\/product"}],"wp:attachment":[{"href":"https:\/\/www.autonvaraosahaku.fi\/index.php?rest_route=%2Fwp%2Fv2%2Fmedia&parent=93331"}],"wp:term":[{"taxonomy":"pwb-brand","embeddable":true,"href":"https:\/\/www.autonvaraosahaku.fi\/index.php?rest_route=%2Fwp%2Fv2%2Fpwb-brand&post=93331"},{"taxonomy":"product_cat","embeddable":true,"href":"https:\/\/www.autonvaraosahaku.fi\/index.php?rest_route=%2Fwp%2Fv2%2Fproduct_cat&post=93331"},{"taxonomy":"product_tag","embeddable":true,"href":"https:\/\/www.autonvaraosahaku.fi\/index.php?rest_route=%2Fwp%2Fv2%2Fproduct_tag&post=93331"}],"curies":[{"name":"wp","href":"https:\/\/api.w.org\/{rel}","templated":true}]}}