{"id":93352,"date":"2021-02-21T21:44:45","date_gmt":"2021-02-21T21:44:45","guid":{"rendered":"https:\/\/www.autonvaraosahaku.fi\/?product=ridex-654w0072-pyoranlaakerit"},"modified":"2021-02-21T21:44:46","modified_gmt":"2021-02-21T21:44:46","slug":"ridex-654w0072-pyoranlaakerit","status":"publish","type":"product","link":"https:\/\/www.autonvaraosahaku.fi\/?product=ridex-654w0072-pyoranlaakerit","title":{"rendered":"RIDEX 654W0072 Py\u00f6r\u00e4nlaakerit"},"content":{"rendered":"<p>Sis\u00e4l\u00e4pimitta [mm]: 32; Ulkol\u00e4pimitta [mm]: 129,1; Leveys (mm): 59; Hammasluku, ABS-keh\u00e4: 48; Jarru-\/ajodynamiikka: Autoihin, joissa ABS; Asennuspuoli: Taka-akseli, molemminpuolinen; Valmistusvuosi alkaen: 06\/1995; CITRO\u00cbN: BERLINGO MF,XSARA PICASSO N68,BERLINGO Kasten M_,XANTIA X2,XANTIA X1,XANTIA Break X2,XANTIA Break X1; PEUGEOT: 406 Break 8E\/F,PARTNER Combispace 5F,PARTNER Kasten 5,406 Coupe 8C,406 8B; 370165, 374829, 374868, 374880, 370165, 374829, 374829SK, 374868, 374880; Py\u00f6r\u00e4nlaakerisarja<\/p>\n","protected":false},"excerpt":{"rendered":"<p>RIDEX Py\u00f6r\u00e4nlaakerit 654W0072 Py\u00f6r\u00e4nlaakerisarja CITRO\u00cbN,PEUGEOT,BERLINGO MF,XSARA PICASSO N68,BERLINGO Kasten M_,XANTIA X2,XANTIA X1,XANTIA Break X2<\/p>\n","protected":false},"featured_media":0,"template":"","meta":{"site-sidebar-layout":"default","site-content-layout":"default","ast-global-header-display":"","ast-main-header-display":"","ast-hfb-above-header-display":"","ast-hfb-below-header-display":"","ast-hfb-mobile-header-display":"","site-post-title":"","ast-breadcrumbs-content":"","ast-featured-img":"","footer-sml-layout":"","theme-transparent-header-meta":"","adv-header-id-meta":"","stick-header-meta":"","header-above-stick-meta":"","header-main-stick-meta":"","header-below-stick-meta":""},"pwb-brand":[157],"product_cat":[83],"product_tag":[],"class_list":{"0":"post-93352","1":"product","2":"type-product","3":"status-publish","5":"pwb-brand-ridex","6":"product_cat-pyoranlaakerit","7":"desktop-align-left","8":"tablet-align-left","9":"mobile-align-left","11":"first","12":"instock","13":"product-type-external"},"brands":[{"id":157,"name":"RIDEX","slug":"ridex"}],"_links":{"self":[{"href":"https:\/\/www.autonvaraosahaku.fi\/index.php?rest_route=\/wp\/v2\/product\/93352","targetHints":{"allow":["GET"]}}],"collection":[{"href":"https:\/\/www.autonvaraosahaku.fi\/index.php?rest_route=\/wp\/v2\/product"}],"about":[{"href":"https:\/\/www.autonvaraosahaku.fi\/index.php?rest_route=\/wp\/v2\/types\/product"}],"wp:attachment":[{"href":"https:\/\/www.autonvaraosahaku.fi\/index.php?rest_route=%2Fwp%2Fv2%2Fmedia&parent=93352"}],"wp:term":[{"taxonomy":"pwb-brand","embeddable":true,"href":"https:\/\/www.autonvaraosahaku.fi\/index.php?rest_route=%2Fwp%2Fv2%2Fpwb-brand&post=93352"},{"taxonomy":"product_cat","embeddable":true,"href":"https:\/\/www.autonvaraosahaku.fi\/index.php?rest_route=%2Fwp%2Fv2%2Fproduct_cat&post=93352"},{"taxonomy":"product_tag","embeddable":true,"href":"https:\/\/www.autonvaraosahaku.fi\/index.php?rest_route=%2Fwp%2Fv2%2Fproduct_tag&post=93352"}],"curies":[{"name":"wp","href":"https:\/\/api.w.org\/{rel}","templated":true}]}}