{"id":93353,"date":"2021-02-21T21:44:45","date_gmt":"2021-02-21T21:44:45","guid":{"rendered":"https:\/\/www.autonvaraosahaku.fi\/?product=ridex-3926a0131-ilmamassamittari"},"modified":"2021-02-21T21:44:46","modified_gmt":"2021-02-21T21:44:46","slug":"ridex-3926a0131-ilmamassamittari","status":"publish","type":"product","link":"https:\/\/www.autonvaraosahaku.fi\/?product=ridex-3926a0131-ilmamassamittari","title":{"rendered":"RIDEX 3926A0131 Ilmamassamittari"},"content":{"rendered":"<p>Kotelomalli: Kopalla; Ulostulon l\u00e4pimitta [mm]: 70; Sis\u00e4\u00e4ntulol\u00e4pimitta [mm]: 70; Korvaava tuote\/korvaava tiedote 2: sis\u00e4\u00e4nrakennetulla s\u00e4leik\u00f6ll\u00e4; J\u00e4nnite (V): 12; Moottorinumero: Z 17 DTL; OPEL: CORSA C F08, F68,ASTRA G CC F48_, F08_,ASTRA G Caravan F35_,TIGRA TwinTop,COMBO Kasten\/Kombi,ASTRA G Stufenheck F69_,COMBO Tour,CORSA C Kasten F08, W5L; VAUXHALL: CORSA Mk II C W5L, F08,ASTRA Mk IV G CC,CORSAVAN Mk II C,ASTRA Mk IV G Sedan,TIGRA Convertible,ASTRAVAN Mk IV G,COMBO TOUR Mk II C F25,ASTRA Mk IV G Estate,COMBO Mk II C Kasten\/Kombi F25; 55187718, 55187718, 55187718, 024439252, 0836635, 093177718, 24439252, 836635, 93177718; Ilmam\u00e4\u00e4r\u00e4mittari,MAF Anturi<\/p>\n","protected":false},"excerpt":{"rendered":"<p>RIDEX Ilmamassamittari 3926A0131 Ilmam\u00e4\u00e4r\u00e4mittari,MAF Anturi OPEL,VAUXHALL,CORSA C F08, F68,ASTRA G CC F48_, F08_,ASTRA G Caravan F35_,TIGRA TwinTop<\/p>\n","protected":false},"featured_media":0,"template":"","meta":{"site-sidebar-layout":"default","site-content-layout":"default","ast-global-header-display":"","ast-main-header-display":"","ast-hfb-above-header-display":"","ast-hfb-below-header-display":"","ast-hfb-mobile-header-display":"","site-post-title":"","ast-breadcrumbs-content":"","ast-featured-img":"","footer-sml-layout":"","theme-transparent-header-meta":"","adv-header-id-meta":"","stick-header-meta":"","header-above-stick-meta":"","header-main-stick-meta":"","header-below-stick-meta":""},"pwb-brand":[157],"product_cat":[270],"product_tag":[],"class_list":{"0":"post-93353","1":"product","2":"type-product","3":"status-publish","5":"pwb-brand-ridex","6":"product_cat-ilmamassamittari","7":"desktop-align-left","8":"tablet-align-left","9":"mobile-align-left","11":"first","12":"instock","13":"product-type-external"},"brands":[{"id":157,"name":"RIDEX","slug":"ridex"}],"_links":{"self":[{"href":"https:\/\/www.autonvaraosahaku.fi\/index.php?rest_route=\/wp\/v2\/product\/93353","targetHints":{"allow":["GET"]}}],"collection":[{"href":"https:\/\/www.autonvaraosahaku.fi\/index.php?rest_route=\/wp\/v2\/product"}],"about":[{"href":"https:\/\/www.autonvaraosahaku.fi\/index.php?rest_route=\/wp\/v2\/types\/product"}],"wp:attachment":[{"href":"https:\/\/www.autonvaraosahaku.fi\/index.php?rest_route=%2Fwp%2Fv2%2Fmedia&parent=93353"}],"wp:term":[{"taxonomy":"pwb-brand","embeddable":true,"href":"https:\/\/www.autonvaraosahaku.fi\/index.php?rest_route=%2Fwp%2Fv2%2Fpwb-brand&post=93353"},{"taxonomy":"product_cat","embeddable":true,"href":"https:\/\/www.autonvaraosahaku.fi\/index.php?rest_route=%2Fwp%2Fv2%2Fproduct_cat&post=93353"},{"taxonomy":"product_tag","embeddable":true,"href":"https:\/\/www.autonvaraosahaku.fi\/index.php?rest_route=%2Fwp%2Fv2%2Fproduct_tag&post=93353"}],"curies":[{"name":"wp","href":"https:\/\/api.w.org\/{rel}","templated":true}]}}