{"id":9336,"date":"2021-02-21T14:05:35","date_gmt":"2021-02-21T14:05:35","guid":{"rendered":"https:\/\/www.autonvaraosahaku.fi\/?product=master-sport-31213-set-ms-raidetangon-paa"},"modified":"2021-02-21T14:05:36","modified_gmt":"2021-02-21T14:05:36","slug":"master-sport-31213-set-ms-raidetangon-paa","status":"publish","type":"product","link":"https:\/\/www.autonvaraosahaku.fi\/?product=master-sport-31213-set-ms-raidetangon-paa","title":{"rendered":"MASTER-SPORT 31213-SET-MS Raidetangon p\u00e4\u00e4"},"content":{"rendered":"<p>Asennuspuoli: Etuakseli, Oikea; Kierremitta: M12x1,5; Ulkokierre [mm]: M10x1,25; Lukum\u00e4\u00e4r\u00e4 akselille: 1; parilliset tuotenumerot: 31189-SET-MS; Nettopaino [kg]: 0,5; Bruttopaino [kg]: 0,51; Kiinnitysmalli: h\u00e4ngend; FORD: KA RU8; FIAT: PANDA 169,500 312,500 C 312,PANDA Van 169; ABARTH: 500 \/ 595 312_,500C \/ 595C 312_; 77362508, 77367002, 77362508, 77367002, 1543821, 1546260, 1935087, 9S513270BA, 9S513270BB, 9S513F667BA<\/p>\n","protected":false},"excerpt":{"rendered":"<p>MASTER-SPORT Raidetangon P\u00e4\u00e4 31213-SET-MS  FORD,FIAT,ABARTH,KA RU8,PANDA 169,500 312,500 C 312,PANDA Van 169,500 \/ 595 312_,500C \/ 595C 312_<\/p>\n","protected":false},"featured_media":0,"template":"","meta":{"site-sidebar-layout":"default","site-content-layout":"default","ast-global-header-display":"","ast-main-header-display":"","ast-hfb-above-header-display":"","ast-hfb-below-header-display":"","ast-hfb-mobile-header-display":"","site-post-title":"","ast-breadcrumbs-content":"","ast-featured-img":"","footer-sml-layout":"","theme-transparent-header-meta":"","adv-header-id-meta":"","stick-header-meta":"","header-above-stick-meta":"","header-main-stick-meta":"","header-below-stick-meta":""},"pwb-brand":[61],"product_cat":[96],"product_tag":[],"class_list":{"0":"post-9336","1":"product","2":"type-product","3":"status-publish","5":"pwb-brand-master-sport","6":"product_cat-raidetangon-paa","7":"desktop-align-left","8":"tablet-align-left","9":"mobile-align-left","11":"first","12":"instock","13":"product-type-external"},"brands":[{"id":61,"name":"MASTER-SPORT","slug":"master-sport"}],"_links":{"self":[{"href":"https:\/\/www.autonvaraosahaku.fi\/index.php?rest_route=\/wp\/v2\/product\/9336","targetHints":{"allow":["GET"]}}],"collection":[{"href":"https:\/\/www.autonvaraosahaku.fi\/index.php?rest_route=\/wp\/v2\/product"}],"about":[{"href":"https:\/\/www.autonvaraosahaku.fi\/index.php?rest_route=\/wp\/v2\/types\/product"}],"wp:attachment":[{"href":"https:\/\/www.autonvaraosahaku.fi\/index.php?rest_route=%2Fwp%2Fv2%2Fmedia&parent=9336"}],"wp:term":[{"taxonomy":"pwb-brand","embeddable":true,"href":"https:\/\/www.autonvaraosahaku.fi\/index.php?rest_route=%2Fwp%2Fv2%2Fpwb-brand&post=9336"},{"taxonomy":"product_cat","embeddable":true,"href":"https:\/\/www.autonvaraosahaku.fi\/index.php?rest_route=%2Fwp%2Fv2%2Fproduct_cat&post=9336"},{"taxonomy":"product_tag","embeddable":true,"href":"https:\/\/www.autonvaraosahaku.fi\/index.php?rest_route=%2Fwp%2Fv2%2Fproduct_tag&post=9336"}],"curies":[{"name":"wp","href":"https:\/\/api.w.org\/{rel}","templated":true}]}}