{"id":93362,"date":"2021-02-21T21:44:45","date_gmt":"2021-02-21T21:44:45","guid":{"rendered":"https:\/\/www.autonvaraosahaku.fi\/?product=ae-v95136-pakoventtiili"},"modified":"2021-02-21T21:44:49","modified_gmt":"2021-02-21T21:44:49","slug":"ae-v95136-pakoventtiili","status":"publish","type":"product","link":"https:\/\/www.autonvaraosahaku.fi\/?product=ae-v95136-pakoventtiili","title":{"rendered":"AE V95136 Pakoventtiili"},"content":{"rendered":"<p>Pituus (mm): 96,35; Materiaali: Bimetalli, Kromi-mangani-nikkeliter\u00e4s; Korvaava tuote\/korvaava tiedote 2: venttiilinvarsi kromattu, Stelliittik\u00e4sitelty venttiilinistukka, Venttilivarren p\u00e4\u00e4 karkaistu; Venttiililautasen l\u00e4pimitta [mm]: 25,20; Venttiilinvarren l\u00e4pimitta [mm]: 5,925; venttiiliistukan kulma [astetta]: 45; Venttiilivarsimateriaali: Kromi-siliciumter\u00e4s; TECDOC-moottorinumero: 24908; LAND ROVER: RANGE ROVER SPORT LS,RANGE ROVER III LM,DISCOVERY III TAA,DISCOVERY IV LA,RANGE ROVER SPORT LW,RANGE ROVER IV LG,RANGE ROVER VELAR L560,DISCOVERY V LR_; JAGUAR: S-TYPE CCX,XF _J05_, CC9,XJ X350, X358,XF SPORTBRAKE CC9,XJ X35_, _J12_, _J24_,XF X260,F-PACE X761_,XF SPORTBRAKE X260; CITRO\u00cbN: C5 III Break TD_,C5 III RD_,C6 TD_; PEUGEOT: 407 SW 6E_,607 9D, 9U,407 6D_,407 Coupe 6C_; 0949C6, 0949C6, LR008130, 0949C6<\/p>\n","protected":false},"excerpt":{"rendered":"<p>AE Pakoventtiili V95136  LAND ROVER,JAGUAR,CITRO\u00cbN,RANGE ROVER SPORT LS,RANGE ROVER III LM,DISCOVERY III TAA,DISCOVERY IV LA,RANGE ROVER SPORT LW<\/p>\n","protected":false},"featured_media":0,"template":"","meta":{"site-sidebar-layout":"default","site-content-layout":"default","ast-global-header-display":"","ast-main-header-display":"","ast-hfb-above-header-display":"","ast-hfb-below-header-display":"","ast-hfb-mobile-header-display":"","site-post-title":"","ast-breadcrumbs-content":"","ast-featured-img":"","footer-sml-layout":"","theme-transparent-header-meta":"","adv-header-id-meta":"","stick-header-meta":"","header-above-stick-meta":"","header-main-stick-meta":"","header-below-stick-meta":""},"pwb-brand":[190],"product_cat":[209],"product_tag":[],"class_list":{"0":"post-93362","1":"product","2":"type-product","3":"status-publish","5":"pwb-brand-ae","6":"product_cat-pakoventtiili","7":"desktop-align-left","8":"tablet-align-left","9":"mobile-align-left","11":"first","12":"instock","13":"product-type-external"},"brands":[{"id":190,"name":"AE","slug":"ae"}],"_links":{"self":[{"href":"https:\/\/www.autonvaraosahaku.fi\/index.php?rest_route=\/wp\/v2\/product\/93362","targetHints":{"allow":["GET"]}}],"collection":[{"href":"https:\/\/www.autonvaraosahaku.fi\/index.php?rest_route=\/wp\/v2\/product"}],"about":[{"href":"https:\/\/www.autonvaraosahaku.fi\/index.php?rest_route=\/wp\/v2\/types\/product"}],"wp:attachment":[{"href":"https:\/\/www.autonvaraosahaku.fi\/index.php?rest_route=%2Fwp%2Fv2%2Fmedia&parent=93362"}],"wp:term":[{"taxonomy":"pwb-brand","embeddable":true,"href":"https:\/\/www.autonvaraosahaku.fi\/index.php?rest_route=%2Fwp%2Fv2%2Fpwb-brand&post=93362"},{"taxonomy":"product_cat","embeddable":true,"href":"https:\/\/www.autonvaraosahaku.fi\/index.php?rest_route=%2Fwp%2Fv2%2Fproduct_cat&post=93362"},{"taxonomy":"product_tag","embeddable":true,"href":"https:\/\/www.autonvaraosahaku.fi\/index.php?rest_route=%2Fwp%2Fv2%2Fproduct_tag&post=93362"}],"curies":[{"name":"wp","href":"https:\/\/api.w.org\/{rel}","templated":true}]}}