{"id":93373,"date":"2021-02-21T21:44:53","date_gmt":"2021-02-21T21:44:53","guid":{"rendered":"https:\/\/www.autonvaraosahaku.fi\/?product=ridex-82b0877-jarrulevyt"},"modified":"2021-02-21T21:44:54","modified_gmt":"2021-02-21T21:44:54","slug":"ridex-82b0877-jarrulevyt","status":"publish","type":"product","link":"https:\/\/www.autonvaraosahaku.fi\/?product=ridex-82b0877-jarrulevyt","title":{"rendered":"RIDEX 82B0877 Jarrulevyt"},"content":{"rendered":"<p>L\u00e4pimitta [mm]: 284; Korkeus (mm): 51; Reik\u00e4-\u00d8 [mm]: 12,5; Jarrulevytyyppi: Tuuletettu; Jarrulevyn paksuus (mm): 24; V\u00e4himm\u00e4ispaksuus (mm): 22,4; Sis\u00e4l\u00e4pimitta [mm]: 171; keskitt\u00e4misl\u00e4pimitta [mm]: 96,3; Reik\u00e4ympyr\u00e4-\u00d8 [mm]: 139,7; Reik\u00e4kuvio\/-m\u00e4\u00e4r\u00e4: 5\/9; Asennuspuoli: Etuakseli, Vorderachse; KIA: SPORTAGE K00,RETONA CE; 0K011325XC, 0K01133251D, 0K01133251E, 0K0113325XC, 0K01A33251C, 0K01A33251D, 0K01A3325XB, OK01133251D, OK01A3325XB; Jarrulevy<\/p>\n","protected":false},"excerpt":{"rendered":"<p>RIDEX Jarrulevyt 82B0877 Jarrulevy KIA,SPORTAGE K00,RETONA CE<\/p>\n","protected":false},"featured_media":0,"template":"","meta":{"site-sidebar-layout":"default","site-content-layout":"default","ast-global-header-display":"","ast-main-header-display":"","ast-hfb-above-header-display":"","ast-hfb-below-header-display":"","ast-hfb-mobile-header-display":"","site-post-title":"","ast-breadcrumbs-content":"","ast-featured-img":"","footer-sml-layout":"","theme-transparent-header-meta":"","adv-header-id-meta":"","stick-header-meta":"","header-above-stick-meta":"","header-main-stick-meta":"","header-below-stick-meta":""},"pwb-brand":[157],"product_cat":[66],"product_tag":[],"class_list":{"0":"post-93373","1":"product","2":"type-product","3":"status-publish","5":"pwb-brand-ridex","6":"product_cat-jarrulevyt","7":"desktop-align-left","8":"tablet-align-left","9":"mobile-align-left","11":"first","12":"instock","13":"product-type-external"},"brands":[{"id":157,"name":"RIDEX","slug":"ridex"}],"_links":{"self":[{"href":"https:\/\/www.autonvaraosahaku.fi\/index.php?rest_route=\/wp\/v2\/product\/93373","targetHints":{"allow":["GET"]}}],"collection":[{"href":"https:\/\/www.autonvaraosahaku.fi\/index.php?rest_route=\/wp\/v2\/product"}],"about":[{"href":"https:\/\/www.autonvaraosahaku.fi\/index.php?rest_route=\/wp\/v2\/types\/product"}],"wp:attachment":[{"href":"https:\/\/www.autonvaraosahaku.fi\/index.php?rest_route=%2Fwp%2Fv2%2Fmedia&parent=93373"}],"wp:term":[{"taxonomy":"pwb-brand","embeddable":true,"href":"https:\/\/www.autonvaraosahaku.fi\/index.php?rest_route=%2Fwp%2Fv2%2Fpwb-brand&post=93373"},{"taxonomy":"product_cat","embeddable":true,"href":"https:\/\/www.autonvaraosahaku.fi\/index.php?rest_route=%2Fwp%2Fv2%2Fproduct_cat&post=93373"},{"taxonomy":"product_tag","embeddable":true,"href":"https:\/\/www.autonvaraosahaku.fi\/index.php?rest_route=%2Fwp%2Fv2%2Fproduct_tag&post=93373"}],"curies":[{"name":"wp","href":"https:\/\/api.w.org\/{rel}","templated":true}]}}