{"id":93386,"date":"2021-02-21T21:44:53","date_gmt":"2021-02-21T21:44:53","guid":{"rendered":"https:\/\/www.autonvaraosahaku.fi\/?product=jp-group-1290450100-muut-luokat"},"modified":"2021-02-21T21:45:00","modified_gmt":"2021-02-21T21:45:00","slug":"jp-group-1290450100-muut-luokat","status":"publish","type":"product","link":"https:\/\/www.autonvaraosahaku.fi\/?product=jp-group-1290450100-muut-luokat","title":{"rendered":"JP GROUP 1290450100 Muut luokat"},"content":{"rendered":"<p>Paino [kg]: 0,449; Tarvittava kappalem\u00e4\u00e4r\u00e4: 1; OPEL: OMEGA A 16_, 17_, 19_,CORSA B 73_, 78_, 79_,ASTRA F CC 53_, 54_, 58_, 59_,ASTRA F Caravan 51_, 52_,CALIBRA A 85_,VECTRA A 86_, 87_,ASTRA F Cabriolet 53_B,ASTRA F 56_, 57_,KADETT E CC 33_, 34_, 43_, 44_,TIGRA 95_,CORSA A CC 93_, 94_, 98_, 99_,MANTA B 58_, 59_,VECTRA A CC 88_, 89_,KADETT E Cabriolet 43B_,ASCONA B 81_, 86_, 87_, 88_,ASCONA C 81_, 86_, 87_, 88_,SENATOR B 29_,OMEGA A Caravan 66_, 67_,CORSA A TR 91_, 92_, 96_, 97_,ASTRA F CLASSIC Caravan,KADETT E 39_, 49_,ASCONA C CC 84_, 89_,KADETT E Caravan 35_, 36_, 45_, 46_,ASTRA F Van 55_,KADETT E Kasten 37_, 47_,KADETT E Combo 38_, 48_; VAUXHALL: CALIBRA,ASTRA Mk III F CC,CORSA Mk I B,ASTRA Mk II CC,CAVALIER Mk III 87,ASTRA Mk III F Estate,CAVALIER Mk III CC,COMBO Mk I B,TIGRA Mk I F07,ASTRAVAN Mk III F,CAVALIER Mk II CC,NOVA,NOVA CC,CARLTON Mk III; 0914483, 0914495, 914483, 914495<\/p>\n","protected":false},"excerpt":{"rendered":"<p>JP GROUP Virtalukko JP Group 1290450100  OPEL,VAUXHALL,OMEGA A 16_, 17_, 19_,CORSA B 73_, 78_, 79_,ASTRA F CC 53_, 54_, 58_, 59_<\/p>\n","protected":false},"featured_media":0,"template":"","meta":{"site-sidebar-layout":"default","site-content-layout":"default","ast-global-header-display":"","ast-main-header-display":"","ast-hfb-above-header-display":"","ast-hfb-below-header-display":"","ast-hfb-mobile-header-display":"","site-post-title":"","ast-breadcrumbs-content":"","ast-featured-img":"","footer-sml-layout":"","theme-transparent-header-meta":"","adv-header-id-meta":"","stick-header-meta":"","header-above-stick-meta":"","header-main-stick-meta":"","header-below-stick-meta":""},"pwb-brand":[131],"product_cat":[37],"product_tag":[],"class_list":{"0":"post-93386","1":"product","2":"type-product","3":"status-publish","5":"pwb-brand-jp-group","6":"product_cat-muut-luokat","7":"desktop-align-left","8":"tablet-align-left","9":"mobile-align-left","11":"first","12":"instock","13":"product-type-external"},"brands":[{"id":131,"name":"JP GROUP","slug":"jp-group"}],"_links":{"self":[{"href":"https:\/\/www.autonvaraosahaku.fi\/index.php?rest_route=\/wp\/v2\/product\/93386","targetHints":{"allow":["GET"]}}],"collection":[{"href":"https:\/\/www.autonvaraosahaku.fi\/index.php?rest_route=\/wp\/v2\/product"}],"about":[{"href":"https:\/\/www.autonvaraosahaku.fi\/index.php?rest_route=\/wp\/v2\/types\/product"}],"wp:attachment":[{"href":"https:\/\/www.autonvaraosahaku.fi\/index.php?rest_route=%2Fwp%2Fv2%2Fmedia&parent=93386"}],"wp:term":[{"taxonomy":"pwb-brand","embeddable":true,"href":"https:\/\/www.autonvaraosahaku.fi\/index.php?rest_route=%2Fwp%2Fv2%2Fpwb-brand&post=93386"},{"taxonomy":"product_cat","embeddable":true,"href":"https:\/\/www.autonvaraosahaku.fi\/index.php?rest_route=%2Fwp%2Fv2%2Fproduct_cat&post=93386"},{"taxonomy":"product_tag","embeddable":true,"href":"https:\/\/www.autonvaraosahaku.fi\/index.php?rest_route=%2Fwp%2Fv2%2Fproduct_tag&post=93386"}],"curies":[{"name":"wp","href":"https:\/\/api.w.org\/{rel}","templated":true}]}}