{"id":93390,"date":"2021-02-21T21:45:02","date_gmt":"2021-02-21T21:45:02","guid":{"rendered":"https:\/\/www.autonvaraosahaku.fi\/?product=meyle-300-312-1111-s-pyoranlaakerit"},"modified":"2021-02-21T21:45:02","modified_gmt":"2021-02-21T21:45:02","slug":"meyle-300-312-1111-s-pyoranlaakerit","status":"publish","type":"product","link":"https:\/\/www.autonvaraosahaku.fi\/?product=meyle-300-312-1111-s-pyoranlaakerit","title":{"rendered":"MEYLE 300 312 1111\/S Py\u00f6r\u00e4nlaakerit"},"content":{"rendered":"<p>Asennuspuoli: etuakseli molemminpuoleinen; Lis\u00e4tarvike\/lis\u00e4tieto: Asennusmateriaalilla; Sis\u00e4l\u00e4pimitta [mm]: 49; Ulkol\u00e4pimitta [mm]: 90; Korkeus (mm): 45; Laakerityyppi: Kuulalaakeri; lis\u00e4tieto: ORIGINAL Quality; Valmistusvuosi alkaen: 09\/2008; BMW: 3 Touring E91,3 E90,5 E60,5 Touring E61,X3 E83,X5 E53,3 Coupe E92; 31203450600, 31213413946, 31213443980, 31222229524, 31222311523, 31222348053, 31222405867, 31226751978, 31226783913; Py\u00f6r\u00e4nlaakerisarja<\/p>\n","protected":false},"excerpt":{"rendered":"<p>MEYLE Py\u00f6r\u00e4nlaakerit 300 312 1111\/S Py\u00f6r\u00e4nlaakerisarja BMW,3 Touring E91,3 E90,5 E60,5 Touring E61,X3 E83,X5 E53,3 Coupe E92<\/p>\n","protected":false},"featured_media":0,"template":"","meta":{"site-sidebar-layout":"default","site-content-layout":"default","ast-global-header-display":"","ast-main-header-display":"","ast-hfb-above-header-display":"","ast-hfb-below-header-display":"","ast-hfb-mobile-header-display":"","site-post-title":"","ast-breadcrumbs-content":"","ast-featured-img":"","footer-sml-layout":"","theme-transparent-header-meta":"","adv-header-id-meta":"","stick-header-meta":"","header-above-stick-meta":"","header-main-stick-meta":"","header-below-stick-meta":""},"pwb-brand":[84],"product_cat":[83],"product_tag":[],"class_list":{"0":"post-93390","1":"product","2":"type-product","3":"status-publish","5":"pwb-brand-meyle","6":"product_cat-pyoranlaakerit","7":"desktop-align-left","8":"tablet-align-left","9":"mobile-align-left","11":"first","12":"instock","13":"product-type-external"},"brands":[{"id":84,"name":"MEYLE","slug":"meyle"}],"_links":{"self":[{"href":"https:\/\/www.autonvaraosahaku.fi\/index.php?rest_route=\/wp\/v2\/product\/93390","targetHints":{"allow":["GET"]}}],"collection":[{"href":"https:\/\/www.autonvaraosahaku.fi\/index.php?rest_route=\/wp\/v2\/product"}],"about":[{"href":"https:\/\/www.autonvaraosahaku.fi\/index.php?rest_route=\/wp\/v2\/types\/product"}],"wp:attachment":[{"href":"https:\/\/www.autonvaraosahaku.fi\/index.php?rest_route=%2Fwp%2Fv2%2Fmedia&parent=93390"}],"wp:term":[{"taxonomy":"pwb-brand","embeddable":true,"href":"https:\/\/www.autonvaraosahaku.fi\/index.php?rest_route=%2Fwp%2Fv2%2Fpwb-brand&post=93390"},{"taxonomy":"product_cat","embeddable":true,"href":"https:\/\/www.autonvaraosahaku.fi\/index.php?rest_route=%2Fwp%2Fv2%2Fproduct_cat&post=93390"},{"taxonomy":"product_tag","embeddable":true,"href":"https:\/\/www.autonvaraosahaku.fi\/index.php?rest_route=%2Fwp%2Fv2%2Fproduct_tag&post=93390"}],"curies":[{"name":"wp","href":"https:\/\/api.w.org\/{rel}","templated":true}]}}