{"id":93398,"date":"2021-02-21T21:45:02","date_gmt":"2021-02-21T21:45:02","guid":{"rendered":"https:\/\/www.autonvaraosahaku.fi\/?product=beru-evl104-virranjakajan-pyorija"},"modified":"2021-02-21T21:45:05","modified_gmt":"2021-02-21T21:45:05","slug":"beru-evl104-virranjakajan-pyorija","status":"publish","type":"product","link":"https:\/\/www.autonvaraosahaku.fi\/?product=beru-evl104-virranjakajan-pyorija","title":{"rendered":"BERU EVL104 Virranjakajan py\u00f6rij\u00e4"},"content":{"rendered":"<p>Valmistaja rajaus: System BOSCH; Materiaali: Polyesteri; Asennusmalli: Liitos; Virranjakaja: H\u00e4iri\u00f6npoisto, 1 k-ohm, R\u00e4ik\u00e4ll\u00e4; Valmistusvuosi alkaen: 09\/1988; VOLVO: 740 744; MERCEDES-BENZ: Stufenheck W123,KOMBI Kombi S123; OPEL: CORSA A CC 93_, 94_, 98_, 99_,CORSA A TR 91_, 92_, 96_, 97_,CORSA A Kasten; FORD: FIESTA III GFJ,ESCORT IV Cabriolet ALF,ESCORT IV GAF, AWF, ABFT,FIESTA II FBD,ESCORT III GAA,ESCORT V GAL,ESCORT III Cabriolet ALD,ORION II AFF,ESCORT IV Kombi AWF, AVF,ESCORT &#8217;86 Express AVF,ESCORT V Kombi GAL, AVL,ESCORT &#8217;91 Express AVL,ORION III GAL,ESCORT III Kombi AWA,ORION I AFD,ESCORT &#8217;81 Express AVA; FIAT: UNO 146A\/E,REGATA 138,REGATA Weekend 138; ALFA ROMEO: 33 907A,33 905,33 Sportwagon 907B,33 Sportwagon 905A,ARNA 920; PEUGEOT: 309 I 10C, 10A; TALBOT: MURENA,TAGORA; 11697050110004, 5013122, 6124108, 84SF12200AA, 89SF12200AA, A840X12200GA, 0001583331, 1212219, 0043237300<\/p>\n","protected":false},"excerpt":{"rendered":"<p>BERU Virranjakajan Py\u00f6rij\u00e4 EVL104  VOLVO,MERCEDES-BENZ,OPEL,740 744,Stufenheck W123,KOMBI Kombi S123,CORSA A CC 93_, 94_, 98_, 99_<\/p>\n","protected":false},"featured_media":0,"template":"","meta":{"site-sidebar-layout":"default","site-content-layout":"default","ast-global-header-display":"","ast-main-header-display":"","ast-hfb-above-header-display":"","ast-hfb-below-header-display":"","ast-hfb-mobile-header-display":"","site-post-title":"","ast-breadcrumbs-content":"","ast-featured-img":"","footer-sml-layout":"","theme-transparent-header-meta":"","adv-header-id-meta":"","stick-header-meta":"","header-above-stick-meta":"","header-main-stick-meta":"","header-below-stick-meta":""},"pwb-brand":[327],"product_cat":[94],"product_tag":[],"class_list":{"0":"post-93398","1":"product","2":"type-product","3":"status-publish","5":"pwb-brand-beru","6":"product_cat-virranjakajan-pyorija","7":"desktop-align-left","8":"tablet-align-left","9":"mobile-align-left","11":"first","12":"instock","13":"product-type-external"},"brands":[{"id":327,"name":"BERU","slug":"beru"}],"_links":{"self":[{"href":"https:\/\/www.autonvaraosahaku.fi\/index.php?rest_route=\/wp\/v2\/product\/93398","targetHints":{"allow":["GET"]}}],"collection":[{"href":"https:\/\/www.autonvaraosahaku.fi\/index.php?rest_route=\/wp\/v2\/product"}],"about":[{"href":"https:\/\/www.autonvaraosahaku.fi\/index.php?rest_route=\/wp\/v2\/types\/product"}],"wp:attachment":[{"href":"https:\/\/www.autonvaraosahaku.fi\/index.php?rest_route=%2Fwp%2Fv2%2Fmedia&parent=93398"}],"wp:term":[{"taxonomy":"pwb-brand","embeddable":true,"href":"https:\/\/www.autonvaraosahaku.fi\/index.php?rest_route=%2Fwp%2Fv2%2Fpwb-brand&post=93398"},{"taxonomy":"product_cat","embeddable":true,"href":"https:\/\/www.autonvaraosahaku.fi\/index.php?rest_route=%2Fwp%2Fv2%2Fproduct_cat&post=93398"},{"taxonomy":"product_tag","embeddable":true,"href":"https:\/\/www.autonvaraosahaku.fi\/index.php?rest_route=%2Fwp%2Fv2%2Fproduct_tag&post=93398"}],"curies":[{"name":"wp","href":"https:\/\/api.w.org\/{rel}","templated":true}]}}