{"id":93402,"date":"2021-02-21T21:45:02","date_gmt":"2021-02-21T21:45:02","guid":{"rendered":"https:\/\/www.autonvaraosahaku.fi\/?product=beru-gn961-hehkutulppa"},"modified":"2021-02-21T21:45:06","modified_gmt":"2021-02-21T21:45:06","slug":"beru-gn961-hehkutulppa","status":"publish","type":"product","link":"https:\/\/www.autonvaraosahaku.fi\/?product=beru-gn961-hehkutulppa","title":{"rendered":"BERU GN961 Hehkutulppa"},"content":{"rendered":"<p>Hehkutulppatyyppi: j\u00e4lkihehkutuksenkest\u00e4v\u00e4, Hehkutulppa, puikko; J\u00e4nnite (V): 12; Liittimet: 4 mm PIN; Kokonaispituus (mm): 86; Asennussyvyys (mm): 28; Kierremitta: M12x1,25; Avainv\u00e4li: 12 mm; Virta (A): 13; Kartionousu: 63; Kiristysmomentti > [Nm]: 15; Kiristysmomentti enint\u00e4\u00e4n [Nm]: 25; Katkeamismomentti [Nm]: 45; Tarvittava kappalem\u00e4\u00e4r\u00e4: 5; MERCEDES-BENZ: E-CLASS W210,E-CLASS Kombi S210,SPRINTER 3-t Kasten 903,SPRINTER 2-t Bus 901, 902,G-CLASS W461,SPRINTER 2-t Kasten 901, 902,SPRINTER 3-t Bus 903,SPRINTER 3-t Pritsche\/Fahrgestell 903,VARIO Kasten\/Kombi,SPRINTER 2-t Pritsche\/Fahrgestell 901, 902,VARIO Pritsche\/Fahrgestell,VARIO Kipper,VARIO Bus; 0011592601, A0011592601<\/p>\n","protected":false},"excerpt":{"rendered":"<p>BERU Hehkutulppa GN961  MERCEDES-BENZ,E-CLASS W210,E-CLASS Kombi S210,SPRINTER 3-t Kasten 903,SPRINTER 2-t Bus 901, 902,G-CLASS W461<\/p>\n","protected":false},"featured_media":0,"template":"","meta":{"site-sidebar-layout":"default","site-content-layout":"default","ast-global-header-display":"","ast-main-header-display":"","ast-hfb-above-header-display":"","ast-hfb-below-header-display":"","ast-hfb-mobile-header-display":"","site-post-title":"","ast-breadcrumbs-content":"","ast-featured-img":"","footer-sml-layout":"","theme-transparent-header-meta":"","adv-header-id-meta":"","stick-header-meta":"","header-above-stick-meta":"","header-main-stick-meta":"","header-below-stick-meta":""},"pwb-brand":[327],"product_cat":[52],"product_tag":[],"class_list":{"0":"post-93402","1":"product","2":"type-product","3":"status-publish","5":"pwb-brand-beru","6":"product_cat-hehkutulppa","7":"desktop-align-left","8":"tablet-align-left","9":"mobile-align-left","11":"first","12":"instock","13":"product-type-external"},"brands":[{"id":327,"name":"BERU","slug":"beru"}],"_links":{"self":[{"href":"https:\/\/www.autonvaraosahaku.fi\/index.php?rest_route=\/wp\/v2\/product\/93402","targetHints":{"allow":["GET"]}}],"collection":[{"href":"https:\/\/www.autonvaraosahaku.fi\/index.php?rest_route=\/wp\/v2\/product"}],"about":[{"href":"https:\/\/www.autonvaraosahaku.fi\/index.php?rest_route=\/wp\/v2\/types\/product"}],"wp:attachment":[{"href":"https:\/\/www.autonvaraosahaku.fi\/index.php?rest_route=%2Fwp%2Fv2%2Fmedia&parent=93402"}],"wp:term":[{"taxonomy":"pwb-brand","embeddable":true,"href":"https:\/\/www.autonvaraosahaku.fi\/index.php?rest_route=%2Fwp%2Fv2%2Fpwb-brand&post=93402"},{"taxonomy":"product_cat","embeddable":true,"href":"https:\/\/www.autonvaraosahaku.fi\/index.php?rest_route=%2Fwp%2Fv2%2Fproduct_cat&post=93402"},{"taxonomy":"product_tag","embeddable":true,"href":"https:\/\/www.autonvaraosahaku.fi\/index.php?rest_route=%2Fwp%2Fv2%2Fproduct_tag&post=93402"}],"curies":[{"name":"wp","href":"https:\/\/api.w.org\/{rel}","templated":true}]}}