{"id":93405,"date":"2021-02-21T21:45:02","date_gmt":"2021-02-21T21:45:02","guid":{"rendered":"https:\/\/www.autonvaraosahaku.fi\/?product=beru-gv719-hehkutulppa"},"modified":"2021-02-21T21:45:07","modified_gmt":"2021-02-21T21:45:07","slug":"beru-gv719-hehkutulppa","status":"publish","type":"product","link":"https:\/\/www.autonvaraosahaku.fi\/?product=beru-gv719-hehkutulppa","title":{"rendered":"BERU GV719 Hehkutulppa"},"content":{"rendered":"<p>Hehkutulppatyyppi: Hehkutulppa, puikko; J\u00e4nnite (V): 11; Liittimet: M5 \/ 3 Nm; Kokonaispituus (mm): 71; Asennussyvyys (mm): 25; Kierremitta: M12x1,25; Avainv\u00e4li: 12 mm; Virta (A): 17; Kartionousu: 63; Kiristysmomentti > [Nm]: 15; Kiristysmomentti enint\u00e4\u00e4n [Nm]: 25; Katkeamismomentti [Nm]: 45; Tarvittava kappalem\u00e4\u00e4r\u00e4: 6; BMW: 5 E39,5 Touring E39,3 Compact E36,3 E36,3 E30,7 E38,5 E34,3 Touring E36,5 Touring E34,3 Touring E30; LAND ROVER: RANGE ROVER II LP; OPEL: OMEGA B Caravan 21_, 22_, 23_,OMEGA B 25_, 26_, 27_; BERTONE: FREECLIMBER; VAUXHALL: OMEGA B,OMEGA B Estate; 12232241387, 12232241388, 12232241389, 12239061354, B44SR, 1214044, 1214074, 1214317, 1214318, 1214324, 7701414108<\/p>\n","protected":false},"excerpt":{"rendered":"<p>BERU Hehkutulppa GV719  BMW,LAND ROVER,OPEL,5 E39,5 Touring E39,3 Compact E36,3 E36,3 E30,7 E38,5 E34,3 Touring E36,5 Touring E34,3 Touring E30<\/p>\n","protected":false},"featured_media":0,"template":"","meta":{"site-sidebar-layout":"default","site-content-layout":"default","ast-global-header-display":"","ast-main-header-display":"","ast-hfb-above-header-display":"","ast-hfb-below-header-display":"","ast-hfb-mobile-header-display":"","site-post-title":"","ast-breadcrumbs-content":"","ast-featured-img":"","footer-sml-layout":"","theme-transparent-header-meta":"","adv-header-id-meta":"","stick-header-meta":"","header-above-stick-meta":"","header-main-stick-meta":"","header-below-stick-meta":""},"pwb-brand":[327],"product_cat":[52],"product_tag":[],"class_list":{"0":"post-93405","1":"product","2":"type-product","3":"status-publish","5":"pwb-brand-beru","6":"product_cat-hehkutulppa","7":"desktop-align-left","8":"tablet-align-left","9":"mobile-align-left","11":"first","12":"instock","13":"product-type-external"},"brands":[{"id":327,"name":"BERU","slug":"beru"}],"_links":{"self":[{"href":"https:\/\/www.autonvaraosahaku.fi\/index.php?rest_route=\/wp\/v2\/product\/93405","targetHints":{"allow":["GET"]}}],"collection":[{"href":"https:\/\/www.autonvaraosahaku.fi\/index.php?rest_route=\/wp\/v2\/product"}],"about":[{"href":"https:\/\/www.autonvaraosahaku.fi\/index.php?rest_route=\/wp\/v2\/types\/product"}],"wp:attachment":[{"href":"https:\/\/www.autonvaraosahaku.fi\/index.php?rest_route=%2Fwp%2Fv2%2Fmedia&parent=93405"}],"wp:term":[{"taxonomy":"pwb-brand","embeddable":true,"href":"https:\/\/www.autonvaraosahaku.fi\/index.php?rest_route=%2Fwp%2Fv2%2Fpwb-brand&post=93405"},{"taxonomy":"product_cat","embeddable":true,"href":"https:\/\/www.autonvaraosahaku.fi\/index.php?rest_route=%2Fwp%2Fv2%2Fproduct_cat&post=93405"},{"taxonomy":"product_tag","embeddable":true,"href":"https:\/\/www.autonvaraosahaku.fi\/index.php?rest_route=%2Fwp%2Fv2%2Fproduct_tag&post=93405"}],"curies":[{"name":"wp","href":"https:\/\/api.w.org\/{rel}","templated":true}]}}