{"id":93413,"date":"2021-02-21T21:45:10","date_gmt":"2021-02-21T21:45:10","guid":{"rendered":"https:\/\/www.autonvaraosahaku.fi\/?product=ridex-458f0064-polttoainepumppu"},"modified":"2021-02-21T21:45:12","modified_gmt":"2021-02-21T21:45:12","slug":"ridex-458f0064-polttoainepumppu","status":"publish","type":"product","link":"https:\/\/www.autonvaraosahaku.fi\/?product=ridex-458f0064-polttoainepumppu","title":{"rendered":"RIDEX 458F0064 Polttoainepumppu"},"content":{"rendered":"<p>J\u00e4nnite (V): 12; K\u00e4ytt\u00f6: S\u00e4hk\u00f6inen; Virta (A): 4,8; K\u00e4ytt\u00f6j\u00e4nnite [V]: 12; Paine (bar): 4, 5; Polttoaine: Diesel; Kokonaispituus [mm]: 199,5; Moottorinumero: M47204D1; BMW: 3 E46,5 E39,3 Touring E46,5 Touring E39,3 Compact E46,3 Coupe E46,X5 E53,3 Cabriolet E46,7 E38; OPEL: OMEGA B Caravan 21_, 22_, 23_,OMEGA B 25_, 26_, 27_; LAND ROVER: FREELANDER LN,RANGE ROVER III LM; ROVER: 75 RJ,75 Tourer RJ; MG: MG ZT; VAUXHALL: OMEGA B,OMEGA B Estate; 1184633, 16114028194, 16117165590, 16121184633, 16124024376, 16124024377, 16126750016, 16126750603, 16126756000, 16126756157, 16126757305, 16126757530, 16126757531, 16126757607, 16126757702, 16126758498, 16126758525, 16144024378, 16146751867, 16146755456, 16146767383, 16147162000, 16147165590, 4028194, 6750603, 6756000, 6757305, 6757530, 6757531, 6757607, 6757702, 6758498, 6760934, 6750016, WFX000180, WFX000181, WFX500210, WQB100480, WQB100480L, WQB100481, WQB100482, WQB10048L, 5815000, 9266245, 6750016, WOB100481, WQB100481, 09266245, 93174897<\/p>\n","protected":false},"excerpt":{"rendered":"<p>RIDEX Polttoainepumppu 458F0064  BMW,OPEL,LAND ROVER,3 E46,5 E39,3 Touring E46,5 Touring E39,3 Compact E46,3 Coupe E46,X5 E53,3 Cabriolet E46,7 E38<\/p>\n","protected":false},"featured_media":0,"template":"","meta":{"site-sidebar-layout":"default","site-content-layout":"default","ast-global-header-display":"","ast-main-header-display":"","ast-hfb-above-header-display":"","ast-hfb-below-header-display":"","ast-hfb-mobile-header-display":"","site-post-title":"","ast-breadcrumbs-content":"","ast-featured-img":"","footer-sml-layout":"","theme-transparent-header-meta":"","adv-header-id-meta":"","stick-header-meta":"","header-above-stick-meta":"","header-main-stick-meta":"","header-below-stick-meta":""},"pwb-brand":[157],"product_cat":[73],"product_tag":[],"class_list":{"0":"post-93413","1":"product","2":"type-product","3":"status-publish","5":"pwb-brand-ridex","6":"product_cat-polttoainepumppu","7":"desktop-align-left","8":"tablet-align-left","9":"mobile-align-left","11":"first","12":"instock","13":"product-type-external"},"brands":[{"id":157,"name":"RIDEX","slug":"ridex"}],"_links":{"self":[{"href":"https:\/\/www.autonvaraosahaku.fi\/index.php?rest_route=\/wp\/v2\/product\/93413","targetHints":{"allow":["GET"]}}],"collection":[{"href":"https:\/\/www.autonvaraosahaku.fi\/index.php?rest_route=\/wp\/v2\/product"}],"about":[{"href":"https:\/\/www.autonvaraosahaku.fi\/index.php?rest_route=\/wp\/v2\/types\/product"}],"wp:attachment":[{"href":"https:\/\/www.autonvaraosahaku.fi\/index.php?rest_route=%2Fwp%2Fv2%2Fmedia&parent=93413"}],"wp:term":[{"taxonomy":"pwb-brand","embeddable":true,"href":"https:\/\/www.autonvaraosahaku.fi\/index.php?rest_route=%2Fwp%2Fv2%2Fpwb-brand&post=93413"},{"taxonomy":"product_cat","embeddable":true,"href":"https:\/\/www.autonvaraosahaku.fi\/index.php?rest_route=%2Fwp%2Fv2%2Fproduct_cat&post=93413"},{"taxonomy":"product_tag","embeddable":true,"href":"https:\/\/www.autonvaraosahaku.fi\/index.php?rest_route=%2Fwp%2Fv2%2Fproduct_tag&post=93413"}],"curies":[{"name":"wp","href":"https:\/\/api.w.org\/{rel}","templated":true}]}}