{"id":93415,"date":"2021-02-21T21:45:10","date_gmt":"2021-02-21T21:45:10","guid":{"rendered":"https:\/\/www.autonvaraosahaku.fi\/?product=eibach-s1-5-12-50-30-17-pyoranpultit"},"modified":"2021-02-21T21:45:13","modified_gmt":"2021-02-21T21:45:13","slug":"eibach-s1-5-12-50-30-17-pyoranpultit","status":"publish","type":"product","link":"https:\/\/www.autonvaraosahaku.fi\/?product=eibach-s1-5-12-50-30-17-pyoranpultit","title":{"rendered":"EIBACH S1-5-12-50-30-17 Py\u00f6r\u00e4npultit"},"content":{"rendered":"<p>Kierremitta: M12x1,5; Avainv\u00e4li: 17; Py\u00f6r\u00e4n kiinnitys: Kuula istukka A\/G; S\u00e4de (mm): 12; Runkopituus [mm]: 30, 30; Huomioi huolto-ohjeet: ; Tuotelinja: Pro-Spacer; Tuning: 1; MERCEDES-BENZ: E-CLASS W210,Stufenheck W124,E-CLASS Kombi S210,SL R107,S-CLASS W126,KOMBI Kombi S124,E-CLASS W124,COUPE C124,E-CLASS Kombi S124,S-CLASS Coupe C126,E-CLASS Cabriolet A124,SL Coupe C107,E-CLASS Coupe C124,CABRIOLET A124; Py\u00f6r\u00e4nruuvi<\/p>\n","protected":false},"excerpt":{"rendered":"<p>EIBACH Py\u00f6r\u00e4npultit S1-5-12-50-30-17 Py\u00f6r\u00e4nruuvi MERCEDES-BENZ,E-CLASS W210,Stufenheck W124,E-CLASS Kombi S210,SL R107,S-CLASS W126,KOMBI Kombi S124<\/p>\n","protected":false},"featured_media":0,"template":"","meta":{"site-sidebar-layout":"default","site-content-layout":"default","ast-global-header-display":"","ast-main-header-display":"","ast-hfb-above-header-display":"","ast-hfb-below-header-display":"","ast-hfb-mobile-header-display":"","site-post-title":"","ast-breadcrumbs-content":"","ast-featured-img":"","footer-sml-layout":"","theme-transparent-header-meta":"","adv-header-id-meta":"","stick-header-meta":"","header-above-stick-meta":"","header-main-stick-meta":"","header-below-stick-meta":""},"pwb-brand":[328],"product_cat":[51],"product_tag":[],"class_list":{"0":"post-93415","1":"product","2":"type-product","3":"status-publish","5":"pwb-brand-eibach","6":"product_cat-pyoranpultit","7":"desktop-align-left","8":"tablet-align-left","9":"mobile-align-left","11":"first","12":"instock","13":"product-type-external"},"brands":[{"id":328,"name":"EIBACH","slug":"eibach"}],"_links":{"self":[{"href":"https:\/\/www.autonvaraosahaku.fi\/index.php?rest_route=\/wp\/v2\/product\/93415","targetHints":{"allow":["GET"]}}],"collection":[{"href":"https:\/\/www.autonvaraosahaku.fi\/index.php?rest_route=\/wp\/v2\/product"}],"about":[{"href":"https:\/\/www.autonvaraosahaku.fi\/index.php?rest_route=\/wp\/v2\/types\/product"}],"wp:attachment":[{"href":"https:\/\/www.autonvaraosahaku.fi\/index.php?rest_route=%2Fwp%2Fv2%2Fmedia&parent=93415"}],"wp:term":[{"taxonomy":"pwb-brand","embeddable":true,"href":"https:\/\/www.autonvaraosahaku.fi\/index.php?rest_route=%2Fwp%2Fv2%2Fpwb-brand&post=93415"},{"taxonomy":"product_cat","embeddable":true,"href":"https:\/\/www.autonvaraosahaku.fi\/index.php?rest_route=%2Fwp%2Fv2%2Fproduct_cat&post=93415"},{"taxonomy":"product_tag","embeddable":true,"href":"https:\/\/www.autonvaraosahaku.fi\/index.php?rest_route=%2Fwp%2Fv2%2Fproduct_tag&post=93415"}],"curies":[{"name":"wp","href":"https:\/\/api.w.org\/{rel}","templated":true}]}}