{"id":93423,"date":"2021-02-21T21:45:10","date_gmt":"2021-02-21T21:45:10","guid":{"rendered":"https:\/\/www.autonvaraosahaku.fi\/?product=maxgear-17-0055-hydraulinen-venttiilinnostin"},"modified":"2021-02-21T21:45:15","modified_gmt":"2021-02-21T21:45:15","slug":"maxgear-17-0055-hydraulinen-venttiilinnostin","status":"publish","type":"product","link":"https:\/\/www.autonvaraosahaku.fi\/?product=maxgear-17-0055-hydraulinen-venttiilinnostin","title":{"rendered":"MAXGEAR 17-0055 Hydraulinen venttiilinnostin"},"content":{"rendered":"<p>Paksuus [mm]: 30,5; Ulkol\u00e4pimitta [mm]: 37; K\u00e4ytt\u00f6: Mekaaninen; Paino [kg]: 0,05; Tarvittava kappalem\u00e4\u00e4r\u00e4: 8; SEAT: IBIZA I 021A,MALAGA 023A,RONDA 022A; VOLVO: 940 II Kombi 945,940 Kombi 945,240 Kombi P245,740 Kombi 745,740 744,240 P242, P244,940 944,340-360 343, 345,940 II 944; SAAB: 9-3 YS3F,9-3 Kombi YS3F; SUZUKI: SX4 EY, GY; OPEL: ZAFIRA B A05,ASTRA H Caravan L35,ASTRA H L48,VECTRA C Caravan,ASTRA H GTC L08,SIGNUM,VECTRA C,VECTRA C GTS,ASTRA H Kasten L70; LANCIA: MUSA 350,THESIS 841AX,LYBRA SW 839BX,DELTA I 831AB0,KAPPA 838A,LYBRA 839AX,THEMA 834,DELTA II 836,KAPPA SW 838B,KAPPA Coupe 838,BETA Spider 828BS,BETA Coupe 828BC,DEDRA 835,BETA MONTE CARLO 137AS, 137BS,Y10 156,DEDRA SW 835,BETA  H.P.E. 828BF,THEMA SW 834,BETA 828_B_,PRISMA 831AB0,TREVI 828DB; FIAT: GRANDE PUNTO 199,PUNTO 188,STILO 192,BRAVO II 198,DUCATO Pritsche\/Fahrgestell 230,DUCATO Bus 230,DOBLO Cargo 223,PUNTO 176,STILO Multi Wagon 192,DOBLO 119,CROMA 194,DUCATO Kasten 290,DUCATO Pritsche\/Fahrgestell 290,DUCATO Kasten 230L,DUCATO Kasten 280,DUCATO Pritsche\/Fahrgestell 280,PANDA 141A_,IDEA,COUPE FA\/175,SEDICI,STRADA Pick-up 178E,MULTIPLA 186,PUNTO Van 188AX,DUCATO Panorama 280,BRAVO I 182,BRAVA 182,PUNTO Cabriolet 176C,SCUDO Kasten 220L,MAREA Weekend 185,UNO 146A\/E,DUCATO Panorama 290,X 1\/9 128 AS,SCUDO Combinato 220P,127,PALIO Weekend 178DX,FIORINO Kasten 146,TIPO 160,128 Coupe,CROMA 154,128,MAREA 185,TALENTO Pritsche\/Fahrgestell 290,TEMPRA 159,131,RITMO I 138A,PUNTO Van 176L,TEMPRA S.W. 159,132,130,FIORINO Pick up 146,130 Coupe,TALENTO Bus 290,FIORINO 147,TALENTO Kasten 290,REGATA 138,ARGENTA 132A,RITMO Cabriolet,PALIO 178BX,127 Panorama,128 Familiare,FIORINO 127,131 Familiare\/Panorama,SIENA 178_,FIORINO Pick up 147,REGATA Weekend 138; ALFA ROMEO: 147 937,159 Sportwagon 939,156 Sportwagon 932,156 932,159 939,166 936,164 164,145 930,155 167,146 930; AUTOBIANCHI: Y10; VAUXHALL: ZAFIRA Mk II B M75,ASTRA Mk V H CC,VECTRA Mk II C CC,ASTRA Mk V H Estate,VECTRA Mk II C Estate,VECTRA Mk II C,SIGNUM,ASTRAVAN Mk V H; 4152447, 60800018, 094229, 94229, 4152447, 60800018, 4152447, 60800018, 5640018, 094229, 94229, 93178546, 1289179J50000, 93178546; Venttiilinnostin<\/p>\n","protected":false},"excerpt":{"rendered":"<p>MAXGEAR Hydraulinen Venttiilinnostin 17-0055 Venttiilinnostin SEAT,VOLVO,SAAB,IBIZA I 021A,MALAGA 023A,RONDA 022A,940 II Kombi 945,940 Kombi 945<\/p>\n","protected":false},"featured_media":0,"template":"","meta":{"site-sidebar-layout":"default","site-content-layout":"default","ast-global-header-display":"","ast-main-header-display":"","ast-hfb-above-header-display":"","ast-hfb-below-header-display":"","ast-hfb-mobile-header-display":"","site-post-title":"","ast-breadcrumbs-content":"","ast-featured-img":"","footer-sml-layout":"","theme-transparent-header-meta":"","adv-header-id-meta":"","stick-header-meta":"","header-above-stick-meta":"","header-main-stick-meta":"","header-below-stick-meta":""},"pwb-brand":[48],"product_cat":[126],"product_tag":[],"class_list":{"0":"post-93423","1":"product","2":"type-product","3":"status-publish","5":"pwb-brand-maxgear","6":"product_cat-hydraulinen-venttiilinnostin","7":"desktop-align-left","8":"tablet-align-left","9":"mobile-align-left","11":"first","12":"instock","13":"product-type-external"},"brands":[{"id":48,"name":"MAXGEAR","slug":"maxgear"}],"_links":{"self":[{"href":"https:\/\/www.autonvaraosahaku.fi\/index.php?rest_route=\/wp\/v2\/product\/93423","targetHints":{"allow":["GET"]}}],"collection":[{"href":"https:\/\/www.autonvaraosahaku.fi\/index.php?rest_route=\/wp\/v2\/product"}],"about":[{"href":"https:\/\/www.autonvaraosahaku.fi\/index.php?rest_route=\/wp\/v2\/types\/product"}],"wp:attachment":[{"href":"https:\/\/www.autonvaraosahaku.fi\/index.php?rest_route=%2Fwp%2Fv2%2Fmedia&parent=93423"}],"wp:term":[{"taxonomy":"pwb-brand","embeddable":true,"href":"https:\/\/www.autonvaraosahaku.fi\/index.php?rest_route=%2Fwp%2Fv2%2Fpwb-brand&post=93423"},{"taxonomy":"product_cat","embeddable":true,"href":"https:\/\/www.autonvaraosahaku.fi\/index.php?rest_route=%2Fwp%2Fv2%2Fproduct_cat&post=93423"},{"taxonomy":"product_tag","embeddable":true,"href":"https:\/\/www.autonvaraosahaku.fi\/index.php?rest_route=%2Fwp%2Fv2%2Fproduct_tag&post=93423"}],"curies":[{"name":"wp","href":"https:\/\/api.w.org\/{rel}","templated":true}]}}