{"id":93433,"date":"2021-02-21T21:45:19","date_gmt":"2021-02-21T21:45:19","guid":{"rendered":"https:\/\/www.autonvaraosahaku.fi\/?product=metelli-17-0040-vetoakseli"},"modified":"2021-02-21T21:45:21","modified_gmt":"2021-02-21T21:45:21","slug":"metelli-17-0040-vetoakseli","status":"publish","type":"product","link":"https:\/\/www.autonvaraosahaku.fi\/?product=metelli-17-0040-vetoakseli","title":{"rendered":"METELLI 17-0040 Vetoakseli"},"content":{"rendered":"<p>Pituus (mm): 668; Kierremitta: M16 x 1,5; Ulkohammastus, py\u00f6r\u00e4npuoli: 23; Ulkohammastus tasauspy\u00f6r\u00e4st\u00f6puoli: 22; L\u00e4pimitta 1 [mm]: 76,5; L\u00e4pimitta 2 [mm]: 81,5; Valmistusvuosi alkaen: 09\/1973; RENAULT: 4 112_,5 122_,4 Kasten R21_, R23_,6 118_,5 Kasten 238_,RODEO 6,RODEO 4,RODEO 5; 7700655121, 7701348098, 7701448098, 7701498698, 7701551786, 7711106121<\/p>\n","protected":false},"excerpt":{"rendered":"<p>METELLI Vetoakseli 17-0040  RENAULT,4 112_,5 122_,4 Kasten R21_, R23_,6 118_,5 Kasten 238_,RODEO 6,RODEO 4,RODEO 5<\/p>\n","protected":false},"featured_media":0,"template":"","meta":{"site-sidebar-layout":"default","site-content-layout":"default","ast-global-header-display":"","ast-main-header-display":"","ast-hfb-above-header-display":"","ast-hfb-below-header-display":"","ast-hfb-mobile-header-display":"","site-post-title":"","ast-breadcrumbs-content":"","ast-featured-img":"","footer-sml-layout":"","theme-transparent-header-meta":"","adv-header-id-meta":"","stick-header-meta":"","header-above-stick-meta":"","header-main-stick-meta":"","header-below-stick-meta":""},"pwb-brand":[251],"product_cat":[215],"product_tag":[],"class_list":{"0":"post-93433","1":"product","2":"type-product","3":"status-publish","5":"pwb-brand-metelli","6":"product_cat-vetoakseli","7":"desktop-align-left","8":"tablet-align-left","9":"mobile-align-left","11":"first","12":"instock","13":"product-type-external"},"brands":[{"id":251,"name":"METELLI","slug":"metelli"}],"_links":{"self":[{"href":"https:\/\/www.autonvaraosahaku.fi\/index.php?rest_route=\/wp\/v2\/product\/93433","targetHints":{"allow":["GET"]}}],"collection":[{"href":"https:\/\/www.autonvaraosahaku.fi\/index.php?rest_route=\/wp\/v2\/product"}],"about":[{"href":"https:\/\/www.autonvaraosahaku.fi\/index.php?rest_route=\/wp\/v2\/types\/product"}],"wp:attachment":[{"href":"https:\/\/www.autonvaraosahaku.fi\/index.php?rest_route=%2Fwp%2Fv2%2Fmedia&parent=93433"}],"wp:term":[{"taxonomy":"pwb-brand","embeddable":true,"href":"https:\/\/www.autonvaraosahaku.fi\/index.php?rest_route=%2Fwp%2Fv2%2Fpwb-brand&post=93433"},{"taxonomy":"product_cat","embeddable":true,"href":"https:\/\/www.autonvaraosahaku.fi\/index.php?rest_route=%2Fwp%2Fv2%2Fproduct_cat&post=93433"},{"taxonomy":"product_tag","embeddable":true,"href":"https:\/\/www.autonvaraosahaku.fi\/index.php?rest_route=%2Fwp%2Fv2%2Fproduct_tag&post=93433"}],"curies":[{"name":"wp","href":"https:\/\/api.w.org\/{rel}","templated":true}]}}