{"id":93438,"date":"2021-02-21T21:45:19","date_gmt":"2021-02-21T21:45:19","guid":{"rendered":"https:\/\/www.autonvaraosahaku.fi\/?product=ridex-478s0012-kytkinvaijeri"},"modified":"2021-02-21T21:45:23","modified_gmt":"2021-02-21T21:45:23","slug":"ridex-478s0012-kytkinvaijeri","status":"publish","type":"product","link":"https:\/\/www.autonvaraosahaku.fi\/?product=ridex-478s0012-kytkinvaijeri","title":{"rendered":"RIDEX 478S0012 Kytkinvaijeri"},"content":{"rendered":"<p>M\u00e4\u00e4r\u00e4: 1; Vasen \/ oikea liikenne: Ohjaus vasemmalla; Pituus, ulko (mm): 845; Pituus, sis\u00e4 (mm): 640; Paino [kg]: 0,350; Valmistusvuoteen: 08\/2007; KIA: PICANTO BA; 4151007100, 4151007110, 4151007120; Vaijeri, Kytkimen K\u00e4ytt\u00f6<\/p>\n","protected":false},"excerpt":{"rendered":"<p>RIDEX Kytkinvaijeri 478S0012 Vaijeri, Kytkimen K\u00e4ytt\u00f6 KIA,PICANTO BA<\/p>\n","protected":false},"featured_media":0,"template":"","meta":{"site-sidebar-layout":"default","site-content-layout":"default","ast-global-header-display":"","ast-main-header-display":"","ast-hfb-above-header-display":"","ast-hfb-below-header-display":"","ast-hfb-mobile-header-display":"","site-post-title":"","ast-breadcrumbs-content":"","ast-featured-img":"","footer-sml-layout":"","theme-transparent-header-meta":"","adv-header-id-meta":"","stick-header-meta":"","header-above-stick-meta":"","header-main-stick-meta":"","header-below-stick-meta":""},"pwb-brand":[157],"product_cat":[192],"product_tag":[],"class_list":{"0":"post-93438","1":"product","2":"type-product","3":"status-publish","5":"pwb-brand-ridex","6":"product_cat-kytkinvaijeri","7":"desktop-align-left","8":"tablet-align-left","9":"mobile-align-left","11":"first","12":"instock","13":"product-type-external"},"brands":[{"id":157,"name":"RIDEX","slug":"ridex"}],"_links":{"self":[{"href":"https:\/\/www.autonvaraosahaku.fi\/index.php?rest_route=\/wp\/v2\/product\/93438","targetHints":{"allow":["GET"]}}],"collection":[{"href":"https:\/\/www.autonvaraosahaku.fi\/index.php?rest_route=\/wp\/v2\/product"}],"about":[{"href":"https:\/\/www.autonvaraosahaku.fi\/index.php?rest_route=\/wp\/v2\/types\/product"}],"wp:attachment":[{"href":"https:\/\/www.autonvaraosahaku.fi\/index.php?rest_route=%2Fwp%2Fv2%2Fmedia&parent=93438"}],"wp:term":[{"taxonomy":"pwb-brand","embeddable":true,"href":"https:\/\/www.autonvaraosahaku.fi\/index.php?rest_route=%2Fwp%2Fv2%2Fpwb-brand&post=93438"},{"taxonomy":"product_cat","embeddable":true,"href":"https:\/\/www.autonvaraosahaku.fi\/index.php?rest_route=%2Fwp%2Fv2%2Fproduct_cat&post=93438"},{"taxonomy":"product_tag","embeddable":true,"href":"https:\/\/www.autonvaraosahaku.fi\/index.php?rest_route=%2Fwp%2Fv2%2Fproduct_tag&post=93438"}],"curies":[{"name":"wp","href":"https:\/\/api.w.org\/{rel}","templated":true}]}}