{"id":93444,"date":"2021-02-21T21:45:19","date_gmt":"2021-02-21T21:45:19","guid":{"rendered":"https:\/\/www.autonvaraosahaku.fi\/?product=vaico-v25-0221-alatukivarsi"},"modified":"2021-02-21T21:45:25","modified_gmt":"2021-02-21T21:45:25","slug":"vaico-v25-0221-alatukivarsi","status":"publish","type":"product","link":"https:\/\/www.autonvaraosahaku.fi\/?product=vaico-v25-0221-alatukivarsi","title":{"rendered":"VAICO V25-0221 Alatukivarsi"},"content":{"rendered":"<p>Ohjausmalli: Poikittaistukivarsi; Asennuspuoli: Etuakseli, vasen, au\u00dfen; Akselimittaus asennuksen j\u00e4lkeen: ; parilliset tuotenumerot: V25-0220; Suositellun erikoisty\u00f6kalun tuotenumero: V99-1020; Paino [kg]: 3,251; Pakkausleveys [cm]: 18; Pakkauskorkeus [mm]: 6; Pakkaussyvyys [cm]: 55; lis\u00e4tieto: CST99; MAZDA: 2 DE; FORD: FIESTA VI,FIESTA VI Van,TOURNEO COURIER Kombi,TRANSIT COURIER Kasten,TRANSIT COURIER Kombi; 1521773, 1532433, 1540725, 1700810, 1708226, 1712697, 1737305, 8V513051BB, 8V513051BC, 8V513051BD, 8V513051BE, 8V513051BF, 8V513051BG, 8V513051BH, D65134350, D65134350A, D65134350C, D65134350D; Tukivarsi,Tukivarsi, Py\u00f6r\u00e4ntuenta<\/p>\n","protected":false},"excerpt":{"rendered":"<p>VAICO Alatukivarsi V25-0221 Tukivarsi,Tukivarsi, Py\u00f6r\u00e4ntuenta MAZDA,FORD,2 DE,FIESTA VI,FIESTA VI Van,TOURNEO COURIER Kombi,TRANSIT COURIER Kasten<\/p>\n","protected":false},"featured_media":0,"template":"","meta":{"site-sidebar-layout":"default","site-content-layout":"default","ast-global-header-display":"","ast-main-header-display":"","ast-hfb-above-header-display":"","ast-hfb-below-header-display":"","ast-hfb-mobile-header-display":"","site-post-title":"","ast-breadcrumbs-content":"","ast-featured-img":"","footer-sml-layout":"","theme-transparent-header-meta":"","adv-header-id-meta":"","stick-header-meta":"","header-above-stick-meta":"","header-main-stick-meta":"","header-below-stick-meta":""},"pwb-brand":[330],"product_cat":[62],"product_tag":[],"class_list":{"0":"post-93444","1":"product","2":"type-product","3":"status-publish","5":"pwb-brand-vaico","6":"product_cat-alatukivarsi","7":"desktop-align-left","8":"tablet-align-left","9":"mobile-align-left","11":"first","12":"instock","13":"product-type-external"},"brands":[{"id":330,"name":"VAICO","slug":"vaico"}],"_links":{"self":[{"href":"https:\/\/www.autonvaraosahaku.fi\/index.php?rest_route=\/wp\/v2\/product\/93444","targetHints":{"allow":["GET"]}}],"collection":[{"href":"https:\/\/www.autonvaraosahaku.fi\/index.php?rest_route=\/wp\/v2\/product"}],"about":[{"href":"https:\/\/www.autonvaraosahaku.fi\/index.php?rest_route=\/wp\/v2\/types\/product"}],"wp:attachment":[{"href":"https:\/\/www.autonvaraosahaku.fi\/index.php?rest_route=%2Fwp%2Fv2%2Fmedia&parent=93444"}],"wp:term":[{"taxonomy":"pwb-brand","embeddable":true,"href":"https:\/\/www.autonvaraosahaku.fi\/index.php?rest_route=%2Fwp%2Fv2%2Fpwb-brand&post=93444"},{"taxonomy":"product_cat","embeddable":true,"href":"https:\/\/www.autonvaraosahaku.fi\/index.php?rest_route=%2Fwp%2Fv2%2Fproduct_cat&post=93444"},{"taxonomy":"product_tag","embeddable":true,"href":"https:\/\/www.autonvaraosahaku.fi\/index.php?rest_route=%2Fwp%2Fv2%2Fproduct_tag&post=93444"}],"curies":[{"name":"wp","href":"https:\/\/api.w.org\/{rel}","templated":true}]}}