{"id":93455,"date":"2021-02-21T21:45:27","date_gmt":"2021-02-21T21:45:27","guid":{"rendered":"https:\/\/www.autonvaraosahaku.fi\/?product=beru-evl4-6-z-virranjakajan-pyorija"},"modified":"2021-02-21T21:45:30","modified_gmt":"2021-02-21T21:45:30","slug":"beru-evl4-6-z-virranjakajan-pyorija","status":"publish","type":"product","link":"https:\/\/www.autonvaraosahaku.fi\/?product=beru-evl4-6-z-virranjakajan-pyorija","title":{"rendered":"BERU EVL4\/6-Z Virranjakajan py\u00f6rij\u00e4"},"content":{"rendered":"<p>Valmistaja rajaus: System BOSCH; Materiaali: Polyesteri; Asennusmalli: Liitos; L\u00e4pimitta sis\u00e4\u00e4notto [mm]: 14,4; Virranjakaja: H\u00e4iri\u00f6npoisto, 5 k-ohm, R\u00e4ik\u00e4ll\u00e4; Valmistusvuoteen: 12\/1968; VW: KAEFER; BMW: 02 E10; MERCEDES-BENZ: S-CLASS W108, W109,COUPE W111,HECKFLOSSE W111, W112,SL W121; PORSCHE: 356 Coupe,356 Cabriolet\/Speedster; BORGWARD: ISABELLA; 14020050110008, 1152548100, 11526688, 198100, 220855, 11526688, 0001581531, 0001582031, 1212202, 1284225, 61660222100, 61660222102, 5011090162, 7001090162, 7001090192, 233678, 238258, 77670, 870619<\/p>\n","protected":false},"excerpt":{"rendered":"<p>BERU Virranjakajan Py\u00f6rij\u00e4 EVL4\/6-Z  VW,BMW,MERCEDES-BENZ,KAEFER,02 E10,S-CLASS W108, W109,COUPE W111,HECKFLOSSE W111, W112,SL W121,356 Coupe<\/p>\n","protected":false},"featured_media":0,"template":"","meta":{"site-sidebar-layout":"default","site-content-layout":"default","ast-global-header-display":"","ast-main-header-display":"","ast-hfb-above-header-display":"","ast-hfb-below-header-display":"","ast-hfb-mobile-header-display":"","site-post-title":"","ast-breadcrumbs-content":"","ast-featured-img":"","footer-sml-layout":"","theme-transparent-header-meta":"","adv-header-id-meta":"","stick-header-meta":"","header-above-stick-meta":"","header-main-stick-meta":"","header-below-stick-meta":""},"pwb-brand":[327],"product_cat":[94],"product_tag":[],"class_list":{"0":"post-93455","1":"product","2":"type-product","3":"status-publish","5":"pwb-brand-beru","6":"product_cat-virranjakajan-pyorija","7":"desktop-align-left","8":"tablet-align-left","9":"mobile-align-left","11":"first","12":"instock","13":"product-type-external"},"brands":[{"id":327,"name":"BERU","slug":"beru"}],"_links":{"self":[{"href":"https:\/\/www.autonvaraosahaku.fi\/index.php?rest_route=\/wp\/v2\/product\/93455","targetHints":{"allow":["GET"]}}],"collection":[{"href":"https:\/\/www.autonvaraosahaku.fi\/index.php?rest_route=\/wp\/v2\/product"}],"about":[{"href":"https:\/\/www.autonvaraosahaku.fi\/index.php?rest_route=\/wp\/v2\/types\/product"}],"wp:attachment":[{"href":"https:\/\/www.autonvaraosahaku.fi\/index.php?rest_route=%2Fwp%2Fv2%2Fmedia&parent=93455"}],"wp:term":[{"taxonomy":"pwb-brand","embeddable":true,"href":"https:\/\/www.autonvaraosahaku.fi\/index.php?rest_route=%2Fwp%2Fv2%2Fpwb-brand&post=93455"},{"taxonomy":"product_cat","embeddable":true,"href":"https:\/\/www.autonvaraosahaku.fi\/index.php?rest_route=%2Fwp%2Fv2%2Fproduct_cat&post=93455"},{"taxonomy":"product_tag","embeddable":true,"href":"https:\/\/www.autonvaraosahaku.fi\/index.php?rest_route=%2Fwp%2Fv2%2Fproduct_tag&post=93455"}],"curies":[{"name":"wp","href":"https:\/\/api.w.org\/{rel}","templated":true}]}}