{"id":93469,"date":"2021-02-21T21:45:27","date_gmt":"2021-02-21T21:45:27","guid":{"rendered":"https:\/\/www.autonvaraosahaku.fi\/?product=triclo-318070-paisuntasailion-korkki"},"modified":"2021-02-21T21:45:34","modified_gmt":"2021-02-21T21:45:34","slug":"triclo-318070-paisuntasailion-korkki","status":"publish","type":"product","link":"https:\/\/www.autonvaraosahaku.fi\/?product=triclo-318070-paisuntasailion-korkki","title":{"rendered":"TRICLO 318070 Paisuntas\u00e4ili\u00f6n korkki"},"content":{"rendered":"<p>VW: PASSAT Variant 3A5, 35I,POLO 86C, 80,PASSAT 3A2, 35I,CADDY I 14,PASSAT Variant 32B,PASSAT 32B,POLO 86,SCIROCCO 53,PASSAT 32,PASSAT Stufenheck 32B,PASSAT Variant 33; AUDI: 80 81, 85, B2,80 80, 82, B1,100 C1,100 Coupe C1,50 86; MERCEDES-BENZ: 190 W201,Stufenheck W124,SL R107,Stufenheck W123,S-CLASS W126,KOMBI Kombi S124,E-CLASS W124,COUPE C124,COUPE C123,S-CLASS W116,S-CLASS Coupe C126,KOMBI Kombi S123,T1 Bus 601,100 Bus 631,SL Coupe C107,100 Kasten 631,T1 Pritsche\/Fahrgestell 601,T1 Kasten 601,100 Pritsche\/Fahrgestell 631,CABRIOLET A124,T1\/TN Pritsche\/Fahrgestell,T1\/TN Kasten\/Kombi; LAND ROVER: DEFENDER Station Wagon LD,DEFENDER Cabrio LD,90\/110 DHMC,DISCOVERY I LJ, LG,RANGE ROVER I AE, AN, HAA, HAB, HAM, HBM, RE, RN,88\/109; JAGUAR: XJ XJ 40, 81,XJ,XJSC Convertible,XJ Coupe; OPEL: KADETT C Coupe,MONZA A 22_,ASCONA B 81_, 86_, 87_, 88_,ASCONA C 81_, 86_, 87_, 88_,REKORD E 17_-19_, 11_, 14_, 16_,SENATOR A 29_,KADETT D 31_-34_, 41_-44_,ASCONA C CC 84_, 89_,REKORD D,ASCONA A 81_, 86_, 87_, 88_,REKORD E Caravan 61_, 66_, 67_,REKORD D Coupe,KADETT D Caravan 35_, 36_, 45_, 46_,REKORD D Caravan,OLYMPIA A Coupe,OLYMPIA A; ROVER: MINI,800 XS,MINI Cabriolet XN,800 Hatchback XS,800 Coupe,MONTEGO Estate XE,MAESTRO,MONTEGO; BMW: 3 E30,3 Cabriolet E30,02 E10,5 E28,6 E24,3 E21,3 Touring E30,7 E23,5 E12,02 Touring E6,02 Cabriolet E10; FORD: FIESTA III GFJ,SIERRA GBG, GB4,TRANSIT  MK-5 Bus E_ _,SIERRA Schr\u00e4gheck GBC, GBG,TRANSIT Kasten T_ _,TRANSIT MK-5 Pritsche\/Fahrgestell E_ _,FIESTA II FBD,TRANSIT Bus V_ _,SCORPIO I GAE, GGE,TRANSIT Bus T_ _,TRANSIT Bus MK-4 E_ _,SIERRA Schr\u00e4gheck GBC,TRANSIT MK-5 Kasten E_ _,TRANSIT MK-4 Pritsche\/Fahrgestell E_ _,ESCORT III GAA,SCORPIO I Stufenheck GGE,TRANSIT Kasten V_ _,TRANSIT Pritsche\/Fahrgestell V_ _,TRANSIT MK-4 Kasten E_ _,SIERRA Kombi BNG,GRANADA GU,ESCORT III Cabriolet ALD,TRANSIT Pritsche\/Fahrgestell T_ _,SCORPIO I Kombi GGE,TRANSIT TOURNEO E_,SIERRA Kombi BNC,ORION II AFF,GRANADA Kombi GNU,ESCORT IV Kombi AWF, AVF,GRANADA GGTL, GGFL,GRANADA Coupe GGCL,FIESTA Kasten WFVT,ESCORT III Kombi AWA,ORION I AFD,GRANADA Kombi GGNL,ESCORT &#8217;81 Express AVA; ALFA ROMEO: 75 162B,33 907A,33 905,33 Sportwagon 907B,33 Sportwagon 905A,90 162; 130685, 1613291, 78GB8100AC, 130685; Korkki, Paisuntas\u00e4ili\u00f6<\/p>\n","protected":false},"excerpt":{"rendered":"<p>TRICLO Paisuntas\u00e4ili\u00f6n Korkki 318070 Korkki, Paisuntas\u00e4ili\u00f6 VW,AUDI,MERCEDES-BENZ,PASSAT Variant 3A5, 35I,POLO 86C, 80,PASSAT 3A2, 35I,CADDY I 14<\/p>\n","protected":false},"featured_media":0,"template":"","meta":{"site-sidebar-layout":"default","site-content-layout":"default","ast-global-header-display":"","ast-main-header-display":"","ast-hfb-above-header-display":"","ast-hfb-below-header-display":"","ast-hfb-mobile-header-display":"","site-post-title":"","ast-breadcrumbs-content":"","ast-featured-img":"","footer-sml-layout":"","theme-transparent-header-meta":"","adv-header-id-meta":"","stick-header-meta":"","header-above-stick-meta":"","header-main-stick-meta":"","header-below-stick-meta":""},"pwb-brand":[172],"product_cat":[99],"product_tag":[],"class_list":{"0":"post-93469","1":"product","2":"type-product","3":"status-publish","5":"pwb-brand-triclo","6":"product_cat-paisuntasailion-korkki","7":"desktop-align-left","8":"tablet-align-left","9":"mobile-align-left","11":"first","12":"instock","13":"product-type-external"},"brands":[{"id":172,"name":"TRICLO","slug":"triclo"}],"_links":{"self":[{"href":"https:\/\/www.autonvaraosahaku.fi\/index.php?rest_route=\/wp\/v2\/product\/93469","targetHints":{"allow":["GET"]}}],"collection":[{"href":"https:\/\/www.autonvaraosahaku.fi\/index.php?rest_route=\/wp\/v2\/product"}],"about":[{"href":"https:\/\/www.autonvaraosahaku.fi\/index.php?rest_route=\/wp\/v2\/types\/product"}],"wp:attachment":[{"href":"https:\/\/www.autonvaraosahaku.fi\/index.php?rest_route=%2Fwp%2Fv2%2Fmedia&parent=93469"}],"wp:term":[{"taxonomy":"pwb-brand","embeddable":true,"href":"https:\/\/www.autonvaraosahaku.fi\/index.php?rest_route=%2Fwp%2Fv2%2Fpwb-brand&post=93469"},{"taxonomy":"product_cat","embeddable":true,"href":"https:\/\/www.autonvaraosahaku.fi\/index.php?rest_route=%2Fwp%2Fv2%2Fproduct_cat&post=93469"},{"taxonomy":"product_tag","embeddable":true,"href":"https:\/\/www.autonvaraosahaku.fi\/index.php?rest_route=%2Fwp%2Fv2%2Fproduct_tag&post=93469"}],"curies":[{"name":"wp","href":"https:\/\/api.w.org\/{rel}","templated":true}]}}