{"id":93475,"date":"2021-02-21T21:45:35","date_gmt":"2021-02-21T21:45:35","guid":{"rendered":"https:\/\/www.autonvaraosahaku.fi\/?product=dt-4-20004-venttiilinvarren-kumit"},"modified":"2021-02-21T21:45:38","modified_gmt":"2021-02-21T21:45:38","slug":"dt-4-20004-venttiilinvarren-kumit","status":"publish","type":"product","link":"https:\/\/www.autonvaraosahaku.fi\/?product=dt-4-20004-venttiilinvarren-kumit","title":{"rendered":"DT 4.20004 Venttiilinvarren kumit"},"content":{"rendered":"<p>Paino [g]: 5,4; Sis\u00e4l\u00e4pimitta [mm]: 12; Ulkol\u00e4pimitta 1 [mm]: 16; Ulkol\u00e4pimitta 2 [mm]: 20; Korkeus (mm): 15; MERCEDES-BENZ: VITO \/ MIXTO Kasten W639,G-CLASS W460,COUPE C123,T1 Bus 601,100 Bus 631,T1 Pritsche\/Fahrgestell 602,T2\/L Kasten\/Kombi,T1 Kasten 602,100 Kasten 631,T1 Pritsche\/Fahrgestell 601,T2\/LN1 Kasten\/Kombi,T1 Kasten 601,100 Pritsche\/Fahrgestell 631,T2\/L Pritsche\/Fahrgestell,T1\/TN Pritsche\/Fahrgestell,T2\/LN1 Pritsche\/Fahrgestell,T1\/TN Kasten\/Kombi,T2\/LN1 Kipper,CITARO (O 530),CONECTO (O 345),MK,NG,O 302,O 303,O 304,O 305,O 307,O 309,O 330,O 340,O 403,O 404,O 405,O 407,O 408,OH,SK,TOURISMO (O 350),UNIMOG; PORSCHE: 356 Coupe,912,356 Cabriolet\/Speedster; PUCH: G-MODELL W 460; SOLARIS: URBINO; SETRA: Series 200,Series 300; RENAULT TRUCKS: C,MAJOR; PADANE: Z-Serie; NEOPLAN: Centroliner,Cityliner,Jetliner,Megaliner,Skyliner,Starliner,Tourliner,Transliner,Trendliner; MAN: E2000,EL,F2000,F90,FOCL,HOCL,LION\u00b4S CITY,LION\u00b4S COACH,LION\u00b4S COMFORT,LION\u00b4S STAR,M 2000 L,M 2000 M,M90,NG,NL,NM,N\u00dc,TGA,TGL,TGM,TGX,\u00dcL; INTERNATIONAL HARV.: 743,844,856,A-Series,B-Series,C-Series,CM-Series; 645509, 532858, 51049020015, 51049020022, 51049020023, 51049020028, 0000532258, 4030530096, 4030530196, 4030530296, 4220530096, 4220530196, 4220530296, 4420530196, 645509, 61610549102, 5000280646, 5000284080, 5000280646, 5000284080, 61500040039, 645509<\/p>\n","protected":false},"excerpt":{"rendered":"<p>DT Tiiviste, Venttiilivarsi 4.20004  MERCEDES-BENZ,PORSCHE,PUCH,VITO \/ MIXTO Kasten W639,G-CLASS W460,COUPE C123,T1 Bus 601,100 Bus 631<\/p>\n","protected":false},"featured_media":0,"template":"","meta":{"site-sidebar-layout":"default","site-content-layout":"default","ast-global-header-display":"","ast-main-header-display":"","ast-hfb-above-header-display":"","ast-hfb-below-header-display":"","ast-hfb-mobile-header-display":"","site-post-title":"","ast-breadcrumbs-content":"","ast-featured-img":"","footer-sml-layout":"","theme-transparent-header-meta":"","adv-header-id-meta":"","stick-header-meta":"","header-above-stick-meta":"","header-main-stick-meta":"","header-below-stick-meta":""},"pwb-brand":[75],"product_cat":[170],"product_tag":[],"class_list":{"0":"post-93475","1":"product","2":"type-product","3":"status-publish","5":"pwb-brand-dt","6":"product_cat-venttiilinvarren-kumit","7":"desktop-align-left","8":"tablet-align-left","9":"mobile-align-left","11":"first","12":"instock","13":"product-type-external"},"brands":[{"id":75,"name":"DT","slug":"dt"}],"_links":{"self":[{"href":"https:\/\/www.autonvaraosahaku.fi\/index.php?rest_route=\/wp\/v2\/product\/93475","targetHints":{"allow":["GET"]}}],"collection":[{"href":"https:\/\/www.autonvaraosahaku.fi\/index.php?rest_route=\/wp\/v2\/product"}],"about":[{"href":"https:\/\/www.autonvaraosahaku.fi\/index.php?rest_route=\/wp\/v2\/types\/product"}],"wp:attachment":[{"href":"https:\/\/www.autonvaraosahaku.fi\/index.php?rest_route=%2Fwp%2Fv2%2Fmedia&parent=93475"}],"wp:term":[{"taxonomy":"pwb-brand","embeddable":true,"href":"https:\/\/www.autonvaraosahaku.fi\/index.php?rest_route=%2Fwp%2Fv2%2Fpwb-brand&post=93475"},{"taxonomy":"product_cat","embeddable":true,"href":"https:\/\/www.autonvaraosahaku.fi\/index.php?rest_route=%2Fwp%2Fv2%2Fproduct_cat&post=93475"},{"taxonomy":"product_tag","embeddable":true,"href":"https:\/\/www.autonvaraosahaku.fi\/index.php?rest_route=%2Fwp%2Fv2%2Fproduct_tag&post=93475"}],"curies":[{"name":"wp","href":"https:\/\/api.w.org\/{rel}","templated":true}]}}