{"id":93492,"date":"2021-02-21T21:45:44","date_gmt":"2021-02-21T21:45:44","guid":{"rendered":"https:\/\/www.autonvaraosahaku.fi\/?product=hella-6nw-007-546-071-keskuslukitus"},"modified":"2021-02-21T21:45:45","modified_gmt":"2021-02-21T21:45:45","slug":"hella-6nw-007-546-071-keskuslukitus","status":"publish","type":"product","link":"https:\/\/www.autonvaraosahaku.fi\/?product=hella-6nw-007-546-071-keskuslukitus","title":{"rendered":"HELLA 6NW 007 546-071 Keskuslukitus"},"content":{"rendered":"<p>K\u00e4ytt\u00f6: S\u00e4hk\u00f6inen; Nimellisj\u00e4nnite (V): 12; Asennuspuoli: Fahrzeugtankklappe; VW: GOLF IV 1J1,PASSAT Variant 3B6,PASSAT Variant 3B5,PASSAT 3B2,PASSAT 3B3,JETTA III 1K2,GOLF IV Van 1J1; AUDI: TT 8N3,TT Roadster 8N9; SKODA: OCTAVIA Combi 1U5,OCTAVIA 1U2,SUPERB 3U4; 1C0810773, 1CO810773, 1K5959782, 3B0959782, 1C0810773, 1C0810773, 1CO810773, 1K5959782, 3B0959782, 1C0810773, 1CO810773, 1K5959782, 3B0959782; Keskuslukitussarja,S\u00e4\u00e4t\u00f6elementti, Keskuslukitus<\/p>\n","protected":false},"excerpt":{"rendered":"<p>HELLA Keskuslukitus 6NW 007 546-071 Keskuslukitussarja,S\u00e4\u00e4t\u00f6elementti, Keskuslukitus VW,AUDI,SKODA,GOLF IV 1J1,PASSAT Variant 3B6,PASSAT Variant 3B5<\/p>\n","protected":false},"featured_media":0,"template":"","meta":{"site-sidebar-layout":"default","site-content-layout":"default","ast-global-header-display":"","ast-main-header-display":"","ast-hfb-above-header-display":"","ast-hfb-below-header-display":"","ast-hfb-mobile-header-display":"","site-post-title":"","ast-breadcrumbs-content":"","ast-featured-img":"","footer-sml-layout":"","theme-transparent-header-meta":"","adv-header-id-meta":"","stick-header-meta":"","header-above-stick-meta":"","header-main-stick-meta":"","header-below-stick-meta":""},"pwb-brand":[24],"product_cat":[202],"product_tag":[],"class_list":{"0":"post-93492","1":"product","2":"type-product","3":"status-publish","5":"pwb-brand-hella","6":"product_cat-keskuslukitus","7":"desktop-align-left","8":"tablet-align-left","9":"mobile-align-left","11":"first","12":"instock","13":"product-type-external"},"brands":[{"id":24,"name":"HELLA","slug":"hella"}],"_links":{"self":[{"href":"https:\/\/www.autonvaraosahaku.fi\/index.php?rest_route=\/wp\/v2\/product\/93492","targetHints":{"allow":["GET"]}}],"collection":[{"href":"https:\/\/www.autonvaraosahaku.fi\/index.php?rest_route=\/wp\/v2\/product"}],"about":[{"href":"https:\/\/www.autonvaraosahaku.fi\/index.php?rest_route=\/wp\/v2\/types\/product"}],"wp:attachment":[{"href":"https:\/\/www.autonvaraosahaku.fi\/index.php?rest_route=%2Fwp%2Fv2%2Fmedia&parent=93492"}],"wp:term":[{"taxonomy":"pwb-brand","embeddable":true,"href":"https:\/\/www.autonvaraosahaku.fi\/index.php?rest_route=%2Fwp%2Fv2%2Fpwb-brand&post=93492"},{"taxonomy":"product_cat","embeddable":true,"href":"https:\/\/www.autonvaraosahaku.fi\/index.php?rest_route=%2Fwp%2Fv2%2Fproduct_cat&post=93492"},{"taxonomy":"product_tag","embeddable":true,"href":"https:\/\/www.autonvaraosahaku.fi\/index.php?rest_route=%2Fwp%2Fv2%2Fproduct_tag&post=93492"}],"curies":[{"name":"wp","href":"https:\/\/api.w.org\/{rel}","templated":true}]}}