{"id":93500,"date":"2021-02-21T21:45:44","date_gmt":"2021-02-21T21:45:44","guid":{"rendered":"https:\/\/www.autonvaraosahaku.fi\/?product=kyb-344119-iskunvaimennin"},"modified":"2021-02-21T21:45:48","modified_gmt":"2021-02-21T21:45:48","slug":"kyb-344119-iskunvaimennin","status":"publish","type":"product","link":"https:\/\/www.autonvaraosahaku.fi\/?product=kyb-344119-iskunvaimennin","title":{"rendered":"KYB 344119 Iskunvaimennin"},"content":{"rendered":"<p>Asennuspuoli: Etuakseli; Iskunvaimennusj\u00e4rjestelm\u00e4: Kaksiputki; Iskunvaimennin asennustapa: Tappi ylh\u00e4\u00e4ll\u00e4, Silta alhaalla; Iskunvaimennin tyyppi: Kaasupaine; Tuotelinja: Excel-G; Valmistusvuoteen: 04\/1986; HYUNDAI: GALLOPER II JK-01; MITSUBISHI: PAJERO I L04_G, L14_G,GALLOPER JK-01,PAJERO I Canvas Top L04_G; J4853139925, 54300M1070, HB217100A, HB217300, MB303366, MB303369, MB303740, MB303741, MB303850, MB303851, 5350755, 5353217, 5354897, 5355685, 5356433, 5361746, 5363450, 5363451, 5363452, 5363629, 5363751, 999698, 5516300182, 9226971, 94223164, 94226971, 54300M1070, 55099, 6304, 91095939, 91099014, HB217100A, HB217300, LP694, LP707, MB109661A, MB110057, MB110517, MB303366, MB303369, MB303740, MB303741, MB303850, MB303851, MB339213, MB339214, MB349076, MB430224, MB430225, MB584688, 56210R8026, 2281313, 72117661, 4851029276, 4853123040, 4853139336, 4853160090, 4853169065, J4853139925; Iskarit,Iskunvaimennin<\/p>\n","protected":false},"excerpt":{"rendered":"<p>KYB Iskunvaimentimet 344119 Iskarit,Iskunvaimennin HYUNDAI,MITSUBISHI,GALLOPER II JK-01,PAJERO I L04_G, L14_G,GALLOPER JK-01,PAJERO I Canvas Top L04_G<\/p>\n","protected":false},"featured_media":0,"template":"","meta":{"site-sidebar-layout":"default","site-content-layout":"default","ast-global-header-display":"","ast-main-header-display":"","ast-hfb-above-header-display":"","ast-hfb-below-header-display":"","ast-hfb-mobile-header-display":"","site-post-title":"","ast-breadcrumbs-content":"","ast-featured-img":"","footer-sml-layout":"","theme-transparent-header-meta":"","adv-header-id-meta":"","stick-header-meta":"","header-above-stick-meta":"","header-main-stick-meta":"","header-below-stick-meta":""},"pwb-brand":[226],"product_cat":[80],"product_tag":[],"class_list":{"0":"post-93500","1":"product","2":"type-product","3":"status-publish","5":"pwb-brand-kyb","6":"product_cat-iskunvaimennin","7":"desktop-align-left","8":"tablet-align-left","9":"mobile-align-left","11":"first","12":"instock","13":"product-type-external"},"brands":[{"id":226,"name":"KYB","slug":"kyb"}],"_links":{"self":[{"href":"https:\/\/www.autonvaraosahaku.fi\/index.php?rest_route=\/wp\/v2\/product\/93500","targetHints":{"allow":["GET"]}}],"collection":[{"href":"https:\/\/www.autonvaraosahaku.fi\/index.php?rest_route=\/wp\/v2\/product"}],"about":[{"href":"https:\/\/www.autonvaraosahaku.fi\/index.php?rest_route=\/wp\/v2\/types\/product"}],"wp:attachment":[{"href":"https:\/\/www.autonvaraosahaku.fi\/index.php?rest_route=%2Fwp%2Fv2%2Fmedia&parent=93500"}],"wp:term":[{"taxonomy":"pwb-brand","embeddable":true,"href":"https:\/\/www.autonvaraosahaku.fi\/index.php?rest_route=%2Fwp%2Fv2%2Fpwb-brand&post=93500"},{"taxonomy":"product_cat","embeddable":true,"href":"https:\/\/www.autonvaraosahaku.fi\/index.php?rest_route=%2Fwp%2Fv2%2Fproduct_cat&post=93500"},{"taxonomy":"product_tag","embeddable":true,"href":"https:\/\/www.autonvaraosahaku.fi\/index.php?rest_route=%2Fwp%2Fv2%2Fproduct_tag&post=93500"}],"curies":[{"name":"wp","href":"https:\/\/api.w.org\/{rel}","templated":true}]}}