{"id":93503,"date":"2021-02-21T21:45:44","date_gmt":"2021-02-21T21:45:44","guid":{"rendered":"https:\/\/www.autonvaraosahaku.fi\/?product=hella-8mk-376-713-304-jaahdytin"},"modified":"2021-02-21T21:45:49","modified_gmt":"2021-02-21T21:45:49","slug":"hella-8mk-376-713-304-jaahdytin","status":"publish","type":"product","link":"https:\/\/www.autonvaraosahaku.fi\/?product=hella-8mk-376-713-304-jaahdytin","title":{"rendered":"HELLA 8MK 376 713-304 J\u00e4\u00e4hdytin"},"content":{"rendered":"<p>Verkon pituus [mm]: 525; Verkon leveys [mm]: 322; Verkon syvyys [mm]: 34; Varusteet: ajoneuvoille ilmastointilaitteella tai ilman; Vaihteistomalli: Automaattivaihteisto, K\u00e4sivaihteisto; J\u00e4\u00e4hdytintyyppi: J\u00e4\u00e4hdytysrivat mekaan. kiinnitetyt; Valmistusvuosi alkaen: 03\/1983; VW: GOLF II 19E, 1G1,GOLF I Cabriolet 155,SCIROCCO 53B,GOLF I 17,CADDY I 14,JETTA II 19E, 1G2, 165,JETTA I 16; AUDI: 80 80, 82, B1; SEAT: TOLEDO I 1L; 1L0121253B, 1L0121253L, 1L0121253P, 321121253AA, 321121253AL, 321121253BN, 321121253K, 1L0121253B, 1L0121253L, 1L0121253P, 321121253AA, 321121253AL, 321121253BN, 321121253K, 1L0121253B, 1L0121253L, 1L0121253P, 321121253AA, 321121253AL, 321121253BN, 321121253K; Syyl\u00e4ri,J\u00e4\u00e4hdytin,Moottorin J\u00e4\u00e4hdytys<\/p>\n","protected":false},"excerpt":{"rendered":"<p>HELLA J\u00e4\u00e4hdytin 8MK 376 713-304 Syyl\u00e4ri,J\u00e4\u00e4hdytin,Moottorin J\u00e4\u00e4hdytys VW,AUDI,SEAT,GOLF II 19E, 1G1,GOLF I Cabriolet 155,SCIROCCO 53B,GOLF I 17<\/p>\n","protected":false},"featured_media":0,"template":"","meta":{"site-sidebar-layout":"default","site-content-layout":"default","ast-global-header-display":"","ast-main-header-display":"","ast-hfb-above-header-display":"","ast-hfb-below-header-display":"","ast-hfb-mobile-header-display":"","site-post-title":"","ast-breadcrumbs-content":"","ast-featured-img":"","footer-sml-layout":"","theme-transparent-header-meta":"","adv-header-id-meta":"","stick-header-meta":"","header-above-stick-meta":"","header-main-stick-meta":"","header-below-stick-meta":""},"pwb-brand":[24],"product_cat":[421],"product_tag":[],"class_list":{"0":"post-93503","1":"product","2":"type-product","3":"status-publish","5":"pwb-brand-hella","6":"product_cat-jaahdytin","7":"desktop-align-left","8":"tablet-align-left","9":"mobile-align-left","11":"first","12":"instock","13":"product-type-external"},"brands":[{"id":24,"name":"HELLA","slug":"hella"}],"_links":{"self":[{"href":"https:\/\/www.autonvaraosahaku.fi\/index.php?rest_route=\/wp\/v2\/product\/93503","targetHints":{"allow":["GET"]}}],"collection":[{"href":"https:\/\/www.autonvaraosahaku.fi\/index.php?rest_route=\/wp\/v2\/product"}],"about":[{"href":"https:\/\/www.autonvaraosahaku.fi\/index.php?rest_route=\/wp\/v2\/types\/product"}],"wp:attachment":[{"href":"https:\/\/www.autonvaraosahaku.fi\/index.php?rest_route=%2Fwp%2Fv2%2Fmedia&parent=93503"}],"wp:term":[{"taxonomy":"pwb-brand","embeddable":true,"href":"https:\/\/www.autonvaraosahaku.fi\/index.php?rest_route=%2Fwp%2Fv2%2Fpwb-brand&post=93503"},{"taxonomy":"product_cat","embeddable":true,"href":"https:\/\/www.autonvaraosahaku.fi\/index.php?rest_route=%2Fwp%2Fv2%2Fproduct_cat&post=93503"},{"taxonomy":"product_tag","embeddable":true,"href":"https:\/\/www.autonvaraosahaku.fi\/index.php?rest_route=%2Fwp%2Fv2%2Fproduct_tag&post=93503"}],"curies":[{"name":"wp","href":"https:\/\/api.w.org\/{rel}","templated":true}]}}