{"id":93533,"date":"2021-02-21T21:46:00","date_gmt":"2021-02-21T21:46:00","guid":{"rendered":"https:\/\/www.autonvaraosahaku.fi\/?product=ate-24-0126-0102-1-jarrulevyt"},"modified":"2021-02-21T21:46:01","modified_gmt":"2021-02-21T21:46:01","slug":"ate-24-0126-0102-1-jarrulevyt","status":"publish","type":"product","link":"https:\/\/www.autonvaraosahaku.fi\/?product=ate-24-0126-0102-1-jarrulevyt","title":{"rendered":"ATE 24.0126-0102.1 Jarrulevyt"},"content":{"rendered":"<p>Ulkol\u00e4pimitta [mm]: 280,3; Jarrulevyn paksuus (mm): 26,0; V\u00e4himm\u00e4ispaksuus (mm): 23,0; Jarrulevytyyppi: Tuuletettu; Reikien m\u00e4\u00e4r\u00e4: 5; Pinta: pinnoitettu; MAPP-koodi saatavilla: ; Reik\u00e4ympyr\u00e4-\u00d8 [mm]: 108,0; Korkeus (mm): 50,3; keskitt\u00e4misl\u00e4pimitta [mm]: 68,0; Sis\u00e4l\u00e4pimitta [mm]: 139,0; Reik\u00e4-\u00d8 [mm]: 14,5; Tarkistuskilpi: E1 90R-02C0115\/0437; Asennuspuoli: Vorderachse; VOLVO: V70 I LV,850 Kombi LW,XC70 CROSS COUNTRY,C70 I Cabriolet,C70 I Coupe,850 LS,960 II Kombi 965,S70 LS,960 II 964,V90 Kombi,S90; 271788, 272312, 9140759; Jarrulevy<\/p>\n","protected":false},"excerpt":{"rendered":"<p>ATE Jarrulevyt 24.0126-0102.1 Jarrulevy VOLVO,V70 I LV,850 Kombi LW,XC70 CROSS COUNTRY,C70 I Cabriolet,C70 I Coupe,850 LS,960 II Kombi 965,S70 LS<\/p>\n","protected":false},"featured_media":0,"template":"","meta":{"site-sidebar-layout":"default","site-content-layout":"default","ast-global-header-display":"","ast-main-header-display":"","ast-hfb-above-header-display":"","ast-hfb-below-header-display":"","ast-hfb-mobile-header-display":"","site-post-title":"","ast-breadcrumbs-content":"","ast-featured-img":"","footer-sml-layout":"","theme-transparent-header-meta":"","adv-header-id-meta":"","stick-header-meta":"","header-above-stick-meta":"","header-main-stick-meta":"","header-below-stick-meta":""},"pwb-brand":[108],"product_cat":[66],"product_tag":[],"class_list":{"0":"post-93533","1":"product","2":"type-product","3":"status-publish","5":"pwb-brand-ate","6":"product_cat-jarrulevyt","7":"desktop-align-left","8":"tablet-align-left","9":"mobile-align-left","11":"first","12":"instock","13":"product-type-external"},"brands":[{"id":108,"name":"ATE","slug":"ate"}],"_links":{"self":[{"href":"https:\/\/www.autonvaraosahaku.fi\/index.php?rest_route=\/wp\/v2\/product\/93533","targetHints":{"allow":["GET"]}}],"collection":[{"href":"https:\/\/www.autonvaraosahaku.fi\/index.php?rest_route=\/wp\/v2\/product"}],"about":[{"href":"https:\/\/www.autonvaraosahaku.fi\/index.php?rest_route=\/wp\/v2\/types\/product"}],"wp:attachment":[{"href":"https:\/\/www.autonvaraosahaku.fi\/index.php?rest_route=%2Fwp%2Fv2%2Fmedia&parent=93533"}],"wp:term":[{"taxonomy":"pwb-brand","embeddable":true,"href":"https:\/\/www.autonvaraosahaku.fi\/index.php?rest_route=%2Fwp%2Fv2%2Fpwb-brand&post=93533"},{"taxonomy":"product_cat","embeddable":true,"href":"https:\/\/www.autonvaraosahaku.fi\/index.php?rest_route=%2Fwp%2Fv2%2Fproduct_cat&post=93533"},{"taxonomy":"product_tag","embeddable":true,"href":"https:\/\/www.autonvaraosahaku.fi\/index.php?rest_route=%2Fwp%2Fv2%2Fproduct_tag&post=93533"}],"curies":[{"name":"wp","href":"https:\/\/api.w.org\/{rel}","templated":true}]}}