{"id":93546,"date":"2021-02-21T21:46:00","date_gmt":"2021-02-21T21:46:00","guid":{"rendered":"https:\/\/www.autonvaraosahaku.fi\/?product=bilstein-24-014052-iskunvaimennin"},"modified":"2021-02-21T21:46:06","modified_gmt":"2021-02-21T21:46:06","slug":"bilstein-24-014052-iskunvaimennin","status":"publish","type":"product","link":"https:\/\/www.autonvaraosahaku.fi\/?product=bilstein-24-014052-iskunvaimennin","title":{"rendered":"BILSTEIN 24-014052 Iskunvaimennin"},"content":{"rendered":"<p>Asennuspuoli: Taka-akseli; Iskunvaimennin tyyppi: Kaasupaine; Iskunvaimennin asennustapa: Silmukka alhaalla, Tappi ylh\u00e4\u00e4ll\u00e4; Iskunvaimennusj\u00e4rjestelm\u00e4: Yksiputki; Tuotelinja: &#8211; B4 OE Replacement; Varusteet: f\u00fcr Fahrzeuge ohne Niveauregulierung; MERCEDES-BENZ: 190 W201; 1243261200, 1243261800, 1243262300, 2013200031, 2013200331, 2013200931, 2013201131, 2013201231, 2013260500, 2013260800, 2013261000, 2013261500, 2013261700, 2013261800, A1243261200, A1243261800, A1243262300, A2013200031, A2013200331, A2013200931, A2013201131, A2013201231, A2013260500, A2013260800, A2013261000, A2013261500, A2013261700, A2013261800; Iskarit,Iskunvaimennin<\/p>\n","protected":false},"excerpt":{"rendered":"<p>BILSTEIN Iskunvaimentimet 24-014052 Iskarit,Iskunvaimennin MERCEDES-BENZ,190 W201<\/p>\n","protected":false},"featured_media":0,"template":"","meta":{"site-sidebar-layout":"default","site-content-layout":"default","ast-global-header-display":"","ast-main-header-display":"","ast-hfb-above-header-display":"","ast-hfb-below-header-display":"","ast-hfb-mobile-header-display":"","site-post-title":"","ast-breadcrumbs-content":"","ast-featured-img":"","footer-sml-layout":"","theme-transparent-header-meta":"","adv-header-id-meta":"","stick-header-meta":"","header-above-stick-meta":"","header-main-stick-meta":"","header-below-stick-meta":""},"pwb-brand":[114],"product_cat":[80],"product_tag":[],"class_list":{"0":"post-93546","1":"product","2":"type-product","3":"status-publish","5":"pwb-brand-bilstein","6":"product_cat-iskunvaimennin","7":"desktop-align-left","8":"tablet-align-left","9":"mobile-align-left","11":"first","12":"instock","13":"product-type-external"},"brands":[{"id":114,"name":"BILSTEIN","slug":"bilstein"}],"_links":{"self":[{"href":"https:\/\/www.autonvaraosahaku.fi\/index.php?rest_route=\/wp\/v2\/product\/93546","targetHints":{"allow":["GET"]}}],"collection":[{"href":"https:\/\/www.autonvaraosahaku.fi\/index.php?rest_route=\/wp\/v2\/product"}],"about":[{"href":"https:\/\/www.autonvaraosahaku.fi\/index.php?rest_route=\/wp\/v2\/types\/product"}],"wp:attachment":[{"href":"https:\/\/www.autonvaraosahaku.fi\/index.php?rest_route=%2Fwp%2Fv2%2Fmedia&parent=93546"}],"wp:term":[{"taxonomy":"pwb-brand","embeddable":true,"href":"https:\/\/www.autonvaraosahaku.fi\/index.php?rest_route=%2Fwp%2Fv2%2Fpwb-brand&post=93546"},{"taxonomy":"product_cat","embeddable":true,"href":"https:\/\/www.autonvaraosahaku.fi\/index.php?rest_route=%2Fwp%2Fv2%2Fproduct_cat&post=93546"},{"taxonomy":"product_tag","embeddable":true,"href":"https:\/\/www.autonvaraosahaku.fi\/index.php?rest_route=%2Fwp%2Fv2%2Fproduct_tag&post=93546"}],"curies":[{"name":"wp","href":"https:\/\/api.w.org\/{rel}","templated":true}]}}