{"id":93560,"date":"2021-02-21T21:46:08","date_gmt":"2021-02-21T21:46:08","guid":{"rendered":"https:\/\/www.autonvaraosahaku.fi\/?product=meyle-100-498-0612-vetoakseli"},"modified":"2021-02-21T21:46:12","modified_gmt":"2021-02-21T21:46:12","slug":"meyle-100-498-0612-vetoakseli","status":"publish","type":"product","link":"https:\/\/www.autonvaraosahaku.fi\/?product=meyle-100-498-0612-vetoakseli","title":{"rendered":"MEYLE 100 498 0612 Vetoakseli"},"content":{"rendered":"<p>Asennuspuoli: Etuakseli, vasen; Ulkohammastus, py\u00f6r\u00e4npuoli: 36; Sis\u00e4hammastus, py\u00f6r\u00e4npuoli: 27; Pituus (mm): 484; Tiivisteen l\u00e4pimitta [mm]: 59,5; Pantiton uusi osa: ; parilliset tuotenumerot: 100 498 0613; lis\u00e4tieto: ORIGINAL Quality; Vaihteistomalli: MT; VW: GOLF V 1K1,TOURAN 1T1, 1T2,GOLF VI 5K1,PASSAT Variant 3C5,GOLF PLUS 5M1, 521,PASSAT 3C2,PASSAT Variant 365,CADDY III Kombi 2KB, 2KJ, 2CB, 2CJ,TOURAN 1T3,GOLF VI Variant AJ5,GOLF V Variant 1K5,CADDY III Kasten 2KA, 2KH, 2CA, 2CH,EOS 1F7, 1F8,SCIROCCO 137, 138,PASSAT CC 357,PASSAT 3B3,JETTA III 1K2,PASSAT 362,CC 358,GOLF VI Cabriolet 517,PASSAT ALLTRACK 365; AUDI: A3 8P1,A3 Sportback 8PA,A3 Cabriolet 8P7; SKODA: OCTAVIA Combi 1Z5,YETI 5L,SUPERB Kombi 3T5,OCTAVIA 1Z3,SUPERB 3T4; SEAT: LEON 1P1,ALTEA 5P1,ALTEA XL 5P5, 5P8,TOLEDO III 5P2; 1K0407451DX, 1K0407451TX, 3C0407451FX, 1K0407451TX, 3C0407451FX, 1K0407271EE, 1K0407271NP, 1K0407451TX, 3C0407451FX, 1K0407271BN, 1K0407271EE, 1K0407271NP, 1K0407451DX, 1K0407451TX, 3C0407451FX<\/p>\n","protected":false},"excerpt":{"rendered":"<p>MEYLE Vetoakseli 100 498 0612  VW,AUDI,SKODA,GOLF V 1K1,TOURAN 1T1, 1T2,GOLF VI 5K1,PASSAT Variant 3C5,GOLF PLUS 5M1, 521,PASSAT 3C2<\/p>\n","protected":false},"featured_media":0,"template":"","meta":{"site-sidebar-layout":"default","site-content-layout":"default","ast-global-header-display":"","ast-main-header-display":"","ast-hfb-above-header-display":"","ast-hfb-below-header-display":"","ast-hfb-mobile-header-display":"","site-post-title":"","ast-breadcrumbs-content":"","ast-featured-img":"","footer-sml-layout":"","theme-transparent-header-meta":"","adv-header-id-meta":"","stick-header-meta":"","header-above-stick-meta":"","header-main-stick-meta":"","header-below-stick-meta":""},"pwb-brand":[84],"product_cat":[215],"product_tag":[],"class_list":{"0":"post-93560","1":"product","2":"type-product","3":"status-publish","5":"pwb-brand-meyle","6":"product_cat-vetoakseli","7":"desktop-align-left","8":"tablet-align-left","9":"mobile-align-left","11":"first","12":"instock","13":"product-type-external"},"brands":[{"id":84,"name":"MEYLE","slug":"meyle"}],"_links":{"self":[{"href":"https:\/\/www.autonvaraosahaku.fi\/index.php?rest_route=\/wp\/v2\/product\/93560","targetHints":{"allow":["GET"]}}],"collection":[{"href":"https:\/\/www.autonvaraosahaku.fi\/index.php?rest_route=\/wp\/v2\/product"}],"about":[{"href":"https:\/\/www.autonvaraosahaku.fi\/index.php?rest_route=\/wp\/v2\/types\/product"}],"wp:attachment":[{"href":"https:\/\/www.autonvaraosahaku.fi\/index.php?rest_route=%2Fwp%2Fv2%2Fmedia&parent=93560"}],"wp:term":[{"taxonomy":"pwb-brand","embeddable":true,"href":"https:\/\/www.autonvaraosahaku.fi\/index.php?rest_route=%2Fwp%2Fv2%2Fpwb-brand&post=93560"},{"taxonomy":"product_cat","embeddable":true,"href":"https:\/\/www.autonvaraosahaku.fi\/index.php?rest_route=%2Fwp%2Fv2%2Fproduct_cat&post=93560"},{"taxonomy":"product_tag","embeddable":true,"href":"https:\/\/www.autonvaraosahaku.fi\/index.php?rest_route=%2Fwp%2Fv2%2Fproduct_tag&post=93560"}],"curies":[{"name":"wp","href":"https:\/\/api.w.org\/{rel}","templated":true}]}}