{"id":93587,"date":"2021-02-21T21:46:16","date_gmt":"2021-02-21T21:46:16","guid":{"rendered":"https:\/\/www.autonvaraosahaku.fi\/?product=ridex-458f0069-polttoainepumppu"},"modified":"2021-02-21T21:46:23","modified_gmt":"2021-02-21T21:46:23","slug":"ridex-458f0069-polttoainepumppu","status":"publish","type":"product","link":"https:\/\/www.autonvaraosahaku.fi\/?product=ridex-458f0069-polttoainepumppu","title":{"rendered":"RIDEX 458F0069 Polttoainepumppu"},"content":{"rendered":"<p>K\u00e4ytt\u00f6: S\u00e4hk\u00f6inen; K\u00e4ytt\u00f6paine (bar): 3,2; Siirtom\u00e4\u00e4r\u00e4 (l\/h): 130; Polttoaine: Diesel; Liittimi\u00e4: 2; L\u00e4pimitta [mm]: 43; VW: PASSAT Variant 3B6,PASSAT 3B3; HYUNDAI: GETZ TB,TUCSON JM,MATRIX FC,ACCENT II LC,ELANTRA XD; KIA: SPORTAGE JE_, KM_; 4B0906091A, 16116754762, 16116763817, 0K2KB1335ZB, 3111017410, 3111017410DS, 311101D200, 311101D200DS, 311102B960, 311102G560, 311112D410, 311112D450, 311112D460, 311112E960, 0K2KB1335ZB, 3111017410, 3111017410DS, 311101D200, 311101D200DS, 311102B960, 311102G560, 311112D410, 311112D450, 311112D460, 311112E960, 311102D000, 4B0906091A, 4B0906091A, 4B0906091A<\/p>\n","protected":false},"excerpt":{"rendered":"<p>RIDEX Polttoainepumppu 458F0069  VW,HYUNDAI,KIA,PASSAT Variant 3B6,PASSAT 3B3,GETZ TB,TUCSON JM,MATRIX FC,ACCENT II LC,ELANTRA XD,SPORTAGE JE_, KM_<\/p>\n","protected":false},"featured_media":0,"template":"","meta":{"site-sidebar-layout":"default","site-content-layout":"default","ast-global-header-display":"","ast-main-header-display":"","ast-hfb-above-header-display":"","ast-hfb-below-header-display":"","ast-hfb-mobile-header-display":"","site-post-title":"","ast-breadcrumbs-content":"","ast-featured-img":"","footer-sml-layout":"","theme-transparent-header-meta":"","adv-header-id-meta":"","stick-header-meta":"","header-above-stick-meta":"","header-main-stick-meta":"","header-below-stick-meta":""},"pwb-brand":[157],"product_cat":[73],"product_tag":[],"class_list":{"0":"post-93587","1":"product","2":"type-product","3":"status-publish","5":"pwb-brand-ridex","6":"product_cat-polttoainepumppu","7":"desktop-align-left","8":"tablet-align-left","9":"mobile-align-left","11":"first","12":"instock","13":"product-type-external"},"brands":[{"id":157,"name":"RIDEX","slug":"ridex"}],"_links":{"self":[{"href":"https:\/\/www.autonvaraosahaku.fi\/index.php?rest_route=\/wp\/v2\/product\/93587","targetHints":{"allow":["GET"]}}],"collection":[{"href":"https:\/\/www.autonvaraosahaku.fi\/index.php?rest_route=\/wp\/v2\/product"}],"about":[{"href":"https:\/\/www.autonvaraosahaku.fi\/index.php?rest_route=\/wp\/v2\/types\/product"}],"wp:attachment":[{"href":"https:\/\/www.autonvaraosahaku.fi\/index.php?rest_route=%2Fwp%2Fv2%2Fmedia&parent=93587"}],"wp:term":[{"taxonomy":"pwb-brand","embeddable":true,"href":"https:\/\/www.autonvaraosahaku.fi\/index.php?rest_route=%2Fwp%2Fv2%2Fpwb-brand&post=93587"},{"taxonomy":"product_cat","embeddable":true,"href":"https:\/\/www.autonvaraosahaku.fi\/index.php?rest_route=%2Fwp%2Fv2%2Fproduct_cat&post=93587"},{"taxonomy":"product_tag","embeddable":true,"href":"https:\/\/www.autonvaraosahaku.fi\/index.php?rest_route=%2Fwp%2Fv2%2Fproduct_tag&post=93587"}],"curies":[{"name":"wp","href":"https:\/\/api.w.org\/{rel}","templated":true}]}}