{"id":93596,"date":"2021-02-21T21:46:25","date_gmt":"2021-02-21T21:46:25","guid":{"rendered":"https:\/\/www.autonvaraosahaku.fi\/?product=ridex-3105o0004-muut-luokat"},"modified":"2021-02-21T21:46:28","modified_gmt":"2021-02-21T21:46:28","slug":"ridex-3105o0004-muut-luokat","status":"publish","type":"product","link":"https:\/\/www.autonvaraosahaku.fi\/?product=ridex-3105o0004-muut-luokat","title":{"rendered":"RIDEX 3105O0004 Muut luokat"},"content":{"rendered":"<p>Vaihteistomalli: GA8HP45Z, GA8HP70Z; Korvaava tuote\/korvaava tiedote 2: Suodattimella; Lis\u00e4tarvike\/lis\u00e4tieto: Tiivisteill\u00e4, \u00d6ljynp\u00e4\u00e4st\u00f6ruuvilla; Moottorinumero: N47; BMW: 5 Touring F11,5 F10, F18,X1 E84,1 F20,X5 E70,X3 F25,3 Touring F31,3 F30, F35, F80,1 F21,7 F01, F02, F03, F04,Z4 E89,5 Gran Turismo F07,X6 E71, E72,3 Gran Turismo F34,4 Coupe F32, F82,X5 F15, F85,2 Coupe F22,6 Gran Coupe F06,6 Coupe F13,4 Cabriolet F33, F83,6 Cabriolet F12,4 Gran Coupe F36,X4 F26,5 G30,2 Cabriolet F23,X6 F16, F86,7 G11, G12; 24117604960, 24117613253, 24117624192, 24118612901<\/p>\n","protected":false},"excerpt":{"rendered":"<p>RIDEX \u00d6ljypohja, Automaattivaihteisto 3105O0004  BMW,5 Touring F11,5 F10, F18,X1 E84,1 F20,X5 E70,X3 F25,3 Touring F31,3 F30, F35, F80,1 F21<\/p>\n","protected":false},"featured_media":0,"template":"","meta":{"site-sidebar-layout":"default","site-content-layout":"default","ast-global-header-display":"","ast-main-header-display":"","ast-hfb-above-header-display":"","ast-hfb-below-header-display":"","ast-hfb-mobile-header-display":"","site-post-title":"","ast-breadcrumbs-content":"","ast-featured-img":"","footer-sml-layout":"","theme-transparent-header-meta":"","adv-header-id-meta":"","stick-header-meta":"","header-above-stick-meta":"","header-main-stick-meta":"","header-below-stick-meta":""},"pwb-brand":[157],"product_cat":[37],"product_tag":[],"class_list":{"0":"post-93596","1":"product","2":"type-product","3":"status-publish","5":"pwb-brand-ridex","6":"product_cat-muut-luokat","7":"desktop-align-left","8":"tablet-align-left","9":"mobile-align-left","11":"first","12":"instock","13":"product-type-external"},"brands":[{"id":157,"name":"RIDEX","slug":"ridex"}],"_links":{"self":[{"href":"https:\/\/www.autonvaraosahaku.fi\/index.php?rest_route=\/wp\/v2\/product\/93596","targetHints":{"allow":["GET"]}}],"collection":[{"href":"https:\/\/www.autonvaraosahaku.fi\/index.php?rest_route=\/wp\/v2\/product"}],"about":[{"href":"https:\/\/www.autonvaraosahaku.fi\/index.php?rest_route=\/wp\/v2\/types\/product"}],"wp:attachment":[{"href":"https:\/\/www.autonvaraosahaku.fi\/index.php?rest_route=%2Fwp%2Fv2%2Fmedia&parent=93596"}],"wp:term":[{"taxonomy":"pwb-brand","embeddable":true,"href":"https:\/\/www.autonvaraosahaku.fi\/index.php?rest_route=%2Fwp%2Fv2%2Fpwb-brand&post=93596"},{"taxonomy":"product_cat","embeddable":true,"href":"https:\/\/www.autonvaraosahaku.fi\/index.php?rest_route=%2Fwp%2Fv2%2Fproduct_cat&post=93596"},{"taxonomy":"product_tag","embeddable":true,"href":"https:\/\/www.autonvaraosahaku.fi\/index.php?rest_route=%2Fwp%2Fv2%2Fproduct_tag&post=93596"}],"curies":[{"name":"wp","href":"https:\/\/api.w.org\/{rel}","templated":true}]}}