{"id":93607,"date":"2021-02-21T21:46:25","date_gmt":"2021-02-21T21:46:25","guid":{"rendered":"https:\/\/www.autonvaraosahaku.fi\/?product=sasic-swh4175-jaahdyttimen-letku"},"modified":"2021-02-21T21:46:32","modified_gmt":"2021-02-21T21:46:32","slug":"sasic-swh4175-jaahdyttimen-letku","status":"publish","type":"product","link":"https:\/\/www.autonvaraosahaku.fi\/?product=sasic-swh4175-jaahdyttimen-letku","title":{"rendered":"SASIC SWH4175 J\u00e4\u00e4hdyttimen letku"},"content":{"rendered":"<p>J\u00e4\u00e4hdytysjohto: v\u00e4liputkesta l\u00e4mp\u00f6kennoon; OE-numerolle: 6006003526; RENAULT: SUPER 5 B\/C40_,RAPID Kasten F40_, G40_,SUPER 5 Kasten S40_; 6006003526, 7700762033, 7700762034<\/p>\n","protected":false},"excerpt":{"rendered":"<p>SASIC J\u00e4\u00e4hdyttimen Letku SWH4175  RENAULT,SUPER 5 B\/C40_,RAPID Kasten F40_, G40_,SUPER 5 Kasten S40_<\/p>\n","protected":false},"featured_media":0,"template":"","meta":{"site-sidebar-layout":"default","site-content-layout":"default","ast-global-header-display":"","ast-main-header-display":"","ast-hfb-above-header-display":"","ast-hfb-below-header-display":"","ast-hfb-mobile-header-display":"","site-post-title":"","ast-breadcrumbs-content":"","ast-featured-img":"","footer-sml-layout":"","theme-transparent-header-meta":"","adv-header-id-meta":"","stick-header-meta":"","header-above-stick-meta":"","header-main-stick-meta":"","header-below-stick-meta":""},"pwb-brand":[110],"product_cat":[206],"product_tag":[],"class_list":{"0":"post-93607","1":"product","2":"type-product","3":"status-publish","5":"pwb-brand-sasic","6":"product_cat-jaahdyttimen-letku","7":"desktop-align-left","8":"tablet-align-left","9":"mobile-align-left","11":"first","12":"instock","13":"product-type-external"},"brands":[{"id":110,"name":"SASIC","slug":"sasic"}],"_links":{"self":[{"href":"https:\/\/www.autonvaraosahaku.fi\/index.php?rest_route=\/wp\/v2\/product\/93607","targetHints":{"allow":["GET"]}}],"collection":[{"href":"https:\/\/www.autonvaraosahaku.fi\/index.php?rest_route=\/wp\/v2\/product"}],"about":[{"href":"https:\/\/www.autonvaraosahaku.fi\/index.php?rest_route=\/wp\/v2\/types\/product"}],"wp:attachment":[{"href":"https:\/\/www.autonvaraosahaku.fi\/index.php?rest_route=%2Fwp%2Fv2%2Fmedia&parent=93607"}],"wp:term":[{"taxonomy":"pwb-brand","embeddable":true,"href":"https:\/\/www.autonvaraosahaku.fi\/index.php?rest_route=%2Fwp%2Fv2%2Fpwb-brand&post=93607"},{"taxonomy":"product_cat","embeddable":true,"href":"https:\/\/www.autonvaraosahaku.fi\/index.php?rest_route=%2Fwp%2Fv2%2Fproduct_cat&post=93607"},{"taxonomy":"product_tag","embeddable":true,"href":"https:\/\/www.autonvaraosahaku.fi\/index.php?rest_route=%2Fwp%2Fv2%2Fproduct_tag&post=93607"}],"curies":[{"name":"wp","href":"https:\/\/api.w.org\/{rel}","templated":true}]}}