{"id":93608,"date":"2021-02-21T21:46:25","date_gmt":"2021-02-21T21:46:25","guid":{"rendered":"https:\/\/www.autonvaraosahaku.fi\/?product=magneti-marelli-215810606500-kaasulapan-asentotunnistin"},"modified":"2021-02-21T21:46:32","modified_gmt":"2021-02-21T21:46:32","slug":"magneti-marelli-215810606500-kaasulapan-asentotunnistin","status":"publish","type":"product","link":"https:\/\/www.autonvaraosahaku.fi\/?product=magneti-marelli-215810606500-kaasulapan-asentotunnistin","title":{"rendered":"MAGNETI MARELLI 215810606500 Kaasul\u00e4p\u00e4n asentotunnistin"},"content":{"rendered":"<p>KIA: SPORTAGE JE_, KM_,CARENS II FJ,CARNIVAL II GQ,RIO Kombi DC,MAGENTIS GD,SPORTAGE K00,RIO Stufenheck DC_,SHUMA II FB,CARENS I FC,RETONA CE,SHUMA FB,PRIDE DA,SHUMA II Stufenheck FB,CLARUS K9A,CARNIVAL I UP,CLARUS Kombi GC,SEPHIA Stufenheck FA,SEPHIA FA,PRIDE Kombi,SEPHIA FB,CERATO Stufenheck,AVELLA; LANCIA: KAPPA 838A,THEMA 834,KAPPA SW 838B,ZETA 220,KAPPA Coupe 838,THEMA SW 834; OPEL: OMEGA A 16_, 17_, 19_,VECTRA B 36_,ASTRA F CC 53_, 54_, 58_, 59_,OMEGA B Caravan 21_, 22_, 23_,OMEGA B 25_, 26_, 27_,VECTRA B Caravan 31_,ASTRA F Caravan 51_, 52_,CALIBRA A 85_,VECTRA B CC 38_,VECTRA A 86_, 87_,ASTRA F Cabriolet 53_B,ASTRA F 56_, 57_,KADETT E CC 33_, 34_, 43_, 44_,SINTRA,FRONTERA A Sport 5_SUD2,CORSA A CC 93_, 94_, 98_, 99_,FRONTERA A 5_MWL4,VECTRA A CC 88_, 89_,KADETT E Cabriolet 43B_,SENATOR B 29_,OMEGA A Caravan 66_, 67_,KADETT E 39_, 49_,KADETT E Caravan 35_, 36_, 45_, 46_; TOYOTA: AVENSIS _T22_,COROLLA Liftback _E11_,COROLLA Compact _E11_,AVENSIS Station Wagon _T22_,AVENSIS Liftback _T22_,CARINA E _T19_,COROLLA _E11_,CARINA E Stufenheck _T19_,COROLLA Wagon __E11_,CARINA E Sportswagon _T19_; HYUNDAI: TUCSON JM,COUPE GK,TRAJET FO,COUPE RD,H-1 \/ STAREX,ELANTRA XD,ELANTRA Stufenheck XD,ACCENT I X-3,LANTRA II Wagon J-2,LANTRA II J-2,ACCENT Stufenheck X-3,S COUPE SLC; VOLVO: V70 II SW,V70 I LV,S60 I,850 Kombi LW,S80 I TS, XY,XC70 CROSS COUNTRY,240 Kombi P245,C70 I Cabriolet,C70 I Coupe,850 LS,960 II Kombi 965,240 P242, P244,480 E,440 K 445,S70 LS,960 II 964,460 L 464,V90 Kombi,960 Kombi 965,960 964,S90; SAAB: 9000 Schr\u00e4gheck,900 I Cabriolet,900 I Combi Coupe,900 II Cabriolet,900 II,900 I AC4, AM4,9000,900 II Coupe; ALFA ROMEO: 156 Sportwagon 932,156 932,SPIDER 916S_,GTV 916C_,164 164,145 930,155 167,146 930,33 907A,33 Sportwagon 907B; RENAULT: 19 II B\/C53_,19 I B\/C53_,SAFRANE II B54_,19 I Chamade L53_; FIAT: PUNTO 176,COUPE FA\/175,BRAVO I 182,ULYSSE 220,MAREA Weekend 185,UNO 146A\/E,CROMA 154,MAREA 185; 60549359, 605493590, 60808043, 60811198, 7637025, 90549359, 960389388, 9603893880, 9946862, 1628L1, 1920Z4, 72408124, 72408125, 96038938, 9603893880, 1292636, 1908, 142434, 158170, 60549359, 605493590, 60808043, 60811198, 7637025, 90549359, 960389388, 9603893880, 9946862, 406113000001, 0K01118911, 0K24718911, 0K30A18911, 3517022001, 3517022010, 8029510, 0K01118911, 0K24718911, 0K30A18911, 3517022001, 3517022010, 60549359, 605493590, 60808043, 60811198, 7637025, 90549359, 960389388, 9603893880, 9946862, 0825463, 0826924, 090323839, 090486133, 825463, 826924, 90323839, 90486133, 1628L1, 1920Z4, 72408124, 72408125, 96038938, 9603893880, 94460611600, 94460611601, 7701034407, 7701047921, 4661062, 885719, 8857195, 8945205010, 406113000001, 1336385, 13363858, 3450030; Kaasul\u00e4p\u00e4n Anturi,Tunnistin, Kaasul\u00e4pp\u00e4<\/p>\n","protected":false},"excerpt":{"rendered":"<p>MAGNETI MARELLI Kaasul\u00e4p\u00e4n Asentotunnistin 215810606500 Kaasul\u00e4p\u00e4n Anturi,Tunnistin, Kaasul\u00e4pp\u00e4 KIA,LANCIA,OPEL,SPORTAGE JE_, KM_,CARENS II FJ<\/p>\n","protected":false},"featured_media":0,"template":"","meta":{"site-sidebar-layout":"default","site-content-layout":"default","ast-global-header-display":"","ast-main-header-display":"","ast-hfb-above-header-display":"","ast-hfb-below-header-display":"","ast-hfb-mobile-header-display":"","site-post-title":"","ast-breadcrumbs-content":"","ast-featured-img":"","footer-sml-layout":"","theme-transparent-header-meta":"","adv-header-id-meta":"","stick-header-meta":"","header-above-stick-meta":"","header-main-stick-meta":"","header-below-stick-meta":""},"pwb-brand":[34],"product_cat":[465],"product_tag":[],"class_list":{"0":"post-93608","1":"product","2":"type-product","3":"status-publish","5":"pwb-brand-magneti-marelli","6":"product_cat-kaasulapan-asentotunnistin","7":"desktop-align-left","8":"tablet-align-left","9":"mobile-align-left","11":"first","12":"instock","13":"product-type-external"},"brands":[{"id":34,"name":"MAGNETI MARELLI","slug":"magneti-marelli"}],"_links":{"self":[{"href":"https:\/\/www.autonvaraosahaku.fi\/index.php?rest_route=\/wp\/v2\/product\/93608","targetHints":{"allow":["GET"]}}],"collection":[{"href":"https:\/\/www.autonvaraosahaku.fi\/index.php?rest_route=\/wp\/v2\/product"}],"about":[{"href":"https:\/\/www.autonvaraosahaku.fi\/index.php?rest_route=\/wp\/v2\/types\/product"}],"wp:attachment":[{"href":"https:\/\/www.autonvaraosahaku.fi\/index.php?rest_route=%2Fwp%2Fv2%2Fmedia&parent=93608"}],"wp:term":[{"taxonomy":"pwb-brand","embeddable":true,"href":"https:\/\/www.autonvaraosahaku.fi\/index.php?rest_route=%2Fwp%2Fv2%2Fpwb-brand&post=93608"},{"taxonomy":"product_cat","embeddable":true,"href":"https:\/\/www.autonvaraosahaku.fi\/index.php?rest_route=%2Fwp%2Fv2%2Fproduct_cat&post=93608"},{"taxonomy":"product_tag","embeddable":true,"href":"https:\/\/www.autonvaraosahaku.fi\/index.php?rest_route=%2Fwp%2Fv2%2Fproduct_tag&post=93608"}],"curies":[{"name":"wp","href":"https:\/\/api.w.org\/{rel}","templated":true}]}}