{"id":93634,"date":"2021-02-21T21:46:42","date_gmt":"2021-02-21T21:46:42","guid":{"rendered":"https:\/\/www.autonvaraosahaku.fi\/?product=eberspacher-19-0-45-takaaanenvaimennin"},"modified":"2021-02-21T21:46:43","modified_gmt":"2021-02-21T21:46:43","slug":"eberspacher-19-0-45-takaaanenvaimennin","status":"publish","type":"product","link":"https:\/\/www.autonvaraosahaku.fi\/?product=eberspacher-19-0-45-takaaanenvaimennin","title":{"rendered":"EBERSP\u00c4CHER 19.0.45 Taka\u00e4\u00e4nenvaimennin"},"content":{"rendered":"<p>Paino [kg]: 7,0; Pituus (mm): 700; Asennuspuoli: Takana; Valmistusvuosi alkaen: 01\/1999; PEUGEOT: 206 Schr\u00e4gheck 2A\/C,PARTNER Kasten 5; 1726GZ, 1726X9, 1726Y0; Takavaimennin,Takap\u00f6ntt\u00f6,Taka\u00e4\u00e4nenvaimentaja<\/p>\n","protected":false},"excerpt":{"rendered":"<p>EBERSP\u00c4CHER Taka\u00e4\u00e4nenvaimennin 19.0.45 Takavaimennin,Takap\u00f6ntt\u00f6 PEUGEOT,206 Schr\u00e4gheck 2A\/C,PARTNER Kasten 5<\/p>\n","protected":false},"featured_media":0,"template":"","meta":{"site-sidebar-layout":"default","site-content-layout":"default","ast-global-header-display":"","ast-main-header-display":"","ast-hfb-above-header-display":"","ast-hfb-below-header-display":"","ast-hfb-mobile-header-display":"","site-post-title":"","ast-breadcrumbs-content":"","ast-featured-img":"","footer-sml-layout":"","theme-transparent-header-meta":"","adv-header-id-meta":"","stick-header-meta":"","header-above-stick-meta":"","header-main-stick-meta":"","header-below-stick-meta":""},"pwb-brand":[487],"product_cat":[90],"product_tag":[],"class_list":{"0":"post-93634","1":"product","2":"type-product","3":"status-publish","5":"pwb-brand-eberspacher","6":"product_cat-takaaanenvaimennin","7":"desktop-align-left","8":"tablet-align-left","9":"mobile-align-left","11":"first","12":"instock","13":"product-type-external"},"brands":[{"id":487,"name":"EBERSP\u00c4CHER","slug":"eberspacher"}],"_links":{"self":[{"href":"https:\/\/www.autonvaraosahaku.fi\/index.php?rest_route=\/wp\/v2\/product\/93634","targetHints":{"allow":["GET"]}}],"collection":[{"href":"https:\/\/www.autonvaraosahaku.fi\/index.php?rest_route=\/wp\/v2\/product"}],"about":[{"href":"https:\/\/www.autonvaraosahaku.fi\/index.php?rest_route=\/wp\/v2\/types\/product"}],"wp:attachment":[{"href":"https:\/\/www.autonvaraosahaku.fi\/index.php?rest_route=%2Fwp%2Fv2%2Fmedia&parent=93634"}],"wp:term":[{"taxonomy":"pwb-brand","embeddable":true,"href":"https:\/\/www.autonvaraosahaku.fi\/index.php?rest_route=%2Fwp%2Fv2%2Fpwb-brand&post=93634"},{"taxonomy":"product_cat","embeddable":true,"href":"https:\/\/www.autonvaraosahaku.fi\/index.php?rest_route=%2Fwp%2Fv2%2Fproduct_cat&post=93634"},{"taxonomy":"product_tag","embeddable":true,"href":"https:\/\/www.autonvaraosahaku.fi\/index.php?rest_route=%2Fwp%2Fv2%2Fproduct_tag&post=93634"}],"curies":[{"name":"wp","href":"https:\/\/api.w.org\/{rel}","templated":true}]}}