{"id":93641,"date":"2021-02-21T21:46:42","date_gmt":"2021-02-21T21:46:42","guid":{"rendered":"https:\/\/www.autonvaraosahaku.fi\/?product=pierburg-7-21903-49-0-turboahdin"},"modified":"2021-02-21T21:46:46","modified_gmt":"2021-02-21T21:46:46","slug":"pierburg-7-21903-49-0-turboahdin","status":"publish","type":"product","link":"https:\/\/www.autonvaraosahaku.fi\/?product=pierburg-7-21903-49-0-turboahdin","title":{"rendered":"PIERBURG 7.21903.49.0 Turboahdin"},"content":{"rendered":"<p>K\u00e4ytt\u00f6: S\u00e4hk\u00f6-pneumaattinen; J\u00e4nnite (V): 12; S\u00e4\u00e4din: Paineens\u00e4\u00e4timell\u00e4; Teknisten tietojen numero: SI 0096; TECDOC-moottorinumero: 9517; AUDI: A6 Avant 4B5, C5,A6 4B2, C5,A8 4D2, 4D8,ALLROAD 4BH, C5; 059906627A; Paineenmuuntaja, Turboahdin<\/p>\n","protected":false},"excerpt":{"rendered":"<p>PIERBURG Painemuunnin 7.21903.49.0 Paineenmuuntaja, Turboahdin AUDI,A6 Avant 4B5, C5,A6 4B2, C5,A8 4D2, 4D8,ALLROAD 4BH, C5<\/p>\n","protected":false},"featured_media":0,"template":"","meta":{"site-sidebar-layout":"default","site-content-layout":"default","ast-global-header-display":"","ast-main-header-display":"","ast-hfb-above-header-display":"","ast-hfb-below-header-display":"","ast-hfb-mobile-header-display":"","site-post-title":"","ast-breadcrumbs-content":"","ast-featured-img":"","footer-sml-layout":"","theme-transparent-header-meta":"","adv-header-id-meta":"","stick-header-meta":"","header-above-stick-meta":"","header-main-stick-meta":"","header-below-stick-meta":""},"pwb-brand":[380],"product_cat":[250],"product_tag":[],"class_list":{"0":"post-93641","1":"product","2":"type-product","3":"status-publish","5":"pwb-brand-pierburg","6":"product_cat-turboahdin","7":"desktop-align-left","8":"tablet-align-left","9":"mobile-align-left","11":"first","12":"instock","13":"product-type-external"},"brands":[{"id":380,"name":"PIERBURG","slug":"pierburg"}],"_links":{"self":[{"href":"https:\/\/www.autonvaraosahaku.fi\/index.php?rest_route=\/wp\/v2\/product\/93641","targetHints":{"allow":["GET"]}}],"collection":[{"href":"https:\/\/www.autonvaraosahaku.fi\/index.php?rest_route=\/wp\/v2\/product"}],"about":[{"href":"https:\/\/www.autonvaraosahaku.fi\/index.php?rest_route=\/wp\/v2\/types\/product"}],"wp:attachment":[{"href":"https:\/\/www.autonvaraosahaku.fi\/index.php?rest_route=%2Fwp%2Fv2%2Fmedia&parent=93641"}],"wp:term":[{"taxonomy":"pwb-brand","embeddable":true,"href":"https:\/\/www.autonvaraosahaku.fi\/index.php?rest_route=%2Fwp%2Fv2%2Fpwb-brand&post=93641"},{"taxonomy":"product_cat","embeddable":true,"href":"https:\/\/www.autonvaraosahaku.fi\/index.php?rest_route=%2Fwp%2Fv2%2Fproduct_cat&post=93641"},{"taxonomy":"product_tag","embeddable":true,"href":"https:\/\/www.autonvaraosahaku.fi\/index.php?rest_route=%2Fwp%2Fv2%2Fproduct_tag&post=93641"}],"curies":[{"name":"wp","href":"https:\/\/api.w.org\/{rel}","templated":true}]}}