{"id":93644,"date":"2021-02-21T21:46:42","date_gmt":"2021-02-21T21:46:42","guid":{"rendered":"https:\/\/www.autonvaraosahaku.fi\/?product=pierburg-7-00688-06-0-kaasulappakotelo"},"modified":"2021-02-21T21:46:47","modified_gmt":"2021-02-21T21:46:47","slug":"pierburg-7-00688-06-0-kaasulappakotelo","status":"publish","type":"product","link":"https:\/\/www.autonvaraosahaku.fi\/?product=pierburg-7-00688-06-0-kaasulappakotelo","title":{"rendered":"PIERBURG 7.00688.06.0 Kaasul\u00e4pp\u00e4kotelo"},"content":{"rendered":"<p>K\u00e4ytt\u00f6: S\u00e4hk\u00f6inen; L\u00e4pimitta [mm]: 48; J\u00e4nnite (V): 12; Teknisten tietojen numero: SI 0092; TECDOC-moottorinumero: 20498; VW: GOLF V 1K1,TOURAN 1T1, 1T2,PASSAT Variant 3C5,PASSAT 3C2,JETTA III 1K2; AUDI: A3 8P1,A3 Sportback 8PA; SKODA: OCTAVIA Combi 1Z5,OCTAVIA 1Z3; SEAT: LEON 1P1,ALTEA 5P1,ALTEA XL 5P5, 5P8,TOLEDO III 5P2; MITSUBISHI: GRANDIS NA_W,LANCER SPORTBACK CX_A,LANCER Stufenheck CY\/Z_A; 03G128063B, 03G128063K, 03G128063L, 03G128063R, MN980320, 03G128063B, 03G128063K, 03G128063L, 03G128063R, 03G128063B, 03G128063K, 03G128063L, 03G128063R, 03G128063B, 03G128063K, 03G128063L, 03G128063R<\/p>\n","protected":false},"excerpt":{"rendered":"<p>PIERBURG Ohjainl\u00e4pp\u00e4, Ilmankierto 7.00688.06.0  VW,AUDI,SKODA,GOLF V 1K1,TOURAN 1T1, 1T2,PASSAT Variant 3C5,PASSAT 3C2,JETTA III 1K2,A3 8P1<\/p>\n","protected":false},"featured_media":0,"template":"","meta":{"site-sidebar-layout":"default","site-content-layout":"default","ast-global-header-display":"","ast-main-header-display":"","ast-hfb-above-header-display":"","ast-hfb-below-header-display":"","ast-hfb-mobile-header-display":"","site-post-title":"","ast-breadcrumbs-content":"","ast-featured-img":"","footer-sml-layout":"","theme-transparent-header-meta":"","adv-header-id-meta":"","stick-header-meta":"","header-above-stick-meta":"","header-main-stick-meta":"","header-below-stick-meta":""},"pwb-brand":[380],"product_cat":[277],"product_tag":[],"class_list":{"0":"post-93644","1":"product","2":"type-product","3":"status-publish","5":"pwb-brand-pierburg","6":"product_cat-kaasulappakotelo","7":"desktop-align-left","8":"tablet-align-left","9":"mobile-align-left","11":"first","12":"instock","13":"product-type-external"},"brands":[{"id":380,"name":"PIERBURG","slug":"pierburg"}],"_links":{"self":[{"href":"https:\/\/www.autonvaraosahaku.fi\/index.php?rest_route=\/wp\/v2\/product\/93644","targetHints":{"allow":["GET"]}}],"collection":[{"href":"https:\/\/www.autonvaraosahaku.fi\/index.php?rest_route=\/wp\/v2\/product"}],"about":[{"href":"https:\/\/www.autonvaraosahaku.fi\/index.php?rest_route=\/wp\/v2\/types\/product"}],"wp:attachment":[{"href":"https:\/\/www.autonvaraosahaku.fi\/index.php?rest_route=%2Fwp%2Fv2%2Fmedia&parent=93644"}],"wp:term":[{"taxonomy":"pwb-brand","embeddable":true,"href":"https:\/\/www.autonvaraosahaku.fi\/index.php?rest_route=%2Fwp%2Fv2%2Fpwb-brand&post=93644"},{"taxonomy":"product_cat","embeddable":true,"href":"https:\/\/www.autonvaraosahaku.fi\/index.php?rest_route=%2Fwp%2Fv2%2Fproduct_cat&post=93644"},{"taxonomy":"product_tag","embeddable":true,"href":"https:\/\/www.autonvaraosahaku.fi\/index.php?rest_route=%2Fwp%2Fv2%2Fproduct_tag&post=93644"}],"curies":[{"name":"wp","href":"https:\/\/api.w.org\/{rel}","templated":true}]}}