{"id":93664,"date":"2021-02-21T21:46:50","date_gmt":"2021-02-21T21:46:50","guid":{"rendered":"https:\/\/www.autonvaraosahaku.fi\/?product=ate-03-0520-5219-3-jarrukengat"},"modified":"2021-02-21T21:46:55","modified_gmt":"2021-02-21T21:46:55","slug":"ate-03-0520-5219-3-jarrukengat","status":"publish","type":"product","link":"https:\/\/www.autonvaraosahaku.fi\/?product=ate-03-0520-5219-3-jarrukengat","title":{"rendered":"ATE 03.0520-5219.3 Jarrukeng\u00e4t"},"content":{"rendered":"<p>Asennusmalli: Esiasennettu; Lis\u00e4tarvike\/lis\u00e4tieto: Py\u00f6r\u00e4n jarrun sylinterill\u00e4, Tarvikkeilla; M\u00e4nn\u00e4n halkaisija mm: 19,0; Rumpul\u00e4pimitta: 200; Leveys (mm): 46; Tarkistuskilpi: E1 90R-011043\/123; MAPP-koodi saatavilla: ; Tuotelinja: Original TopKit; Valmistusvuoteen: 09\/2006; OPEL: CORSA C F08, F68,CORSA C Kasten F08, W5L; VAUXHALL: CORSA Mk II C W5L, F08,CORSAVAN Mk II C<\/p>\n","protected":false},"excerpt":{"rendered":"<p>ATE Jarrukenk\u00e4sarja, Rumpujarru 03.0520-5219.3  OPEL,VAUXHALL,CORSA C F08, F68,CORSA C Kasten F08, W5L,CORSA Mk II C W5L, F08,CORSAVAN Mk II C<\/p>\n","protected":false},"featured_media":0,"template":"","meta":{"site-sidebar-layout":"default","site-content-layout":"default","ast-global-header-display":"","ast-main-header-display":"","ast-hfb-above-header-display":"","ast-hfb-below-header-display":"","ast-hfb-mobile-header-display":"","site-post-title":"","ast-breadcrumbs-content":"","ast-featured-img":"","footer-sml-layout":"","theme-transparent-header-meta":"","adv-header-id-meta":"","stick-header-meta":"","header-above-stick-meta":"","header-main-stick-meta":"","header-below-stick-meta":""},"pwb-brand":[108],"product_cat":[176],"product_tag":[],"class_list":{"0":"post-93664","1":"product","2":"type-product","3":"status-publish","5":"pwb-brand-ate","6":"product_cat-jarrukengat","7":"desktop-align-left","8":"tablet-align-left","9":"mobile-align-left","11":"first","12":"instock","13":"product-type-external"},"brands":[{"id":108,"name":"ATE","slug":"ate"}],"_links":{"self":[{"href":"https:\/\/www.autonvaraosahaku.fi\/index.php?rest_route=\/wp\/v2\/product\/93664","targetHints":{"allow":["GET"]}}],"collection":[{"href":"https:\/\/www.autonvaraosahaku.fi\/index.php?rest_route=\/wp\/v2\/product"}],"about":[{"href":"https:\/\/www.autonvaraosahaku.fi\/index.php?rest_route=\/wp\/v2\/types\/product"}],"wp:attachment":[{"href":"https:\/\/www.autonvaraosahaku.fi\/index.php?rest_route=%2Fwp%2Fv2%2Fmedia&parent=93664"}],"wp:term":[{"taxonomy":"pwb-brand","embeddable":true,"href":"https:\/\/www.autonvaraosahaku.fi\/index.php?rest_route=%2Fwp%2Fv2%2Fpwb-brand&post=93664"},{"taxonomy":"product_cat","embeddable":true,"href":"https:\/\/www.autonvaraosahaku.fi\/index.php?rest_route=%2Fwp%2Fv2%2Fproduct_cat&post=93664"},{"taxonomy":"product_tag","embeddable":true,"href":"https:\/\/www.autonvaraosahaku.fi\/index.php?rest_route=%2Fwp%2Fv2%2Fproduct_tag&post=93664"}],"curies":[{"name":"wp","href":"https:\/\/api.w.org\/{rel}","templated":true}]}}