{"id":93665,"date":"2021-02-21T21:46:50","date_gmt":"2021-02-21T21:46:50","guid":{"rendered":"https:\/\/www.autonvaraosahaku.fi\/?product=ate-03-0137-0451-2-kasijarrukengat"},"modified":"2021-02-21T21:46:56","modified_gmt":"2021-02-21T21:46:56","slug":"ate-03-0137-0451-2-kasijarrukengat","status":"publish","type":"product","link":"https:\/\/www.autonvaraosahaku.fi\/?product=ate-03-0137-0451-2-kasijarrukengat","title":{"rendered":"ATE 03.0137-0451.2 K\u00e4sijarrukeng\u00e4t"},"content":{"rendered":"<p>Rumpul\u00e4pimitta: 210; Leveys (mm): 30; Tarkistuskilpi: E1 90R-011045\/167; MAPP-koodi saatavilla: ; Suositellun tarvikkeen tuotenumero: 03.0137-9288.2, 03.0137-9700.2, 03.0137-9702.2; Huomioi mitat: ; Asennuspuoli: Hinterachse; VW: TOUAREG 7LA, 7L6, 7L7; AUDI: Q7 4L; LAND ROVER: RANGE ROVER III LM; MERCEDES-BENZ: M-CLASS W164,R-CLASS W251, V251,GL-CLASS X164; PORSCHE: CAYENNE 955; SFS000050, SFS000051, 1644200620, A1644200620, 95535292500; Jarrukenk\u00e4sarja, K\u00e4sijarru<\/p>\n","protected":false},"excerpt":{"rendered":"<p>ATE K\u00e4sijarrukeng\u00e4t 03.0137-0451.2 Jarrukenk\u00e4sarja, K\u00e4sijarru VW,AUDI,LAND ROVER,TOUAREG 7LA, 7L6, 7L7,Q7 4L,RANGE ROVER III LM,M-CLASS W164<\/p>\n","protected":false},"featured_media":0,"template":"","meta":{"site-sidebar-layout":"default","site-content-layout":"default","ast-global-header-display":"","ast-main-header-display":"","ast-hfb-above-header-display":"","ast-hfb-below-header-display":"","ast-hfb-mobile-header-display":"","site-post-title":"","ast-breadcrumbs-content":"","ast-featured-img":"","footer-sml-layout":"","theme-transparent-header-meta":"","adv-header-id-meta":"","stick-header-meta":"","header-above-stick-meta":"","header-main-stick-meta":"","header-below-stick-meta":""},"pwb-brand":[108],"product_cat":[236],"product_tag":[],"class_list":{"0":"post-93665","1":"product","2":"type-product","3":"status-publish","5":"pwb-brand-ate","6":"product_cat-kasijarrukengat","7":"desktop-align-left","8":"tablet-align-left","9":"mobile-align-left","11":"first","12":"instock","13":"product-type-external"},"brands":[{"id":108,"name":"ATE","slug":"ate"}],"_links":{"self":[{"href":"https:\/\/www.autonvaraosahaku.fi\/index.php?rest_route=\/wp\/v2\/product\/93665","targetHints":{"allow":["GET"]}}],"collection":[{"href":"https:\/\/www.autonvaraosahaku.fi\/index.php?rest_route=\/wp\/v2\/product"}],"about":[{"href":"https:\/\/www.autonvaraosahaku.fi\/index.php?rest_route=\/wp\/v2\/types\/product"}],"wp:attachment":[{"href":"https:\/\/www.autonvaraosahaku.fi\/index.php?rest_route=%2Fwp%2Fv2%2Fmedia&parent=93665"}],"wp:term":[{"taxonomy":"pwb-brand","embeddable":true,"href":"https:\/\/www.autonvaraosahaku.fi\/index.php?rest_route=%2Fwp%2Fv2%2Fpwb-brand&post=93665"},{"taxonomy":"product_cat","embeddable":true,"href":"https:\/\/www.autonvaraosahaku.fi\/index.php?rest_route=%2Fwp%2Fv2%2Fproduct_cat&post=93665"},{"taxonomy":"product_tag","embeddable":true,"href":"https:\/\/www.autonvaraosahaku.fi\/index.php?rest_route=%2Fwp%2Fv2%2Fproduct_tag&post=93665"}],"curies":[{"name":"wp","href":"https:\/\/api.w.org\/{rel}","templated":true}]}}