{"id":93666,"date":"2021-02-21T21:46:50","date_gmt":"2021-02-21T21:46:50","guid":{"rendered":"https:\/\/www.autonvaraosahaku.fi\/?product=ate-03-0137-0248-2-kasijarrukengat"},"modified":"2021-02-21T21:46:56","modified_gmt":"2021-02-21T21:46:56","slug":"ate-03-0137-0248-2-kasijarrukengat","status":"publish","type":"product","link":"https:\/\/www.autonvaraosahaku.fi\/?product=ate-03-0137-0248-2-kasijarrukengat","title":{"rendered":"ATE 03.0137-0248.2 K\u00e4sijarrukeng\u00e4t"},"content":{"rendered":"<p>Rumpul\u00e4pimitta: 161; Leveys (mm): 25; Tarkistuskilpi: E1 90R-011043\/041; MAPP-koodi saatavilla: ; Suositellun tarvikkeen tuotenumero: 03.0137-9148.2; Huomioi mitat: ; Asennuspuoli: Hinterachse; BMW: 3 Compact E36,3 E36,3 Coupe E36,Z3 E36,3 Cabriolet E36,3 Touring E36,Z3 Coupe E36,Z1; 34411160729, 34411160924, 34416761289; Jarrukenk\u00e4sarja, K\u00e4sijarru<\/p>\n","protected":false},"excerpt":{"rendered":"<p>ATE K\u00e4sijarrukeng\u00e4t 03.0137-0248.2 Jarrukenk\u00e4sarja, K\u00e4sijarru BMW,3 Compact E36,3 E36,3 Coupe E36,Z3 E36,3 Cabriolet E36,3 Touring E36,Z3 Coupe E36,Z1<\/p>\n","protected":false},"featured_media":0,"template":"","meta":{"site-sidebar-layout":"default","site-content-layout":"default","ast-global-header-display":"","ast-main-header-display":"","ast-hfb-above-header-display":"","ast-hfb-below-header-display":"","ast-hfb-mobile-header-display":"","site-post-title":"","ast-breadcrumbs-content":"","ast-featured-img":"","footer-sml-layout":"","theme-transparent-header-meta":"","adv-header-id-meta":"","stick-header-meta":"","header-above-stick-meta":"","header-main-stick-meta":"","header-below-stick-meta":""},"pwb-brand":[108],"product_cat":[236],"product_tag":[],"class_list":{"0":"post-93666","1":"product","2":"type-product","3":"status-publish","5":"pwb-brand-ate","6":"product_cat-kasijarrukengat","7":"desktop-align-left","8":"tablet-align-left","9":"mobile-align-left","11":"first","12":"instock","13":"product-type-external"},"brands":[{"id":108,"name":"ATE","slug":"ate"}],"_links":{"self":[{"href":"https:\/\/www.autonvaraosahaku.fi\/index.php?rest_route=\/wp\/v2\/product\/93666","targetHints":{"allow":["GET"]}}],"collection":[{"href":"https:\/\/www.autonvaraosahaku.fi\/index.php?rest_route=\/wp\/v2\/product"}],"about":[{"href":"https:\/\/www.autonvaraosahaku.fi\/index.php?rest_route=\/wp\/v2\/types\/product"}],"wp:attachment":[{"href":"https:\/\/www.autonvaraosahaku.fi\/index.php?rest_route=%2Fwp%2Fv2%2Fmedia&parent=93666"}],"wp:term":[{"taxonomy":"pwb-brand","embeddable":true,"href":"https:\/\/www.autonvaraosahaku.fi\/index.php?rest_route=%2Fwp%2Fv2%2Fpwb-brand&post=93666"},{"taxonomy":"product_cat","embeddable":true,"href":"https:\/\/www.autonvaraosahaku.fi\/index.php?rest_route=%2Fwp%2Fv2%2Fproduct_cat&post=93666"},{"taxonomy":"product_tag","embeddable":true,"href":"https:\/\/www.autonvaraosahaku.fi\/index.php?rest_route=%2Fwp%2Fv2%2Fproduct_tag&post=93666"}],"curies":[{"name":"wp","href":"https:\/\/api.w.org\/{rel}","templated":true}]}}