{"id":93671,"date":"2021-02-21T21:46:58","date_gmt":"2021-02-21T21:46:58","guid":{"rendered":"https:\/\/www.autonvaraosahaku.fi\/?product=vaico-v10-6327-ikkunannostin"},"modified":"2021-02-21T21:46:59","modified_gmt":"2021-02-21T21:46:59","slug":"vaico-v10-6327-ikkunannostin","status":"publish","type":"product","link":"https:\/\/www.autonvaraosahaku.fi\/?product=vaico-v10-6327-ikkunannostin","title":{"rendered":"VAICO V10-6327 Ikkunannostin"},"content":{"rendered":"<p>Vasen \/ oikea liikenne: Ohjaus vasemmalla; Korvaava tuote\/korvaava tiedote 2: Kiinnikelevyll\u00e4; parilliset tuotenumerot: V10-6328; Oviluku: 4; Asennuspuoli: Eteen, vasen, vorne; Lis\u00e4tarvike\/lis\u00e4tieto: Perustelineell\u00e4; K\u00e4ytt\u00f6: S\u00e4hk\u00f6inen; Paino [kg]: 1,598; Pakkausleveys [cm]: 53; Pakkauskorkeus [mm]: 82; Pakkaussyvyys [cm]: 9; lis\u00e4tieto: CST99; VW: GOLF IV 1J1,GOLF IV Variant 1J5,BORA 1J2,GOLF Mk III Cabriolet 1E7,BORA Kombi 1J6; 1J4837461D, 1J4837461F, 1J4837461H, 1J4837461D, 1J4837461F, 1J4837461H, 1J4837461D, 1J4837461DS, 1J4837461F, 1J4837461H, 1J4837729AA; Lasinnostin<\/p>\n","protected":false},"excerpt":{"rendered":"<p>VAICO Ikkunannostin V10-6327 Lasinnostin VW,GOLF IV 1J1,GOLF IV Variant 1J5,BORA 1J2,GOLF Mk III Cabriolet 1E7,BORA Kombi 1J6<\/p>\n","protected":false},"featured_media":0,"template":"","meta":{"site-sidebar-layout":"default","site-content-layout":"default","ast-global-header-display":"","ast-main-header-display":"","ast-hfb-above-header-display":"","ast-hfb-below-header-display":"","ast-hfb-mobile-header-display":"","site-post-title":"","ast-breadcrumbs-content":"","ast-featured-img":"","footer-sml-layout":"","theme-transparent-header-meta":"","adv-header-id-meta":"","stick-header-meta":"","header-above-stick-meta":"","header-main-stick-meta":"","header-below-stick-meta":""},"pwb-brand":[330],"product_cat":[203],"product_tag":[],"class_list":{"0":"post-93671","1":"product","2":"type-product","3":"status-publish","5":"pwb-brand-vaico","6":"product_cat-ikkunannostin","7":"desktop-align-left","8":"tablet-align-left","9":"mobile-align-left","11":"first","12":"instock","13":"product-type-external"},"brands":[{"id":330,"name":"VAICO","slug":"vaico"}],"_links":{"self":[{"href":"https:\/\/www.autonvaraosahaku.fi\/index.php?rest_route=\/wp\/v2\/product\/93671","targetHints":{"allow":["GET"]}}],"collection":[{"href":"https:\/\/www.autonvaraosahaku.fi\/index.php?rest_route=\/wp\/v2\/product"}],"about":[{"href":"https:\/\/www.autonvaraosahaku.fi\/index.php?rest_route=\/wp\/v2\/types\/product"}],"wp:attachment":[{"href":"https:\/\/www.autonvaraosahaku.fi\/index.php?rest_route=%2Fwp%2Fv2%2Fmedia&parent=93671"}],"wp:term":[{"taxonomy":"pwb-brand","embeddable":true,"href":"https:\/\/www.autonvaraosahaku.fi\/index.php?rest_route=%2Fwp%2Fv2%2Fpwb-brand&post=93671"},{"taxonomy":"product_cat","embeddable":true,"href":"https:\/\/www.autonvaraosahaku.fi\/index.php?rest_route=%2Fwp%2Fv2%2Fproduct_cat&post=93671"},{"taxonomy":"product_tag","embeddable":true,"href":"https:\/\/www.autonvaraosahaku.fi\/index.php?rest_route=%2Fwp%2Fv2%2Fproduct_tag&post=93671"}],"curies":[{"name":"wp","href":"https:\/\/api.w.org\/{rel}","templated":true}]}}