{"id":93674,"date":"2021-02-21T21:46:58","date_gmt":"2021-02-21T21:46:58","guid":{"rendered":"https:\/\/www.autonvaraosahaku.fi\/?product=vaico-v46-0320-iskunvaimennin"},"modified":"2021-02-21T21:47:00","modified_gmt":"2021-02-21T21:47:00","slug":"vaico-v46-0320-iskunvaimennin","status":"publish","type":"product","link":"https:\/\/www.autonvaraosahaku.fi\/?product=vaico-v46-0320-iskunvaimennin","title":{"rendered":"VAICO V46-0320 Iskunvaimennin"},"content":{"rendered":"<p>Iskunvaimennin malli: Joustintuki; Iskunvaimennusj\u00e4rjestelm\u00e4: Kaksiputki; Iskunvaimennin tyyppi: \u00d6ljypaine; Asennuspuoli: Etuakseli; Paino [kg]: 4,69; Pakkausleveys [cm]: 20; Pakkauskorkeus [mm]: 20; Pakkaussyvyys [cm]: 58; lis\u00e4tieto: CST99; Alustarakenne: f\u00fcr Fahrzeuge mit Standard Fahrwerk; RENAULT: KANGOO KC0\/1_,KANGOO Express FC0\/1_; 5430200QAC, 5430200QAD, 5430200QAE, 5430200QAF, 5430200QAC, 5430200QAD, 5430200QAE, 5430200QAF, 7700311596, 7700311597, 7700311598, 7700314021, 7700314022, 7700314023, 8200103361, 8200120984, 8200675686, 8200675687, 8200675689, 8200675690; Iskarit,Iskunvaimennin<\/p>\n","protected":false},"excerpt":{"rendered":"<p>VAICO Iskunvaimentimet V46-0320 Iskarit,Iskunvaimennin RENAULT,KANGOO KC0\/1_,KANGOO Express FC0\/1_<\/p>\n","protected":false},"featured_media":0,"template":"","meta":{"site-sidebar-layout":"default","site-content-layout":"default","ast-global-header-display":"","ast-main-header-display":"","ast-hfb-above-header-display":"","ast-hfb-below-header-display":"","ast-hfb-mobile-header-display":"","site-post-title":"","ast-breadcrumbs-content":"","ast-featured-img":"","footer-sml-layout":"","theme-transparent-header-meta":"","adv-header-id-meta":"","stick-header-meta":"","header-above-stick-meta":"","header-main-stick-meta":"","header-below-stick-meta":""},"pwb-brand":[330],"product_cat":[80],"product_tag":[],"class_list":{"0":"post-93674","1":"product","2":"type-product","3":"status-publish","5":"pwb-brand-vaico","6":"product_cat-iskunvaimennin","7":"desktop-align-left","8":"tablet-align-left","9":"mobile-align-left","11":"first","12":"instock","13":"product-type-external"},"brands":[{"id":330,"name":"VAICO","slug":"vaico"}],"_links":{"self":[{"href":"https:\/\/www.autonvaraosahaku.fi\/index.php?rest_route=\/wp\/v2\/product\/93674","targetHints":{"allow":["GET"]}}],"collection":[{"href":"https:\/\/www.autonvaraosahaku.fi\/index.php?rest_route=\/wp\/v2\/product"}],"about":[{"href":"https:\/\/www.autonvaraosahaku.fi\/index.php?rest_route=\/wp\/v2\/types\/product"}],"wp:attachment":[{"href":"https:\/\/www.autonvaraosahaku.fi\/index.php?rest_route=%2Fwp%2Fv2%2Fmedia&parent=93674"}],"wp:term":[{"taxonomy":"pwb-brand","embeddable":true,"href":"https:\/\/www.autonvaraosahaku.fi\/index.php?rest_route=%2Fwp%2Fv2%2Fpwb-brand&post=93674"},{"taxonomy":"product_cat","embeddable":true,"href":"https:\/\/www.autonvaraosahaku.fi\/index.php?rest_route=%2Fwp%2Fv2%2Fproduct_cat&post=93674"},{"taxonomy":"product_tag","embeddable":true,"href":"https:\/\/www.autonvaraosahaku.fi\/index.php?rest_route=%2Fwp%2Fv2%2Fproduct_tag&post=93674"}],"curies":[{"name":"wp","href":"https:\/\/api.w.org\/{rel}","templated":true}]}}