{"id":93678,"date":"2021-02-21T21:46:58","date_gmt":"2021-02-21T21:46:58","guid":{"rendered":"https:\/\/www.autonvaraosahaku.fi\/?product=vaico-v38-0011-oljynsuodatin"},"modified":"2021-02-21T21:47:01","modified_gmt":"2021-02-21T21:47:01","slug":"vaico-v38-0011-oljynsuodatin","status":"publish","type":"product","link":"https:\/\/www.autonvaraosahaku.fi\/?product=vaico-v38-0011-oljynsuodatin","title":{"rendered":"VAICO V38-0011 \u00d6ljynsuodatin"},"content":{"rendered":"<p>Sis\u00e4l\u00e4pimitta 1 [mm]: 54; Korkeus (mm): 90; Kierremitta: 3\/4-16 UNF; Ulkol\u00e4pimitta [mm]: 66; Korvaava tuote\/korvaava tiedote 2: yhdell\u00e4 peruutuksenestoventtiilill\u00e4; L\u00e4pimitta [mm]: 67; Suodatintyyppi: Ruuvattava suodatin; Sis\u00e4l\u00e4pimitta 2 [mm]: 62; Paino [kg]: 0,26; Pakkausleveys [cm]: 7,4; Pakkauskorkeus [mm]: 10,3; Pakkaussyvyys [cm]: 7,4; lis\u00e4tieto: CST99; Valmistusvuoteen: 09\/1994; NISSAN: MICRA III K12,MICRA II K11,NOTE E11,MICRA C+C K12,100 NX B13,SERENA C23M,PRIMERA P10,SKYLINE Coupe R33,SKYLINE Coupe R34,SUNNY III Liftback N14,PULSAR V Schr\u00e4gheck N14,PRIMERA Hatchback P10,PRIMERA Traveller W10; 1520853J00, 1520853J01, 1520853J0A, 1520870J00, 1520870J00XX, 1520870J01, 1520870J0A, 15208BX00A<\/p>\n","protected":false},"excerpt":{"rendered":"<p>VAICO \u00d6ljynsuodatin V38-0011  NISSAN,MICRA III K12,MICRA II K11,NOTE E11,MICRA C+C K12,100 NX B13,SERENA C23M,PRIMERA P10,SKYLINE Coupe R33<\/p>\n","protected":false},"featured_media":0,"template":"","meta":{"site-sidebar-layout":"default","site-content-layout":"default","ast-global-header-display":"","ast-main-header-display":"","ast-hfb-above-header-display":"","ast-hfb-below-header-display":"","ast-hfb-mobile-header-display":"","site-post-title":"","ast-breadcrumbs-content":"","ast-featured-img":"","footer-sml-layout":"","theme-transparent-header-meta":"","adv-header-id-meta":"","stick-header-meta":"","header-above-stick-meta":"","header-main-stick-meta":"","header-below-stick-meta":""},"pwb-brand":[330],"product_cat":[30],"product_tag":[],"class_list":{"0":"post-93678","1":"product","2":"type-product","3":"status-publish","5":"pwb-brand-vaico","6":"product_cat-oljynsuodatin","7":"desktop-align-left","8":"tablet-align-left","9":"mobile-align-left","11":"first","12":"instock","13":"product-type-external"},"brands":[{"id":330,"name":"VAICO","slug":"vaico"}],"_links":{"self":[{"href":"https:\/\/www.autonvaraosahaku.fi\/index.php?rest_route=\/wp\/v2\/product\/93678","targetHints":{"allow":["GET"]}}],"collection":[{"href":"https:\/\/www.autonvaraosahaku.fi\/index.php?rest_route=\/wp\/v2\/product"}],"about":[{"href":"https:\/\/www.autonvaraosahaku.fi\/index.php?rest_route=\/wp\/v2\/types\/product"}],"wp:attachment":[{"href":"https:\/\/www.autonvaraosahaku.fi\/index.php?rest_route=%2Fwp%2Fv2%2Fmedia&parent=93678"}],"wp:term":[{"taxonomy":"pwb-brand","embeddable":true,"href":"https:\/\/www.autonvaraosahaku.fi\/index.php?rest_route=%2Fwp%2Fv2%2Fpwb-brand&post=93678"},{"taxonomy":"product_cat","embeddable":true,"href":"https:\/\/www.autonvaraosahaku.fi\/index.php?rest_route=%2Fwp%2Fv2%2Fproduct_cat&post=93678"},{"taxonomy":"product_tag","embeddable":true,"href":"https:\/\/www.autonvaraosahaku.fi\/index.php?rest_route=%2Fwp%2Fv2%2Fproduct_tag&post=93678"}],"curies":[{"name":"wp","href":"https:\/\/api.w.org\/{rel}","templated":true}]}}