{"id":93681,"date":"2021-02-21T21:46:58","date_gmt":"2021-02-21T21:46:58","guid":{"rendered":"https:\/\/www.autonvaraosahaku.fi\/?product=vaico-v10-2256-huohotin"},"modified":"2021-02-21T21:47:02","modified_gmt":"2021-02-21T21:47:02","slug":"vaico-v10-2256-huohotin","status":"publish","type":"product","link":"https:\/\/www.autonvaraosahaku.fi\/?product=vaico-v10-2256-huohotin","title":{"rendered":"VAICO V10-2256 Huohotin"},"content":{"rendered":"<p>Pituus (mm): 145,3; Suositeltu vaihtov\u00e4li [vuotta]: 3; Huomioi ajoneuvovalmistajan vaatimukset: ; Materiaali tiiviste: FPM (fluori-kumi)\/APM (polyakryyli-kumi); Asennuspuoli: Moottorin puoli; K\u00e4ytt\u00f6: paineohjattu; Huomioi tekniset tiedot: ; Lis\u00e4tarvike\/lis\u00e4tieto: Tiivisteill\u00e4; Huomioi huolto-ohjeet: ; Kotelomateriaali: Polyamidi 6.6; Leveys (mm): 95; Venttiilimalli: Ilmanpoistoventtiili; Korkeus (mm): 42,6; Suositeltu vaihtov\u00e4li [km]: 60000; Paino [kg]: 0,1451; Pakkausleveys [cm]: 10,7; Pakkauskorkeus [mm]: 12; Pakkaussyvyys [cm]: 14,5; lis\u00e4tieto: CST99; Moottorinumero: CAVD; VW: GOLF V 1K1,POLO 9N_,TOURAN 1T1, 1T2,GOLF VI 5K1,PASSAT Variant 3C5,GOLF PLUS 5M1, 521,PASSAT 3C2,POLO 6R, 6C,GOLF VI Variant AJ5,EOS 1F7, 1F8,JETTA III 1K2,JETTA IV 162, 163; AUDI: A3 8P1; SKODA: OCTAVIA Combi 1Z5,FABIA Combi 6Y5,FABIA,FABIA 6Y2,FABIA Combi,ROOMSTER 5J,OCTAVIA 1Z3,FABIA Stufenheck 6Y3,ROOMSTER Praktik 5J,FABIA Praktik; SEAT: IBIZA IV 6L1,IBIZA V 6J5, 6P5,IBIZA V ST 6J8, 6P8,IBIZA V SPORTCOUPE 6J1, 6P1,CORDOBA 6L2; 03C103464, 03C103464A, 03C103464, 03C103464A, 3C103464, 3C103464A, 03C103464, 03C103464A, 3C103464, 3C103464A, 03C103464, 03C103464A<\/p>\n","protected":false},"excerpt":{"rendered":"<p>VAICO \u00d6ljynerotin, Kampikammiotuuletus V10-2256  VW,AUDI,SKODA,GOLF V 1K1,POLO 9N_,TOURAN 1T1, 1T2,GOLF VI 5K1,PASSAT Variant 3C5,GOLF PLUS 5M1, 521<\/p>\n","protected":false},"featured_media":0,"template":"","meta":{"site-sidebar-layout":"default","site-content-layout":"default","ast-global-header-display":"","ast-main-header-display":"","ast-hfb-above-header-display":"","ast-hfb-below-header-display":"","ast-hfb-mobile-header-display":"","site-post-title":"","ast-breadcrumbs-content":"","ast-featured-img":"","footer-sml-layout":"","theme-transparent-header-meta":"","adv-header-id-meta":"","stick-header-meta":"","header-above-stick-meta":"","header-main-stick-meta":"","header-below-stick-meta":""},"pwb-brand":[330],"product_cat":[125],"product_tag":[],"class_list":{"0":"post-93681","1":"product","2":"type-product","3":"status-publish","5":"pwb-brand-vaico","6":"product_cat-huohotin","7":"desktop-align-left","8":"tablet-align-left","9":"mobile-align-left","11":"first","12":"instock","13":"product-type-external"},"brands":[{"id":330,"name":"VAICO","slug":"vaico"}],"_links":{"self":[{"href":"https:\/\/www.autonvaraosahaku.fi\/index.php?rest_route=\/wp\/v2\/product\/93681","targetHints":{"allow":["GET"]}}],"collection":[{"href":"https:\/\/www.autonvaraosahaku.fi\/index.php?rest_route=\/wp\/v2\/product"}],"about":[{"href":"https:\/\/www.autonvaraosahaku.fi\/index.php?rest_route=\/wp\/v2\/types\/product"}],"wp:attachment":[{"href":"https:\/\/www.autonvaraosahaku.fi\/index.php?rest_route=%2Fwp%2Fv2%2Fmedia&parent=93681"}],"wp:term":[{"taxonomy":"pwb-brand","embeddable":true,"href":"https:\/\/www.autonvaraosahaku.fi\/index.php?rest_route=%2Fwp%2Fv2%2Fpwb-brand&post=93681"},{"taxonomy":"product_cat","embeddable":true,"href":"https:\/\/www.autonvaraosahaku.fi\/index.php?rest_route=%2Fwp%2Fv2%2Fproduct_cat&post=93681"},{"taxonomy":"product_tag","embeddable":true,"href":"https:\/\/www.autonvaraosahaku.fi\/index.php?rest_route=%2Fwp%2Fv2%2Fproduct_tag&post=93681"}],"curies":[{"name":"wp","href":"https:\/\/api.w.org\/{rel}","templated":true}]}}