{"id":93700,"date":"2021-02-21T21:47:06","date_gmt":"2021-02-21T21:47:06","guid":{"rendered":"https:\/\/www.autonvaraosahaku.fi\/?product=beru-r3-sytytysjohto"},"modified":"2021-02-21T21:47:10","modified_gmt":"2021-02-21T21:47:10","slug":"beru-r3-sytytysjohto","status":"publish","type":"product","link":"https:\/\/www.autonvaraosahaku.fi\/?product=beru-r3-sytytysjohto","title":{"rendered":"BERU R3 Sytytysjohto"},"content":{"rendered":"<p>Pituus (cm): 50; Sytytystulppa: Liit\u00e4nt\u00e4 SAE; Virranjakaja: Liit\u00e4nt\u00e4 DIN; Tuotelinja: POWER CABLE; Asennuspuoli: Lenkstockhebel zum Lenkspurhebel, zum Zylinder4; VW: KAEFER,KAEFER Cabriolet 15,TRANSPORTER I Bus 22, 24, 25, 28,TRANSPORTER I Pritsche\/Fahrgestell 26,TRANSPORTER I Kasten 21, 23; MAZDA: 323 III Hatchback BF,626 II GC,626 II Hatchback GC,323 III BF,323 III Station Wagon BW,323 II Hatchback BD,323 II BD,626 I CB,626 II Coupe GC; SKODA: 105,120 742,100,110,110 Coupe; SEAT: MARBELLA 28,IBIZA I 021A,MARBELLA Kasten 028A,600 D,MALAGA 023A,RONDA 022A; DAEWOO: MATIZ KLYA; LADA: NIVA 2121,1200-1600,1200-1500 Kombi,NOVA 2105,TOSCANA 2107; HONDA: CRX I AF, AS,PRELUDE II AB,CIVIC III Hatchback AL, AJ, AG, AH,CIVIC III Stufenheck AM, AK, AU,CIVIC I Shuttle AN, AR; SUZUKI: SAMURAI SJ; OPEL: KADETT E CC 33_, 34_, 43_, 44_,KADETT C Coupe,MANTA B 58_, 59_,MONZA A 22_,KADETT C,ASCONA B 81_, 86_, 87_, 88_,ASCONA C 81_, 86_, 87_, 88_,REKORD E 17_-19_, 11_, 14_, 16_,SENATOR A 29_,MANTA A 58_, 59_,KADETT D 31_-34_, 41_-44_,KADETT E 39_, 49_,ASCONA C CC 84_, 89_,REKORD D,KADETT E Caravan 35_, 36_, 45_, 46_,ASCONA A 81_, 86_, 87_, 88_,MANTA B CC 53_, 55_,KADETT C City,REKORD E Caravan 61_, 66_, 67_,REKORD D Coupe,KADETT C Caravan,KADETT D Caravan 35_, 36_, 45_, 46_,KADETT E Kasten 37_, 47_,REKORD D Caravan,ASCONA A Voyage 84_, 89_; LANCIA: DELTA I 831AB0,THEMA 834,BETA Spider 828BS,BETA Coupe 828BC,DEDRA 835,BETA  H.P.E. 828BF,BETA 828_B_,PRISMA 831AB0,TREVI 828DB; Sytytyskaapeli<\/p>\n","protected":false},"excerpt":{"rendered":"<p>BERU Sytytysjohto R3 Sytytyskaapeli VW,MAZDA,SKODA,KAEFER,KAEFER Cabriolet 15,TRANSPORTER I Bus 22, 24, 25, 28,TRANSPORTER I Pritsche\/Fahrgestell 26<\/p>\n","protected":false},"featured_media":0,"template":"","meta":{"site-sidebar-layout":"default","site-content-layout":"default","ast-global-header-display":"","ast-main-header-display":"","ast-hfb-above-header-display":"","ast-hfb-below-header-display":"","ast-hfb-mobile-header-display":"","site-post-title":"","ast-breadcrumbs-content":"","ast-featured-img":"","footer-sml-layout":"","theme-transparent-header-meta":"","adv-header-id-meta":"","stick-header-meta":"","header-above-stick-meta":"","header-main-stick-meta":"","header-below-stick-meta":""},"pwb-brand":[327],"product_cat":[198],"product_tag":[],"class_list":{"0":"post-93700","1":"product","2":"type-product","3":"status-publish","5":"pwb-brand-beru","6":"product_cat-sytytysjohto","7":"desktop-align-left","8":"tablet-align-left","9":"mobile-align-left","11":"first","12":"instock","13":"product-type-external"},"brands":[{"id":327,"name":"BERU","slug":"beru"}],"_links":{"self":[{"href":"https:\/\/www.autonvaraosahaku.fi\/index.php?rest_route=\/wp\/v2\/product\/93700","targetHints":{"allow":["GET"]}}],"collection":[{"href":"https:\/\/www.autonvaraosahaku.fi\/index.php?rest_route=\/wp\/v2\/product"}],"about":[{"href":"https:\/\/www.autonvaraosahaku.fi\/index.php?rest_route=\/wp\/v2\/types\/product"}],"wp:attachment":[{"href":"https:\/\/www.autonvaraosahaku.fi\/index.php?rest_route=%2Fwp%2Fv2%2Fmedia&parent=93700"}],"wp:term":[{"taxonomy":"pwb-brand","embeddable":true,"href":"https:\/\/www.autonvaraosahaku.fi\/index.php?rest_route=%2Fwp%2Fv2%2Fpwb-brand&post=93700"},{"taxonomy":"product_cat","embeddable":true,"href":"https:\/\/www.autonvaraosahaku.fi\/index.php?rest_route=%2Fwp%2Fv2%2Fproduct_cat&post=93700"},{"taxonomy":"product_tag","embeddable":true,"href":"https:\/\/www.autonvaraosahaku.fi\/index.php?rest_route=%2Fwp%2Fv2%2Fproduct_tag&post=93700"}],"curies":[{"name":"wp","href":"https:\/\/api.w.org\/{rel}","templated":true}]}}