{"id":9371,"date":"2021-02-21T14:05:41","date_gmt":"2021-02-21T14:05:41","guid":{"rendered":"https:\/\/www.autonvaraosahaku.fi\/?product=master-sport-10584-pcs-ms-raidetangon-paa"},"modified":"2021-02-21T14:05:43","modified_gmt":"2021-02-21T14:05:43","slug":"master-sport-10584-pcs-ms-raidetangon-paa","status":"publish","type":"product","link":"https:\/\/www.autonvaraosahaku.fi\/?product=master-sport-10584-pcs-ms-raidetangon-paa","title":{"rendered":"MASTER-SPORT 10584-PCS-MS Raidetangon p\u00e4\u00e4"},"content":{"rendered":"<p>Asennuspuoli: Etuakseli, Molemminpuolin; Kierremalli: Oikealla kierteell\u00e4; Ulkokierre [mm]: M14x1,5; Lukum\u00e4\u00e4r\u00e4 akselille: 2; Nettopaino [kg]: 0,44; Bruttopaino [kg]: 0,54; Varusteet: f\u00fcr Fahrzeuge mit Lenkungsd\u00e4mpfer; BMW: 3 E30,3 Cabriolet E30,3 Touring E30,Z1; 1126757, 32111126757<\/p>\n","protected":false},"excerpt":{"rendered":"<p>MASTER-SPORT Raidetangon P\u00e4\u00e4 10584-PCS-MS  BMW,3 E30,3 Cabriolet E30,3 Touring E30,Z1<\/p>\n","protected":false},"featured_media":0,"template":"","meta":{"site-sidebar-layout":"default","site-content-layout":"default","ast-global-header-display":"","ast-main-header-display":"","ast-hfb-above-header-display":"","ast-hfb-below-header-display":"","ast-hfb-mobile-header-display":"","site-post-title":"","ast-breadcrumbs-content":"","ast-featured-img":"","footer-sml-layout":"","theme-transparent-header-meta":"","adv-header-id-meta":"","stick-header-meta":"","header-above-stick-meta":"","header-main-stick-meta":"","header-below-stick-meta":""},"pwb-brand":[61],"product_cat":[96],"product_tag":[],"class_list":{"0":"post-9371","1":"product","2":"type-product","3":"status-publish","5":"pwb-brand-master-sport","6":"product_cat-raidetangon-paa","7":"desktop-align-left","8":"tablet-align-left","9":"mobile-align-left","11":"first","12":"instock","13":"product-type-external"},"brands":[{"id":61,"name":"MASTER-SPORT","slug":"master-sport"}],"_links":{"self":[{"href":"https:\/\/www.autonvaraosahaku.fi\/index.php?rest_route=\/wp\/v2\/product\/9371","targetHints":{"allow":["GET"]}}],"collection":[{"href":"https:\/\/www.autonvaraosahaku.fi\/index.php?rest_route=\/wp\/v2\/product"}],"about":[{"href":"https:\/\/www.autonvaraosahaku.fi\/index.php?rest_route=\/wp\/v2\/types\/product"}],"wp:attachment":[{"href":"https:\/\/www.autonvaraosahaku.fi\/index.php?rest_route=%2Fwp%2Fv2%2Fmedia&parent=9371"}],"wp:term":[{"taxonomy":"pwb-brand","embeddable":true,"href":"https:\/\/www.autonvaraosahaku.fi\/index.php?rest_route=%2Fwp%2Fv2%2Fpwb-brand&post=9371"},{"taxonomy":"product_cat","embeddable":true,"href":"https:\/\/www.autonvaraosahaku.fi\/index.php?rest_route=%2Fwp%2Fv2%2Fproduct_cat&post=9371"},{"taxonomy":"product_tag","embeddable":true,"href":"https:\/\/www.autonvaraosahaku.fi\/index.php?rest_route=%2Fwp%2Fv2%2Fproduct_tag&post=9371"}],"curies":[{"name":"wp","href":"https:\/\/api.w.org\/{rel}","templated":true}]}}