{"id":9372,"date":"2021-02-21T14:05:41","date_gmt":"2021-02-21T14:05:41","guid":{"rendered":"https:\/\/www.autonvaraosahaku.fi\/?product=master-sport-29318-pcs-ms-tukivarren-hela"},"modified":"2021-02-21T14:05:43","modified_gmt":"2021-02-21T14:05:43","slug":"master-sport-29318-pcs-ms-tukivarren-hela","status":"publish","type":"product","link":"https:\/\/www.autonvaraosahaku.fi\/?product=master-sport-29318-pcs-ms-tukivarren-hela","title":{"rendered":"MASTER-SPORT 29318-PCS-MS Tukivarren hela"},"content":{"rendered":"<p>Asennuspuoli: Etuakseli, Yl\u00e4puolella, Molemminpuolin, Edess\u00e4, Takana; Lukum\u00e4\u00e4r\u00e4 akselille: 4; Ohjausmalli: Poikittaistukivarrelle; Nettopaino [kg]: 0,1; Bruttopaino [kg]: 0,15; PR-numerolle: 1BV; AUDI: A6 Avant 4F5, C6,A4 8D2, B5,A4 Avant 8ED, B7,A4 Avant 8E5, B6,A6 Avant 4B5, C5,A4 Avant 8D5, B5,A4 8E2, B6,A6 4F2, C6,A6 4B2, C5,A4 Cabriolet 8H7, B6, 8HE, B7,A4 8EC, B7,A8 4E_,A8 4D2, 4D8,A6 Allroad 4FH, C6; BENTLEY: CONTINENTAL Cabriolet 3W_,FLYING SPUR 3W_; 4E0407515D, 8D0407515B, 8D0407515C, 8D0407515D, 4E0407515D, 8D0407515B, 8D0407515C, 8D0407515B, 8D0407515C<\/p>\n","protected":false},"excerpt":{"rendered":"<p>MASTER-SPORT Tukivarren Hela 29318-PCS-MS  AUDI,BENTLEY,A6 Avant 4F5, C6,A4 8D2, B5,A4 Avant 8ED, B7,A4 Avant 8E5, B6,A6 Avant 4B5, C5<\/p>\n","protected":false},"featured_media":0,"template":"","meta":{"site-sidebar-layout":"default","site-content-layout":"default","ast-global-header-display":"","ast-main-header-display":"","ast-hfb-above-header-display":"","ast-hfb-below-header-display":"","ast-hfb-mobile-header-display":"","site-post-title":"","ast-breadcrumbs-content":"","ast-featured-img":"","footer-sml-layout":"","theme-transparent-header-meta":"","adv-header-id-meta":"","stick-header-meta":"","header-above-stick-meta":"","header-main-stick-meta":"","header-below-stick-meta":""},"pwb-brand":[61],"product_cat":[115],"product_tag":[],"class_list":{"0":"post-9372","1":"product","2":"type-product","3":"status-publish","5":"pwb-brand-master-sport","6":"product_cat-tukivarren-hela","7":"desktop-align-left","8":"tablet-align-left","9":"mobile-align-left","11":"first","12":"instock","13":"product-type-external"},"brands":[{"id":61,"name":"MASTER-SPORT","slug":"master-sport"}],"_links":{"self":[{"href":"https:\/\/www.autonvaraosahaku.fi\/index.php?rest_route=\/wp\/v2\/product\/9372","targetHints":{"allow":["GET"]}}],"collection":[{"href":"https:\/\/www.autonvaraosahaku.fi\/index.php?rest_route=\/wp\/v2\/product"}],"about":[{"href":"https:\/\/www.autonvaraosahaku.fi\/index.php?rest_route=\/wp\/v2\/types\/product"}],"wp:attachment":[{"href":"https:\/\/www.autonvaraosahaku.fi\/index.php?rest_route=%2Fwp%2Fv2%2Fmedia&parent=9372"}],"wp:term":[{"taxonomy":"pwb-brand","embeddable":true,"href":"https:\/\/www.autonvaraosahaku.fi\/index.php?rest_route=%2Fwp%2Fv2%2Fpwb-brand&post=9372"},{"taxonomy":"product_cat","embeddable":true,"href":"https:\/\/www.autonvaraosahaku.fi\/index.php?rest_route=%2Fwp%2Fv2%2Fproduct_cat&post=9372"},{"taxonomy":"product_tag","embeddable":true,"href":"https:\/\/www.autonvaraosahaku.fi\/index.php?rest_route=%2Fwp%2Fv2%2Fproduct_tag&post=9372"}],"curies":[{"name":"wp","href":"https:\/\/api.w.org\/{rel}","templated":true}]}}