{"id":93721,"date":"2021-02-21T21:47:14","date_gmt":"2021-02-21T21:47:14","guid":{"rendered":"https:\/\/www.autonvaraosahaku.fi\/?product=elring-703-613-pakosarjan-tiivisteet"},"modified":"2021-02-21T21:47:19","modified_gmt":"2021-02-21T21:47:19","slug":"elring-703-613-pakosarjan-tiivisteet","status":"publish","type":"product","link":"https:\/\/www.autonvaraosahaku.fi\/?product=elring-703-613-pakosarjan-tiivisteet","title":{"rendered":"ELRING 703.613 Pakosarjan tiivisteet"},"content":{"rendered":"<p>Asennuspuoli: Putkennotko pakosarjassa; Sis\u00e4l\u00e4pimitta [mm]: 72,1; Ulkol\u00e4pimitta [mm]: 92; Paksuus [mm]: 12; Katalysaattorimalli: ohne Katalysator; VW: TRANSPORTER IV Bus 70XB, 70XC, 7DB, 7DW,GOLF III 1H1,GOLF II 19E, 1G1,PASSAT Variant 3A5, 35I,GOLF I Cabriolet 155,TRANSPORTER IV Kasten 70XA,TRANSPORTER III Bus,PASSAT 3A2, 35I,CADDY II Kasten 9K9A,TRANSPORTER IV Pritsche\/Fahrgestell 70XD,POLO CLASSIC 6KV2,SCIROCCO 53B,VENTO 1H2,GOLF I 17,CADDY I 14,JETTA II 19E, 1G2, 165,PASSAT Variant 32B,TRANSPORTER III Kasten,CADDY II Kombi 9K9B,TRANSPORTER III Pritsche\/Fahrgestell,PASSAT 32B,SCIROCCO 53,JETTA I 16,PASSAT 32,PASSAT Stufenheck 32B,PASSAT Variant 33,SANTANA 32B,TRANSPORTER Standard Passenger Van,KOMBI Bus T2,GOLF II Van 19E, 1G1,SANTANA; SEAT: TOLEDO I 1L; ARO: 10; 171253115, 191253115F, 191253115J, 533253115B, 171253115, 191253115F, 191253115J, 533253115B, 171253115, 191253115F, 191253115J, 533253115B, 171253115, 191253115F, 191253115J, 533253115B; Tiiviste, Pakoputki<\/p>\n","protected":false},"excerpt":{"rendered":"<p>ELRING Pakoputken Tiiviste 703.613 Tiiviste, Pakoputki VW,SEAT,ARO,TRANSPORTER IV Bus 70XB, 70XC, 7DB, 7DW,GOLF III 1H1,GOLF II 19E, 1G1<\/p>\n","protected":false},"featured_media":0,"template":"","meta":{"site-sidebar-layout":"default","site-content-layout":"default","ast-global-header-display":"","ast-main-header-display":"","ast-hfb-above-header-display":"","ast-hfb-below-header-display":"","ast-hfb-mobile-header-display":"","site-post-title":"","ast-breadcrumbs-content":"","ast-featured-img":"","footer-sml-layout":"","theme-transparent-header-meta":"","adv-header-id-meta":"","stick-header-meta":"","header-above-stick-meta":"","header-main-stick-meta":"","header-below-stick-meta":""},"pwb-brand":[26],"product_cat":[123],"product_tag":[],"class_list":{"0":"post-93721","1":"product","2":"type-product","3":"status-publish","5":"pwb-brand-elring","6":"product_cat-pakosarjan-tiivisteet","7":"desktop-align-left","8":"tablet-align-left","9":"mobile-align-left","11":"first","12":"instock","13":"product-type-external"},"brands":[{"id":26,"name":"ELRING","slug":"elring"}],"_links":{"self":[{"href":"https:\/\/www.autonvaraosahaku.fi\/index.php?rest_route=\/wp\/v2\/product\/93721","targetHints":{"allow":["GET"]}}],"collection":[{"href":"https:\/\/www.autonvaraosahaku.fi\/index.php?rest_route=\/wp\/v2\/product"}],"about":[{"href":"https:\/\/www.autonvaraosahaku.fi\/index.php?rest_route=\/wp\/v2\/types\/product"}],"wp:attachment":[{"href":"https:\/\/www.autonvaraosahaku.fi\/index.php?rest_route=%2Fwp%2Fv2%2Fmedia&parent=93721"}],"wp:term":[{"taxonomy":"pwb-brand","embeddable":true,"href":"https:\/\/www.autonvaraosahaku.fi\/index.php?rest_route=%2Fwp%2Fv2%2Fpwb-brand&post=93721"},{"taxonomy":"product_cat","embeddable":true,"href":"https:\/\/www.autonvaraosahaku.fi\/index.php?rest_route=%2Fwp%2Fv2%2Fproduct_cat&post=93721"},{"taxonomy":"product_tag","embeddable":true,"href":"https:\/\/www.autonvaraosahaku.fi\/index.php?rest_route=%2Fwp%2Fv2%2Fproduct_tag&post=93721"}],"curies":[{"name":"wp","href":"https:\/\/api.w.org\/{rel}","templated":true}]}}