{"id":93729,"date":"2021-02-21T21:47:14","date_gmt":"2021-02-21T21:47:14","guid":{"rendered":"https:\/\/www.autonvaraosahaku.fi\/?product=elring-521-355-kannentiiviste"},"modified":"2021-02-21T21:47:21","modified_gmt":"2021-02-21T21:47:21","slug":"elring-521-355-kannentiiviste","status":"publish","type":"product","link":"https:\/\/www.autonvaraosahaku.fi\/?product=elring-521-355-kannentiiviste","title":{"rendered":"ELRING 521.355 Kannentiiviste"},"content":{"rendered":"<p>Paksuus [mm]: 1,69; Lovi-\/reik\u00e4lukum\u00e4\u00e4r\u00e4: 1; Tiivistetyyppi: Metalli-fiiberi tiiviste; Tarvittava kappalem\u00e4\u00e4r\u00e4: 4; OPEL: FRONTERA A Sport 5_SUD2,FRONTERA A 5_MWL4; FORD: SCORPIO II GFR, GGR,SCORPIO I GAE, GGE,SCORPIO II Kombi GNR, GGR,SCORPIO I Stufenheck GGE,SCORPIO I Kombi GGE; ALFA ROMEO: 75 162B,164 164,155 167,33 907A,33 905,ALFETTA 116,GIULIETTA 116,33 Sportwagon 905A,6 119,90 162; JEEP: GRAND CHEROKEE II WJ, WG,GRAND CHEROKEE I ZJ,CHEROKEE XJ; LAND ROVER: RANGE ROVER I AE, AN, HAA, HAB, HAM, HBM, RE, RN; CHRYSLER: VOYAGER III GS,VOYAGER II ES,GRAND CARAVAN; DODGE: CARAVAN NS; ROVER: 2000-3500 Hatchback SD1,800 XS,800 Hatchback XS,800 Coupe; ARO: 240-244; VAUXHALL: FRONTERA Mk I A,FRONTERA Mk I A Sport; 60589236, 60605898, 7072601, LVB10057, STC812; Tiiviste, Sylinterikansi<\/p>\n","protected":false},"excerpt":{"rendered":"<p>ELRING Kannentiiviste 521.355 Tiiviste, Sylinterikansi OPEL,FORD,ALFA ROMEO,FRONTERA A Sport 5_SUD2,FRONTERA A 5_MWL4,SCORPIO II GFR, GGR<\/p>\n","protected":false},"featured_media":0,"template":"","meta":{"site-sidebar-layout":"default","site-content-layout":"default","ast-global-header-display":"","ast-main-header-display":"","ast-hfb-above-header-display":"","ast-hfb-below-header-display":"","ast-hfb-mobile-header-display":"","site-post-title":"","ast-breadcrumbs-content":"","ast-featured-img":"","footer-sml-layout":"","theme-transparent-header-meta":"","adv-header-id-meta":"","stick-header-meta":"","header-above-stick-meta":"","header-main-stick-meta":"","header-below-stick-meta":""},"pwb-brand":[26],"product_cat":[230],"product_tag":[],"class_list":{"0":"post-93729","1":"product","2":"type-product","3":"status-publish","5":"pwb-brand-elring","6":"product_cat-kannentiiviste","7":"desktop-align-left","8":"tablet-align-left","9":"mobile-align-left","11":"first","12":"instock","13":"product-type-external"},"brands":[{"id":26,"name":"ELRING","slug":"elring"}],"_links":{"self":[{"href":"https:\/\/www.autonvaraosahaku.fi\/index.php?rest_route=\/wp\/v2\/product\/93729","targetHints":{"allow":["GET"]}}],"collection":[{"href":"https:\/\/www.autonvaraosahaku.fi\/index.php?rest_route=\/wp\/v2\/product"}],"about":[{"href":"https:\/\/www.autonvaraosahaku.fi\/index.php?rest_route=\/wp\/v2\/types\/product"}],"wp:attachment":[{"href":"https:\/\/www.autonvaraosahaku.fi\/index.php?rest_route=%2Fwp%2Fv2%2Fmedia&parent=93729"}],"wp:term":[{"taxonomy":"pwb-brand","embeddable":true,"href":"https:\/\/www.autonvaraosahaku.fi\/index.php?rest_route=%2Fwp%2Fv2%2Fpwb-brand&post=93729"},{"taxonomy":"product_cat","embeddable":true,"href":"https:\/\/www.autonvaraosahaku.fi\/index.php?rest_route=%2Fwp%2Fv2%2Fproduct_cat&post=93729"},{"taxonomy":"product_tag","embeddable":true,"href":"https:\/\/www.autonvaraosahaku.fi\/index.php?rest_route=%2Fwp%2Fv2%2Fproduct_tag&post=93729"}],"curies":[{"name":"wp","href":"https:\/\/api.w.org\/{rel}","templated":true}]}}