{"id":93731,"date":"2021-02-21T21:47:23","date_gmt":"2021-02-21T21:47:23","guid":{"rendered":"https:\/\/www.autonvaraosahaku.fi\/?product=elring-489-860-kannentiiviste"},"modified":"2021-02-21T21:47:24","modified_gmt":"2021-02-21T21:47:24","slug":"elring-489-860-kannentiiviste","status":"publish","type":"product","link":"https:\/\/www.autonvaraosahaku.fi\/?product=elring-489-860-kannentiiviste","title":{"rendered":"ELRING 489.860 Kannentiiviste"},"content":{"rendered":"<p>Tiivistetyyppi: Metalli-kerros tiiviste; Korvaava tuote\/korvaava tiedote 2: asennushylsyill\u00e4, V\u00e4lilevyll\u00e4; Lis\u00e4ksi tarvittavat tuotteet (tuotenumero): 049.630; LAND ROVER: FREELANDER LN,FREELANDER Soft Top; ROVER: 75 RJ,75 Tourer RJ,25 RF,200 RF,45 Stufenheck RT,45 RT,400 RT,CABRIOLET XW,400 Hatchback RT,STREETWISE,200 Hatchback XW,200 Coupe XW,400 Tourer XW,CITYROVER,100 \/ METRO XP,400 XW,100 Cabriolet XP,COUPE; MG: MGF RD,MG TF,MG ZR,MG ZT- T,MG ZS,MG ZT,MG ZS Hatchback,MG 6 Schr\u00e4gheck,EXPRESS Kasten; CATERHAM: SEVEN CF,21; LOTUS: ELISE; LVB500190; Tiiviste, Sylinterikansi<\/p>\n","protected":false},"excerpt":{"rendered":"<p>ELRING Kannentiiviste 489.860 Tiiviste, Sylinterikansi LAND ROVER,ROVER,MG,FREELANDER LN,FREELANDER Soft Top,75 RJ,75 Tourer RJ,25 RF,200 RF<\/p>\n","protected":false},"featured_media":0,"template":"","meta":{"site-sidebar-layout":"default","site-content-layout":"default","ast-global-header-display":"","ast-main-header-display":"","ast-hfb-above-header-display":"","ast-hfb-below-header-display":"","ast-hfb-mobile-header-display":"","site-post-title":"","ast-breadcrumbs-content":"","ast-featured-img":"","footer-sml-layout":"","theme-transparent-header-meta":"","adv-header-id-meta":"","stick-header-meta":"","header-above-stick-meta":"","header-main-stick-meta":"","header-below-stick-meta":""},"pwb-brand":[26],"product_cat":[230],"product_tag":[],"class_list":{"0":"post-93731","1":"product","2":"type-product","3":"status-publish","5":"pwb-brand-elring","6":"product_cat-kannentiiviste","7":"desktop-align-left","8":"tablet-align-left","9":"mobile-align-left","11":"first","12":"instock","13":"product-type-external"},"brands":[{"id":26,"name":"ELRING","slug":"elring"}],"_links":{"self":[{"href":"https:\/\/www.autonvaraosahaku.fi\/index.php?rest_route=\/wp\/v2\/product\/93731","targetHints":{"allow":["GET"]}}],"collection":[{"href":"https:\/\/www.autonvaraosahaku.fi\/index.php?rest_route=\/wp\/v2\/product"}],"about":[{"href":"https:\/\/www.autonvaraosahaku.fi\/index.php?rest_route=\/wp\/v2\/types\/product"}],"wp:attachment":[{"href":"https:\/\/www.autonvaraosahaku.fi\/index.php?rest_route=%2Fwp%2Fv2%2Fmedia&parent=93731"}],"wp:term":[{"taxonomy":"pwb-brand","embeddable":true,"href":"https:\/\/www.autonvaraosahaku.fi\/index.php?rest_route=%2Fwp%2Fv2%2Fpwb-brand&post=93731"},{"taxonomy":"product_cat","embeddable":true,"href":"https:\/\/www.autonvaraosahaku.fi\/index.php?rest_route=%2Fwp%2Fv2%2Fproduct_cat&post=93731"},{"taxonomy":"product_tag","embeddable":true,"href":"https:\/\/www.autonvaraosahaku.fi\/index.php?rest_route=%2Fwp%2Fv2%2Fproduct_tag&post=93731"}],"curies":[{"name":"wp","href":"https:\/\/api.w.org\/{rel}","templated":true}]}}