{"id":93745,"date":"2021-02-21T21:47:23","date_gmt":"2021-02-21T21:47:23","guid":{"rendered":"https:\/\/www.autonvaraosahaku.fi\/?product=ate-24-0124-0199-1-jarrulevyt"},"modified":"2021-02-21T21:47:29","modified_gmt":"2021-02-21T21:47:29","slug":"ate-24-0124-0199-1-jarrulevyt","status":"publish","type":"product","link":"https:\/\/www.autonvaraosahaku.fi\/?product=ate-24-0124-0199-1-jarrulevyt","title":{"rendered":"ATE 24.0124-0199.1 Jarrulevyt"},"content":{"rendered":"<p>Ulkol\u00e4pimitta [mm]: 256,0; Jarrulevyn paksuus (mm): 24,0; V\u00e4himm\u00e4ispaksuus (mm): 21,0; Jarrulevytyyppi: Tuuletettu; Pinta: pinnoitettu; Reikien m\u00e4\u00e4r\u00e4: 4; Reik\u00e4ympyr\u00e4-\u00d8 [mm]: 114,3; Korkeus (mm): 46,8; keskitt\u00e4misl\u00e4pimitta [mm]: 60,0; Sis\u00e4l\u00e4pimitta [mm]: 141,0; Reik\u00e4-\u00d8 [mm]: 12,6; Korvaava tuote\/korvaava tiedote 2: Ruuveilla; MAPP-koodi saatavilla: ; Tarkistuskilpi: E1 90R-02C0115\/0216; Valmistusvuoteen: 12\/2010; CHEVROLET: NUBIRA Kombi,LACETTI J200,REZZO,EVANDA,NUBIRA Stufenheck,LACETTI Kombi J200,LACETTI Stufenheck; DAEWOO: REZZO KLAU,EVANDA KLAL,LACETTI Schr\u00e4gheck KLAN,NUBIRA Stufenheck KLAN,NUBIRA Wagon KLAN,NUBIRA KLAJ,LACETTI J150  Stufenheck; 96264591, 96328338, 96549782, 96264591, 96328338, 96549782; Jarrulevy<\/p>\n","protected":false},"excerpt":{"rendered":"<p>ATE Jarrulevyt 24.0124-0199.1 Jarrulevy CHEVROLET,DAEWOO,NUBIRA Kombi,LACETTI J200,REZZO,EVANDA,NUBIRA Stufenheck,LACETTI Kombi J200<\/p>\n","protected":false},"featured_media":0,"template":"","meta":{"site-sidebar-layout":"default","site-content-layout":"default","ast-global-header-display":"","ast-main-header-display":"","ast-hfb-above-header-display":"","ast-hfb-below-header-display":"","ast-hfb-mobile-header-display":"","site-post-title":"","ast-breadcrumbs-content":"","ast-featured-img":"","footer-sml-layout":"","theme-transparent-header-meta":"","adv-header-id-meta":"","stick-header-meta":"","header-above-stick-meta":"","header-main-stick-meta":"","header-below-stick-meta":""},"pwb-brand":[108],"product_cat":[66],"product_tag":[],"class_list":{"0":"post-93745","1":"product","2":"type-product","3":"status-publish","5":"pwb-brand-ate","6":"product_cat-jarrulevyt","7":"desktop-align-left","8":"tablet-align-left","9":"mobile-align-left","11":"first","12":"instock","13":"product-type-external"},"brands":[{"id":108,"name":"ATE","slug":"ate"}],"_links":{"self":[{"href":"https:\/\/www.autonvaraosahaku.fi\/index.php?rest_route=\/wp\/v2\/product\/93745","targetHints":{"allow":["GET"]}}],"collection":[{"href":"https:\/\/www.autonvaraosahaku.fi\/index.php?rest_route=\/wp\/v2\/product"}],"about":[{"href":"https:\/\/www.autonvaraosahaku.fi\/index.php?rest_route=\/wp\/v2\/types\/product"}],"wp:attachment":[{"href":"https:\/\/www.autonvaraosahaku.fi\/index.php?rest_route=%2Fwp%2Fv2%2Fmedia&parent=93745"}],"wp:term":[{"taxonomy":"pwb-brand","embeddable":true,"href":"https:\/\/www.autonvaraosahaku.fi\/index.php?rest_route=%2Fwp%2Fv2%2Fpwb-brand&post=93745"},{"taxonomy":"product_cat","embeddable":true,"href":"https:\/\/www.autonvaraosahaku.fi\/index.php?rest_route=%2Fwp%2Fv2%2Fproduct_cat&post=93745"},{"taxonomy":"product_tag","embeddable":true,"href":"https:\/\/www.autonvaraosahaku.fi\/index.php?rest_route=%2Fwp%2Fv2%2Fproduct_tag&post=93745"}],"curies":[{"name":"wp","href":"https:\/\/api.w.org\/{rel}","templated":true}]}}