{"id":93747,"date":"2021-02-21T21:47:23","date_gmt":"2021-02-21T21:47:23","guid":{"rendered":"https:\/\/www.autonvaraosahaku.fi\/?product=ate-24-0124-0159-1-jarrulevyt"},"modified":"2021-02-21T21:47:30","modified_gmt":"2021-02-21T21:47:30","slug":"ate-24-0124-0159-1-jarrulevyt","status":"publish","type":"product","link":"https:\/\/www.autonvaraosahaku.fi\/?product=ate-24-0124-0159-1-jarrulevyt","title":{"rendered":"ATE 24.0124-0159.1 Jarrulevyt"},"content":{"rendered":"<p>Ulkol\u00e4pimitta [mm]: 281,0; Jarrulevyn paksuus (mm): 23,9; V\u00e4himm\u00e4ispaksuus (mm): 21,5; Jarrulevytyyppi: Tuuletettu; Reikien m\u00e4\u00e4r\u00e4: 4; Pinta: pinnoitettu; MAPP-koodi saatavilla: ; Korkeus (mm): 45,7; keskitt\u00e4misl\u00e4pimitta [mm]: 69,0; Sis\u00e4l\u00e4pimitta [mm]: 146,5; Reik\u00e4ympyr\u00e4-\u00d8 [mm]: 114,3; Reik\u00e4-\u00d8 [mm]: 12,5; Tarkistuskilpi: E1 90R-02C0118\/0271; Asennuspuoli: Vorderachse; VOLVO: V40 Kombi VW,S40 I VS; MITSUBISHI: CARISMA DA_,CARISMA Stufenheck DA_; M818027, 30818027; Jarrulevy<\/p>\n","protected":false},"excerpt":{"rendered":"<p>ATE Jarrulevyt 24.0124-0159.1 Jarrulevy VOLVO,MITSUBISHI,V40 Kombi VW,S40 I VS,CARISMA DA_,CARISMA Stufenheck DA_<\/p>\n","protected":false},"featured_media":0,"template":"","meta":{"site-sidebar-layout":"default","site-content-layout":"default","ast-global-header-display":"","ast-main-header-display":"","ast-hfb-above-header-display":"","ast-hfb-below-header-display":"","ast-hfb-mobile-header-display":"","site-post-title":"","ast-breadcrumbs-content":"","ast-featured-img":"","footer-sml-layout":"","theme-transparent-header-meta":"","adv-header-id-meta":"","stick-header-meta":"","header-above-stick-meta":"","header-main-stick-meta":"","header-below-stick-meta":""},"pwb-brand":[108],"product_cat":[66],"product_tag":[],"class_list":{"0":"post-93747","1":"product","2":"type-product","3":"status-publish","5":"pwb-brand-ate","6":"product_cat-jarrulevyt","7":"desktop-align-left","8":"tablet-align-left","9":"mobile-align-left","11":"first","12":"instock","13":"product-type-external"},"brands":[{"id":108,"name":"ATE","slug":"ate"}],"_links":{"self":[{"href":"https:\/\/www.autonvaraosahaku.fi\/index.php?rest_route=\/wp\/v2\/product\/93747","targetHints":{"allow":["GET"]}}],"collection":[{"href":"https:\/\/www.autonvaraosahaku.fi\/index.php?rest_route=\/wp\/v2\/product"}],"about":[{"href":"https:\/\/www.autonvaraosahaku.fi\/index.php?rest_route=\/wp\/v2\/types\/product"}],"wp:attachment":[{"href":"https:\/\/www.autonvaraosahaku.fi\/index.php?rest_route=%2Fwp%2Fv2%2Fmedia&parent=93747"}],"wp:term":[{"taxonomy":"pwb-brand","embeddable":true,"href":"https:\/\/www.autonvaraosahaku.fi\/index.php?rest_route=%2Fwp%2Fv2%2Fpwb-brand&post=93747"},{"taxonomy":"product_cat","embeddable":true,"href":"https:\/\/www.autonvaraosahaku.fi\/index.php?rest_route=%2Fwp%2Fv2%2Fproduct_cat&post=93747"},{"taxonomy":"product_tag","embeddable":true,"href":"https:\/\/www.autonvaraosahaku.fi\/index.php?rest_route=%2Fwp%2Fv2%2Fproduct_tag&post=93747"}],"curies":[{"name":"wp","href":"https:\/\/api.w.org\/{rel}","templated":true}]}}