{"id":93757,"date":"2021-02-21T21:47:31","date_gmt":"2021-02-21T21:47:31","guid":{"rendered":"https:\/\/www.autonvaraosahaku.fi\/?product=elring-124-870-tiivisteet"},"modified":"2021-02-21T21:47:34","modified_gmt":"2021-02-21T21:47:34","slug":"elring-124-870-tiivisteet","status":"publish","type":"product","link":"https:\/\/www.autonvaraosahaku.fi\/?product=elring-124-870-tiivisteet","title":{"rendered":"ELRING 124.870 Tiivisteet"},"content":{"rendered":"<p>Sis\u00e4l\u00e4pimitta [mm]: 7; Ulkol\u00e4pimitta [mm]: 15,1; Paksuus [mm]: 1,5; Materiaali: Kupari; OE-numerolle: 906 017 02 60; Tarvittava kappalem\u00e4\u00e4r\u00e4: 6; MERCEDES-BENZ: VARIO Kasten\/Kombi,VARIO Pritsche\/Fahrgestell,VARIO Kipper,VARIO Bus,VARIO Triebkopf,ACCELO,ACTROS,ACTROS MP2 \/ MP3,ACTROS MP4 \/ MP5,ALLEGRO,ANTOS,AROCS,ATEGO,ATEGO 2,ATRON,AXOR,AXOR 2,BOXER,CAPACITY,CITARO (O 530),CITO (O 520),CONECTO (O 345),ECONIC,FPN (FlatNose),HPN (LongNose),LK\/LN2,LO,OF,OH,OMC,TORINO,TOURO (O 500),UNIMOG; VOLVO: 7400,8400,8700,8900,9100,9400,B6,B7,FE,FE II,FL II,FL III,VLE; WESTERN STAR: 4800,4900,5800; SETRA: Series 400,Series 500; RENAULT TRUCKS: MIDLUM,PREMIUM 2; PLAXTON: BEAVER,CENTRO; OPTARE: SOLO,SOLO SR,TORO,VERSA; NEOPLAN: Skyliner,Starliner; FREIGHTLINER: ARGOSY,CASCADIA,COLUMBIA,CORONADO; FUSO (MITSUBISHI): Shogun; 51987010114, 9060170260; Tiiviste Suuttimen Pidin<\/p>\n","protected":false},"excerpt":{"rendered":"<p>ELRING Tiiviste Suutinistukka 124.870 Tiiviste Suuttimen Pidin MERCEDES-BENZ,VOLVO,WESTERN STAR,VARIO Kasten\/Kombi,VARIO Pritsche\/Fahrgestell<\/p>\n","protected":false},"featured_media":0,"template":"","meta":{"site-sidebar-layout":"default","site-content-layout":"default","ast-global-header-display":"","ast-main-header-display":"","ast-hfb-above-header-display":"","ast-hfb-below-header-display":"","ast-hfb-mobile-header-display":"","site-post-title":"","ast-breadcrumbs-content":"","ast-featured-img":"","footer-sml-layout":"","theme-transparent-header-meta":"","adv-header-id-meta":"","stick-header-meta":"","header-above-stick-meta":"","header-main-stick-meta":"","header-below-stick-meta":""},"pwb-brand":[26],"product_cat":[27],"product_tag":[],"class_list":{"0":"post-93757","1":"product","2":"type-product","3":"status-publish","5":"pwb-brand-elring","6":"product_cat-tiivisteet","7":"desktop-align-left","8":"tablet-align-left","9":"mobile-align-left","11":"first","12":"instock","13":"product-type-external"},"brands":[{"id":26,"name":"ELRING","slug":"elring"}],"_links":{"self":[{"href":"https:\/\/www.autonvaraosahaku.fi\/index.php?rest_route=\/wp\/v2\/product\/93757","targetHints":{"allow":["GET"]}}],"collection":[{"href":"https:\/\/www.autonvaraosahaku.fi\/index.php?rest_route=\/wp\/v2\/product"}],"about":[{"href":"https:\/\/www.autonvaraosahaku.fi\/index.php?rest_route=\/wp\/v2\/types\/product"}],"wp:attachment":[{"href":"https:\/\/www.autonvaraosahaku.fi\/index.php?rest_route=%2Fwp%2Fv2%2Fmedia&parent=93757"}],"wp:term":[{"taxonomy":"pwb-brand","embeddable":true,"href":"https:\/\/www.autonvaraosahaku.fi\/index.php?rest_route=%2Fwp%2Fv2%2Fpwb-brand&post=93757"},{"taxonomy":"product_cat","embeddable":true,"href":"https:\/\/www.autonvaraosahaku.fi\/index.php?rest_route=%2Fwp%2Fv2%2Fproduct_cat&post=93757"},{"taxonomy":"product_tag","embeddable":true,"href":"https:\/\/www.autonvaraosahaku.fi\/index.php?rest_route=%2Fwp%2Fv2%2Fproduct_tag&post=93757"}],"curies":[{"name":"wp","href":"https:\/\/api.w.org\/{rel}","templated":true}]}}