{"id":93768,"date":"2021-02-21T21:47:31","date_gmt":"2021-02-21T21:47:31","guid":{"rendered":"https:\/\/www.autonvaraosahaku.fi\/?product=ate-24-0111-0148-2-jarrulevyt"},"modified":"2021-02-21T21:47:38","modified_gmt":"2021-02-21T21:47:38","slug":"ate-24-0111-0148-2-jarrulevyt","status":"publish","type":"product","link":"https:\/\/www.autonvaraosahaku.fi\/?product=ate-24-0111-0148-2-jarrulevyt","title":{"rendered":"ATE 24.0111-0148.2 Jarrulevyt"},"content":{"rendered":"<p>Ulkol\u00e4pimitta [mm]: 274,0; Jarrulevyn paksuus (mm): 10,9; V\u00e4himm\u00e4ispaksuus (mm): 9,5; Jarrulevytyyppi: Vakiomalli; Reikien m\u00e4\u00e4r\u00e4: 4; Pinta: pinnoitettu; Korvaava tuote\/korvaava tiedote 2: laakerilla, ABS-sensorirenkaalla; L\u00e4pimitta sis\u00e4\u00e4notto [mm]: 30; Reik\u00e4ympyr\u00e4-\u00d8 [mm]: 100,0; Korkeus (mm): 82,2; keskitt\u00e4misl\u00e4pimitta [mm]: 62,0; Sis\u00e4l\u00e4pimitta [mm]: 52,3; Kierremitta: M12x1,5; MAPP-koodi saatavilla: ; Valmistusvuoteen: 03\/2009; RENAULT: GRAND SC\u00c9NIC II JM0\/1_; 7701208230; Jarrulevy<\/p>\n","protected":false},"excerpt":{"rendered":"<p>ATE Jarrulevyt 24.0111-0148.2 Jarrulevy RENAULT,GRAND SC\u00c9NIC II JM0\/1_<\/p>\n","protected":false},"featured_media":0,"template":"","meta":{"site-sidebar-layout":"default","site-content-layout":"default","ast-global-header-display":"","ast-main-header-display":"","ast-hfb-above-header-display":"","ast-hfb-below-header-display":"","ast-hfb-mobile-header-display":"","site-post-title":"","ast-breadcrumbs-content":"","ast-featured-img":"","footer-sml-layout":"","theme-transparent-header-meta":"","adv-header-id-meta":"","stick-header-meta":"","header-above-stick-meta":"","header-main-stick-meta":"","header-below-stick-meta":""},"pwb-brand":[108],"product_cat":[66],"product_tag":[],"class_list":{"0":"post-93768","1":"product","2":"type-product","3":"status-publish","5":"pwb-brand-ate","6":"product_cat-jarrulevyt","7":"desktop-align-left","8":"tablet-align-left","9":"mobile-align-left","11":"first","12":"instock","13":"product-type-external"},"brands":[{"id":108,"name":"ATE","slug":"ate"}],"_links":{"self":[{"href":"https:\/\/www.autonvaraosahaku.fi\/index.php?rest_route=\/wp\/v2\/product\/93768","targetHints":{"allow":["GET"]}}],"collection":[{"href":"https:\/\/www.autonvaraosahaku.fi\/index.php?rest_route=\/wp\/v2\/product"}],"about":[{"href":"https:\/\/www.autonvaraosahaku.fi\/index.php?rest_route=\/wp\/v2\/types\/product"}],"wp:attachment":[{"href":"https:\/\/www.autonvaraosahaku.fi\/index.php?rest_route=%2Fwp%2Fv2%2Fmedia&parent=93768"}],"wp:term":[{"taxonomy":"pwb-brand","embeddable":true,"href":"https:\/\/www.autonvaraosahaku.fi\/index.php?rest_route=%2Fwp%2Fv2%2Fpwb-brand&post=93768"},{"taxonomy":"product_cat","embeddable":true,"href":"https:\/\/www.autonvaraosahaku.fi\/index.php?rest_route=%2Fwp%2Fv2%2Fproduct_cat&post=93768"},{"taxonomy":"product_tag","embeddable":true,"href":"https:\/\/www.autonvaraosahaku.fi\/index.php?rest_route=%2Fwp%2Fv2%2Fproduct_tag&post=93768"}],"curies":[{"name":"wp","href":"https:\/\/api.w.org\/{rel}","templated":true}]}}